{"id":4419,"date":"2026-01-14T17:31:00","date_gmt":"2026-01-14T17:31:00","guid":{"rendered":"https:\/\/myliusvara.lt\/uncategorized\/emsal-parketam-ar-bioprotect-1l\/"},"modified":"2026-01-14T17:31:00","modified_gmt":"2026-01-14T17:31:00","slug":"emsal-parketam-ar-bioprotect-1l","status":"publish","type":"product","link":"https:\/\/myliusvara.lt\/lv\/gridu-mebelu-un-paklaju-tirisanas-lidzekli\/emsal-parketam-ar-bioprotect-1l\/","title":{"rendered":"Emsal &#8211; Parketam ar BIOPROTECT\u00ae 1L"},"content":{"rendered":"<p>Aizsarg\u0101 parketa savienojumus un malas no mitruma, pie\u0161\u0137ir sp\u012bdumu un uzsver koka kr\u0101su. L\u012bdzeklis neatst\u0101j k\u0101rtas, piem\u0113rots lakotam, e\u013c\u013cotam un vaskotam parketam. Lieto\u0161ana: 5 litros silta \u016bdens ielieciet 2 v\u0101ci\u0146us l\u012bdzek\u013ca. T\u012briet ar samitrin\u0101tu lupatu. Nep\u0101rmirciet gr\u012bdas \u2014 pietiek ar vieglu mitrumu. Glab\u0101t b\u0113rniem nepieejam\u0101 viet\u0101. Sast\u0101vs: maz\u0101k nek\u0101 5% nejonisko virsmakt\u012bvo vielu. Ra\u017eots V\u0101cij\u0101.<\/p>\n","protected":false},"excerpt":{"rendered":"<p>Aizsarg\u0101 parketa savienojumus un malas no mitruma, pie\u0161\u0137ir sp\u012bdumu un uzsver koka kr\u0101su. L\u012bdzeklis neatst\u0101j k\u0101rtas, piem\u0113rots lakotam, e\u013c\u013cotam un vaskotam parketam. Lieto\u0161ana: 5 litros silta \u016bdens ielieciet 2 v\u0101ci\u0146us l\u012bdzek\u013ca. T\u012briet ar samitrin\u0101tu lupatu. Nep\u0101rmirciet gr\u012bdas \u2014 pietiek ar vieglu mitrumu. Glab\u0101t b\u0113rniem nepieejam\u0101 viet\u0101. Sast\u0101vs: maz\u0101k nek\u0101 5% nejonisko virsmakt\u012bvo vielu. Ra\u017eots V\u0101cij\u0101.<\/p>\n","protected":false},"featured_media":3496,"comment_status":"open","ping_status":"closed","template":"","meta":[],"product_brand":[213],"product_cat":[158],"product_tag":[],"class_list":{"0":"post-4419","1":"product","2":"type-product","3":"status-publish","4":"has-post-thumbnail","6":"product_brand-emsal","7":"product_cat-gridu-mebelu-un-paklaju-tirisanas-lidzekli","9":"first","10":"instock","11":"shipping-taxable","12":"purchasable","13":"product-type-simple"},"_links":{"self":[{"href":"https:\/\/myliusvara.lt\/lv\/wp-json\/wp\/v2\/product\/4419","targetHints":{"allow":["GET"]}}],"collection":[{"href":"https:\/\/myliusvara.lt\/lv\/wp-json\/wp\/v2\/product"}],"about":[{"href":"https:\/\/myliusvara.lt\/lv\/wp-json\/wp\/v2\/types\/product"}],"replies":[{"embeddable":true,"href":"https:\/\/myliusvara.lt\/lv\/wp-json\/wp\/v2\/comments?post=4419"}],"wp:featuredmedia":[{"embeddable":true,"href":"https:\/\/myliusvara.lt\/lv\/wp-json\/wp\/v2\/media\/3496"}],"wp:attachment":[{"href":"https:\/\/myliusvara.lt\/lv\/wp-json\/wp\/v2\/media?parent=4419"}],"wp:term":[{"taxonomy":"product_brand","embeddable":true,"href":"https:\/\/myliusvara.lt\/lv\/wp-json\/wp\/v2\/product_brand?post=4419"},{"taxonomy":"product_cat","embeddable":true,"href":"https:\/\/myliusvara.lt\/lv\/wp-json\/wp\/v2\/product_cat?post=4419"},{"taxonomy":"product_tag","embeddable":true,"href":"https:\/\/myliusvara.lt\/lv\/wp-json\/wp\/v2\/product_tag?post=4419"}],"curies":[{"name":"wp","href":"https:\/\/api.w.org\/{rel}","templated":true}]}}