{"id":4418,"date":"2026-01-14T17:31:00","date_gmt":"2026-01-14T17:31:00","guid":{"rendered":"https:\/\/myliusvara.lt\/uncategorized\/emsal-gridu-tiritajs-akmenam-un-flizem-1l\/"},"modified":"2026-01-14T17:31:00","modified_gmt":"2026-01-14T17:31:00","slug":"emsal-gridu-tiritajs-akmenam-un-flizem-1l","status":"publish","type":"product","link":"https:\/\/myliusvara.lt\/lv\/gridu-mebelu-un-paklaju-tirisanas-lidzekli\/emsal-gridu-tiritajs-akmenam-un-flizem-1l\/","title":{"rendered":"Emsal &#8211; Gr\u012bdu t\u012br\u012bt\u0101js akmenam un fl\u012bz\u0113m 1L"},"content":{"rendered":"<p>T\u012br\u012bt\u0101js paredz\u0113ts dab\u012bg\u0101 akmens, keramikas un glaz\u0113tu fl\u012b\u017eu gr\u012bdu t\u012br\u012b\u0161anai un kop\u0161anai. Efekt\u012bvi no\u0146em net\u012brumus, neatst\u0101j sv\u012btras un pal\u012bdz uztur\u0113t virsmu t\u012bru un kopto. Piem\u0113rots iek\u0161telpu un \u0101ra gr\u012bd\u0101m. Lieto\u0161ana: ielieciet 2 v\u0101ci\u0146us l\u012bdzek\u013ca 5 litros v\u0113sa \u016bdens. T\u012briet gr\u012bdas ar labi izgrieztu lupatu. Nav nepiecie\u0161ams skalot. Glab\u0101t b\u0113rniem nepieejam\u0101 viet\u0101. Ra\u017eots V\u0101cij\u0101.<\/p>\n","protected":false},"excerpt":{"rendered":"<p>T\u012br\u012bt\u0101js paredz\u0113ts dab\u012bg\u0101 akmens, keramikas un glaz\u0113tu fl\u012b\u017eu gr\u012bdu t\u012br\u012b\u0161anai un kop\u0161anai. Efekt\u012bvi no\u0146em net\u012brumus, neatst\u0101j sv\u012btras un pal\u012bdz uztur\u0113t virsmu t\u012bru un kopto. Piem\u0113rots iek\u0161telpu un \u0101ra gr\u012bd\u0101m. Lieto\u0161ana: ielieciet 2 v\u0101ci\u0146us l\u012bdzek\u013ca 5 litros v\u0113sa \u016bdens. T\u012briet gr\u012bdas ar labi izgrieztu lupatu. Nav nepiecie\u0161ams skalot. Glab\u0101t b\u0113rniem nepieejam\u0101 viet\u0101. Ra\u017eots V\u0101cij\u0101.<\/p>\n","protected":false},"featured_media":3487,"comment_status":"open","ping_status":"closed","template":"","meta":[],"product_brand":[213],"product_cat":[158],"product_tag":[],"class_list":{"0":"post-4418","1":"product","2":"type-product","3":"status-publish","4":"has-post-thumbnail","6":"product_brand-emsal","7":"product_cat-gridu-mebelu-un-paklaju-tirisanas-lidzekli","9":"first","10":"instock","11":"shipping-taxable","12":"purchasable","13":"product-type-simple"},"_links":{"self":[{"href":"https:\/\/myliusvara.lt\/lv\/wp-json\/wp\/v2\/product\/4418","targetHints":{"allow":["GET"]}}],"collection":[{"href":"https:\/\/myliusvara.lt\/lv\/wp-json\/wp\/v2\/product"}],"about":[{"href":"https:\/\/myliusvara.lt\/lv\/wp-json\/wp\/v2\/types\/product"}],"replies":[{"embeddable":true,"href":"https:\/\/myliusvara.lt\/lv\/wp-json\/wp\/v2\/comments?post=4418"}],"wp:featuredmedia":[{"embeddable":true,"href":"https:\/\/myliusvara.lt\/lv\/wp-json\/wp\/v2\/media\/3487"}],"wp:attachment":[{"href":"https:\/\/myliusvara.lt\/lv\/wp-json\/wp\/v2\/media?parent=4418"}],"wp:term":[{"taxonomy":"product_brand","embeddable":true,"href":"https:\/\/myliusvara.lt\/lv\/wp-json\/wp\/v2\/product_brand?post=4418"},{"taxonomy":"product_cat","embeddable":true,"href":"https:\/\/myliusvara.lt\/lv\/wp-json\/wp\/v2\/product_cat?post=4418"},{"taxonomy":"product_tag","embeddable":true,"href":"https:\/\/myliusvara.lt\/lv\/wp-json\/wp\/v2\/product_tag?post=4418"}],"curies":[{"name":"wp","href":"https:\/\/api.w.org\/{rel}","templated":true}]}}