{"id":4415,"date":"2026-01-14T17:31:01","date_gmt":"2026-01-14T17:31:01","guid":{"rendered":"https:\/\/myliusvara.lt\/uncategorized\/rorax-caurulisu-tiritajs-granulas-600g\/"},"modified":"2026-01-14T17:31:01","modified_gmt":"2026-01-14T17:31:01","slug":"rorax-caurulisu-tiritajs-granulas-600g","status":"publish","type":"product","link":"https:\/\/myliusvara.lt\/lv\/vannas-istabas-tualetes-kanalizacijas-tirisanas-lidzekli\/rorax-caurulisu-tiritajs-granulas-600g\/","title":{"rendered":"Rorax Caurul\u012b\u0161u t\u012br\u012bt\u0101js granulas 600g"},"content":{"rendered":"<p>Piem\u0113rots visu veidu caurul\u0113m. No\u0146em nepat\u012bkamas smakas. Lieto\u0161anai vannas istab\u0101 un virtuv\u0113. Jaud\u012bga formula efekt\u012bvi no\u0146em pat visstipr\u0101kos aizs\u0113r\u0113jumus. Lieto\u0161ana: No\u0146emiet \u016bdeni no noteces atveres. Nodro\u0161iniet atbilsto\u0161u ventil\u0101ciju. Pagrieziet pudeli tikai vienu reizi \u2014 doz\u0113\u0161ana notiek autom\u0101tiski. Uzlejiet divas kr\u016bz\u012btes (250 ml) silta \u016bdens un p\u0113c 3 min\u016bt\u0113m labi noskalojiet ar siltu \u016bdeni. Ra\u017eots V\u0101cij\u0101.<\/p>\n","protected":false},"excerpt":{"rendered":"<p>Piem\u0113rots visu veidu caurul\u0113m. No\u0146em nepat\u012bkamas smakas. Lieto\u0161anai vannas istab\u0101 un virtuv\u0113. Jaud\u012bga formula efekt\u012bvi no\u0146em pat visstipr\u0101kos aizs\u0113r\u0113jumus. Lieto\u0161ana: No\u0146emiet \u016bdeni no noteces atveres. Nodro\u0161iniet atbilsto\u0161u ventil\u0101ciju. Pagrieziet pudeli tikai vienu reizi \u2014 doz\u0113\u0161ana notiek autom\u0101tiski. Uzlejiet divas kr\u016bz\u012btes (250 ml) silta \u016bdens un p\u0113c 3 min\u016bt\u0113m labi noskalojiet ar siltu \u016bdeni. Ra\u017eots V\u0101cij\u0101.<\/p>\n","protected":false},"featured_media":3503,"comment_status":"open","ping_status":"closed","template":"","meta":[],"product_brand":[215],"product_cat":[151],"product_tag":[],"class_list":{"0":"post-4415","1":"product","2":"type-product","3":"status-publish","4":"has-post-thumbnail","6":"product_brand-rorax","7":"product_cat-vannas-istabas-tualetes-kanalizacijas-tirisanas-lidzekli","9":"first","10":"instock","11":"shipping-taxable","12":"purchasable","13":"product-type-simple"},"_links":{"self":[{"href":"https:\/\/myliusvara.lt\/lv\/wp-json\/wp\/v2\/product\/4415","targetHints":{"allow":["GET"]}}],"collection":[{"href":"https:\/\/myliusvara.lt\/lv\/wp-json\/wp\/v2\/product"}],"about":[{"href":"https:\/\/myliusvara.lt\/lv\/wp-json\/wp\/v2\/types\/product"}],"replies":[{"embeddable":true,"href":"https:\/\/myliusvara.lt\/lv\/wp-json\/wp\/v2\/comments?post=4415"}],"wp:featuredmedia":[{"embeddable":true,"href":"https:\/\/myliusvara.lt\/lv\/wp-json\/wp\/v2\/media\/3503"}],"wp:attachment":[{"href":"https:\/\/myliusvara.lt\/lv\/wp-json\/wp\/v2\/media?parent=4415"}],"wp:term":[{"taxonomy":"product_brand","embeddable":true,"href":"https:\/\/myliusvara.lt\/lv\/wp-json\/wp\/v2\/product_brand?post=4415"},{"taxonomy":"product_cat","embeddable":true,"href":"https:\/\/myliusvara.lt\/lv\/wp-json\/wp\/v2\/product_cat?post=4415"},{"taxonomy":"product_tag","embeddable":true,"href":"https:\/\/myliusvara.lt\/lv\/wp-json\/wp\/v2\/product_tag?post=4415"}],"curies":[{"name":"wp","href":"https:\/\/api.w.org\/{rel}","templated":true}]}}