{"id":4414,"date":"2026-01-14T17:31:01","date_gmt":"2026-01-14T17:31:01","guid":{"rendered":"https:\/\/myliusvara.lt\/uncategorized\/rorax-caurulisu-tiritajs-granulas-vienreizejs-60g\/"},"modified":"2026-01-14T17:31:01","modified_gmt":"2026-01-14T17:31:01","slug":"rorax-caurulisu-tiritajs-granulas-vienreizejs-60g","status":"publish","type":"product","link":"https:\/\/myliusvara.lt\/lv\/vannas-istabas-tualetes-kanalizacijas-tirisanas-lidzekli\/rorax-caurulisu-tiritajs-granulas-vienreizejs-60g\/","title":{"rendered":"Rorax Caurul\u012b\u0161u t\u012br\u012bt\u0101js granulas (vienreiz\u0113js 60g)"},"content":{"rendered":"<p>RORAX 60g granulas, izgatavotas p\u0113c \u012bpa\u0161i sp\u0113c\u012bgas profesion\u0101las formulas, no\u0146em vissmag\u0101kos aizs\u0113r\u0113jumus noteces caurul\u0113s 3 min\u016b\u0161u laik\u0101. S\u0101k darboties uzreiz un iz\u0161\u0137\u012bdina pat matus. Lieto\u0161ana: No\u0146emiet \u016bdeni virs noteces atveres. Nogrie\u017eiet iepakojuma aug\u0161\u0113jo st\u016bri, saturu ieb\u0113riet tie\u0161i noteces atv\u0113r\u0113. Uzlejiet 1-2 kr\u016bz\u012btes silta \u016bdens. P\u0113c 3 min\u016bt\u0113m r\u016bp\u012bgi noskalojiet ar siltu \u016bdeni. Ra\u017eots V\u0101cij\u0101.<\/p>\n","protected":false},"excerpt":{"rendered":"<p>RORAX 60g granulas, izgatavotas p\u0113c \u012bpa\u0161i sp\u0113c\u012bgas profesion\u0101las formulas, no\u0146em vissmag\u0101kos aizs\u0113r\u0113jumus noteces caurul\u0113s 3 min\u016b\u0161u laik\u0101. S\u0101k darboties uzreiz un iz\u0161\u0137\u012bdina pat matus. Lieto\u0161ana: No\u0146emiet \u016bdeni virs noteces atveres. Nogrie\u017eiet iepakojuma aug\u0161\u0113jo st\u016bri, saturu ieb\u0113riet tie\u0161i noteces atv\u0113r\u0113. Uzlejiet 1-2 kr\u016bz\u012btes silta \u016bdens. P\u0113c 3 min\u016bt\u0113m r\u016bp\u012bgi noskalojiet ar siltu \u016bdeni. Ra\u017eots V\u0101cij\u0101.<\/p>\n","protected":false},"featured_media":3509,"comment_status":"open","ping_status":"closed","template":"","meta":[],"product_brand":[215],"product_cat":[151],"product_tag":[],"class_list":{"0":"post-4414","1":"product","2":"type-product","3":"status-publish","4":"has-post-thumbnail","6":"product_brand-rorax","7":"product_cat-vannas-istabas-tualetes-kanalizacijas-tirisanas-lidzekli","9":"first","10":"instock","11":"shipping-taxable","12":"purchasable","13":"product-type-simple"},"_links":{"self":[{"href":"https:\/\/myliusvara.lt\/lv\/wp-json\/wp\/v2\/product\/4414","targetHints":{"allow":["GET"]}}],"collection":[{"href":"https:\/\/myliusvara.lt\/lv\/wp-json\/wp\/v2\/product"}],"about":[{"href":"https:\/\/myliusvara.lt\/lv\/wp-json\/wp\/v2\/types\/product"}],"replies":[{"embeddable":true,"href":"https:\/\/myliusvara.lt\/lv\/wp-json\/wp\/v2\/comments?post=4414"}],"wp:featuredmedia":[{"embeddable":true,"href":"https:\/\/myliusvara.lt\/lv\/wp-json\/wp\/v2\/media\/3509"}],"wp:attachment":[{"href":"https:\/\/myliusvara.lt\/lv\/wp-json\/wp\/v2\/media?parent=4414"}],"wp:term":[{"taxonomy":"product_brand","embeddable":true,"href":"https:\/\/myliusvara.lt\/lv\/wp-json\/wp\/v2\/product_brand?post=4414"},{"taxonomy":"product_cat","embeddable":true,"href":"https:\/\/myliusvara.lt\/lv\/wp-json\/wp\/v2\/product_cat?post=4414"},{"taxonomy":"product_tag","embeddable":true,"href":"https:\/\/myliusvara.lt\/lv\/wp-json\/wp\/v2\/product_tag?post=4414"}],"curies":[{"name":"wp","href":"https:\/\/api.w.org\/{rel}","templated":true}]}}