{"id":4412,"date":"2026-01-14T17:31:01","date_gmt":"2026-01-14T17:31:01","guid":{"rendered":"https:\/\/myliusvara.lt\/uncategorized\/emsal-laminetu-koka-virsmu-tiritajs-antistatisks-250ml\/"},"modified":"2026-01-14T17:31:01","modified_gmt":"2026-01-14T17:31:01","slug":"emsal-laminetu-koka-virsmu-tiritajs-antistatisks-250ml","status":"publish","type":"product","link":"https:\/\/myliusvara.lt\/lv\/gridu-mebelu-un-paklaju-tirisanas-lidzekli\/emsal-laminetu-koka-virsmu-tiritajs-antistatisks-250ml\/","title":{"rendered":"Emsal &#8211; Lamin\u0113tu koka virsmu t\u012br\u012bt\u0101js (antistatisks) 250ml"},"content":{"rendered":"<p>\u0100tri un efekt\u012bvi not\u012bra putek\u013cus, tauku un \u016bdens plankumus. Pie\u0161\u0137ir sp\u012bdumu bez papildu pul\u0113\u0161anas un ir antistatisks pret putek\u013ciem. Lieto\u0161ana: Izsmidziniet uz virsmas aptuveni 10 cm att\u0101lum\u0101 un noslaukiet ar sausu, t\u012bru lupatu. Iev\u0113rojiet m\u0113be\u013cu ra\u017eot\u0101ja nor\u0101d\u012bjumus par t\u012br\u012b\u0161anu un kop\u0161anu. Ra\u017eots V\u0101cij\u0101.<\/p>\n","protected":false},"excerpt":{"rendered":"<p>\u0100tri un efekt\u012bvi not\u012bra putek\u013cus, tauku un \u016bdens plankumus. Pie\u0161\u0137ir sp\u012bdumu bez papildu pul\u0113\u0161anas un ir antistatisks pret putek\u013ciem. Lieto\u0161ana: Izsmidziniet uz virsmas aptuveni 10 cm att\u0101lum\u0101 un noslaukiet ar sausu, t\u012bru lupatu. Iev\u0113rojiet m\u0113be\u013cu ra\u017eot\u0101ja nor\u0101d\u012bjumus par t\u012br\u012b\u0161anu un kop\u0161anu. Ra\u017eots V\u0101cij\u0101.<\/p>\n","protected":false},"featured_media":3502,"comment_status":"open","ping_status":"closed","template":"","meta":[],"product_brand":[213],"product_cat":[158],"product_tag":[],"class_list":{"0":"post-4412","1":"product","2":"type-product","3":"status-publish","4":"has-post-thumbnail","6":"product_brand-emsal","7":"product_cat-gridu-mebelu-un-paklaju-tirisanas-lidzekli","9":"first","10":"instock","11":"shipping-taxable","12":"purchasable","13":"product-type-simple"},"_links":{"self":[{"href":"https:\/\/myliusvara.lt\/lv\/wp-json\/wp\/v2\/product\/4412","targetHints":{"allow":["GET"]}}],"collection":[{"href":"https:\/\/myliusvara.lt\/lv\/wp-json\/wp\/v2\/product"}],"about":[{"href":"https:\/\/myliusvara.lt\/lv\/wp-json\/wp\/v2\/types\/product"}],"replies":[{"embeddable":true,"href":"https:\/\/myliusvara.lt\/lv\/wp-json\/wp\/v2\/comments?post=4412"}],"wp:featuredmedia":[{"embeddable":true,"href":"https:\/\/myliusvara.lt\/lv\/wp-json\/wp\/v2\/media\/3502"}],"wp:attachment":[{"href":"https:\/\/myliusvara.lt\/lv\/wp-json\/wp\/v2\/media?parent=4412"}],"wp:term":[{"taxonomy":"product_brand","embeddable":true,"href":"https:\/\/myliusvara.lt\/lv\/wp-json\/wp\/v2\/product_brand?post=4412"},{"taxonomy":"product_cat","embeddable":true,"href":"https:\/\/myliusvara.lt\/lv\/wp-json\/wp\/v2\/product_cat?post=4412"},{"taxonomy":"product_tag","embeddable":true,"href":"https:\/\/myliusvara.lt\/lv\/wp-json\/wp\/v2\/product_tag?post=4412"}],"curies":[{"name":"wp","href":"https:\/\/api.w.org\/{rel}","templated":true}]}}