{"id":4411,"date":"2026-01-14T17:31:01","date_gmt":"2026-01-14T17:31:01","guid":{"rendered":"https:\/\/myliusvara.lt\/uncategorized\/emsal-vinilam-linoleja-1l\/"},"modified":"2026-01-14T17:31:01","modified_gmt":"2026-01-14T17:31:01","slug":"emsal-vinilam-linoleja-1l","status":"publish","type":"product","link":"https:\/\/myliusvara.lt\/lv\/gridu-mebelu-un-paklaju-tirisanas-lidzekli\/emsal-vinilam-linoleja-1l\/","title":{"rendered":"Emsal &#8211; Vinilam (Linoleja) 1L"},"content":{"rendered":"<p>Gr\u012bdu kop\u0161anas l\u012bdzeklis visiem \u016bdensiztur\u012bgiem gr\u012bdu segumiem, \u012bpa\u0161i vinila, dizaina gr\u012bd\u0101m, linoleja. Aizsarg\u0101 pret gr\u012bdu uzbriest no \u0161\u0137idrumiem vai slapjiem apaviem, \u012bpa\u0161i piem\u0113rots &#8220;Click-Vinyl&#8221; un &#8220;Click-Lino&#8221; segumiem. Pateicoties BIOPROTECT formulai, gr\u012bdas ieg\u016bst iztur\u012bbu pret mitrumu. Neatst\u0101j k\u0101rtas, nodro\u0161ina t\u012br\u012bbu bez sv\u012btr\u0101m, aizsarg\u0101 pret jauniem net\u012brumiem, atst\u0101j pat\u012bkamu arom\u0101tu. Lieto\u0161ana: 5 litros silta \u016bdens ielieciet 3 v\u0101ci\u0146us l\u012bdzek\u013ca. Ra\u017eots V\u0101cij\u0101.<\/p>\n","protected":false},"excerpt":{"rendered":"<p>Gr\u012bdu kop\u0161anas l\u012bdzeklis visiem \u016bdensiztur\u012bgiem gr\u012bdu segumiem, \u012bpa\u0161i vinila, dizaina gr\u012bd\u0101m, linoleja. Aizsarg\u0101 pret gr\u012bdu uzbriest no \u0161\u0137idrumiem vai slapjiem apaviem, \u012bpa\u0161i piem\u0113rots &#8220;Click-Vinyl&#8221; un &#8220;Click-Lino&#8221; segumiem. Pateicoties BIOPROTECT formulai, gr\u012bdas ieg\u016bst iztur\u012bbu pret mitrumu. Neatst\u0101j k\u0101rtas, nodro\u0161ina t\u012br\u012bbu bez sv\u012btr\u0101m, aizsarg\u0101 pret jauniem net\u012brumiem, atst\u0101j pat\u012bkamu arom\u0101tu. Lieto\u0161ana: 5 litros silta \u016bdens ielieciet 3<\/p>\n<div class=\"klb-readmore\"><a class=\"c-btn\" href=\"https:\/\/myliusvara.lt\/lv\/gridu-mebelu-un-paklaju-tirisanas-lidzekli\/emsal-vinilam-linoleja-1l\/\">Read More <i class=\"far fa-plus\"><\/i><\/a><\/div>\n","protected":false},"featured_media":3529,"comment_status":"open","ping_status":"closed","template":"","meta":[],"product_brand":[213],"product_cat":[158],"product_tag":[],"class_list":{"0":"post-4411","1":"product","2":"type-product","3":"status-publish","4":"has-post-thumbnail","6":"product_brand-emsal","7":"product_cat-gridu-mebelu-un-paklaju-tirisanas-lidzekli","9":"first","10":"instock","11":"shipping-taxable","12":"purchasable","13":"product-type-simple"},"_links":{"self":[{"href":"https:\/\/myliusvara.lt\/lv\/wp-json\/wp\/v2\/product\/4411","targetHints":{"allow":["GET"]}}],"collection":[{"href":"https:\/\/myliusvara.lt\/lv\/wp-json\/wp\/v2\/product"}],"about":[{"href":"https:\/\/myliusvara.lt\/lv\/wp-json\/wp\/v2\/types\/product"}],"replies":[{"embeddable":true,"href":"https:\/\/myliusvara.lt\/lv\/wp-json\/wp\/v2\/comments?post=4411"}],"wp:featuredmedia":[{"embeddable":true,"href":"https:\/\/myliusvara.lt\/lv\/wp-json\/wp\/v2\/media\/3529"}],"wp:attachment":[{"href":"https:\/\/myliusvara.lt\/lv\/wp-json\/wp\/v2\/media?parent=4411"}],"wp:term":[{"taxonomy":"product_brand","embeddable":true,"href":"https:\/\/myliusvara.lt\/lv\/wp-json\/wp\/v2\/product_brand?post=4411"},{"taxonomy":"product_cat","embeddable":true,"href":"https:\/\/myliusvara.lt\/lv\/wp-json\/wp\/v2\/product_cat?post=4411"},{"taxonomy":"product_tag","embeddable":true,"href":"https:\/\/myliusvara.lt\/lv\/wp-json\/wp\/v2\/product_tag?post=4411"}],"curies":[{"name":"wp","href":"https:\/\/api.w.org\/{rel}","templated":true}]}}