{"id":4409,"date":"2026-01-14T17:31:01","date_gmt":"2026-01-14T17:31:01","guid":{"rendered":"https:\/\/myliusvara.lt\/uncategorized\/emsal-laminatam-ar-bioprotect-formulu-1l\/"},"modified":"2026-01-14T17:31:01","modified_gmt":"2026-01-14T17:31:01","slug":"emsal-laminatam-ar-bioprotect-formulu-1l","status":"publish","type":"product","link":"https:\/\/myliusvara.lt\/lv\/gridu-mebelu-un-paklaju-tirisanas-lidzekli\/emsal-laminatam-ar-bioprotect-formulu-1l\/","title":{"rendered":"Emsal &#8211; Lamin\u0101tam ar BIOPROTECT formulu 1L"},"content":{"rendered":"<p>Uzticama aizsardz\u012bba un kop\u0161ana lamin\u0101t\u0101m un kor\u0137a gr\u012bd\u0101m. L\u012bdzeklis maigi t\u012bra, neatst\u0101j sv\u012btras, pie\u0161\u0137ir dab\u012bgu sp\u012bdumu un svaigu arom\u0101tu. Piem\u0113rots visu veidu lamin\u0101t\u0101m, kor\u0137a, linoleja segumiem, \u012bpa\u0161i Click-Lino un vis\u0101m modernaj\u0101m savienojuma sist\u0113m\u0101m. Lieto\u0161ana: 5 litros silta \u016bdens ielieciet 3 v\u0101ci\u0146us l\u012bdzek\u013ca. Samitriniet lupatu, labi izgrieziet un maigi mitri beriet gr\u012bdu. Ra\u017eots V\u0101cij\u0101.<\/p>\n","protected":false},"excerpt":{"rendered":"<p>Uzticama aizsardz\u012bba un kop\u0161ana lamin\u0101t\u0101m un kor\u0137a gr\u012bd\u0101m. L\u012bdzeklis maigi t\u012bra, neatst\u0101j sv\u012btras, pie\u0161\u0137ir dab\u012bgu sp\u012bdumu un svaigu arom\u0101tu. Piem\u0113rots visu veidu lamin\u0101t\u0101m, kor\u0137a, linoleja segumiem, \u012bpa\u0161i Click-Lino un vis\u0101m modernaj\u0101m savienojuma sist\u0113m\u0101m. Lieto\u0161ana: 5 litros silta \u016bdens ielieciet 3 v\u0101ci\u0146us l\u012bdzek\u013ca. Samitriniet lupatu, labi izgrieziet un maigi mitri beriet gr\u012bdu. Ra\u017eots V\u0101cij\u0101.<\/p>\n","protected":false},"featured_media":3499,"comment_status":"open","ping_status":"closed","template":"","meta":[],"product_brand":[213],"product_cat":[158],"product_tag":[],"class_list":{"0":"post-4409","1":"product","2":"type-product","3":"status-publish","4":"has-post-thumbnail","6":"product_brand-emsal","7":"product_cat-gridu-mebelu-un-paklaju-tirisanas-lidzekli","9":"first","10":"instock","11":"shipping-taxable","12":"purchasable","13":"product-type-simple"},"_links":{"self":[{"href":"https:\/\/myliusvara.lt\/lv\/wp-json\/wp\/v2\/product\/4409","targetHints":{"allow":["GET"]}}],"collection":[{"href":"https:\/\/myliusvara.lt\/lv\/wp-json\/wp\/v2\/product"}],"about":[{"href":"https:\/\/myliusvara.lt\/lv\/wp-json\/wp\/v2\/types\/product"}],"replies":[{"embeddable":true,"href":"https:\/\/myliusvara.lt\/lv\/wp-json\/wp\/v2\/comments?post=4409"}],"wp:featuredmedia":[{"embeddable":true,"href":"https:\/\/myliusvara.lt\/lv\/wp-json\/wp\/v2\/media\/3499"}],"wp:attachment":[{"href":"https:\/\/myliusvara.lt\/lv\/wp-json\/wp\/v2\/media?parent=4409"}],"wp:term":[{"taxonomy":"product_brand","embeddable":true,"href":"https:\/\/myliusvara.lt\/lv\/wp-json\/wp\/v2\/product_brand?post=4409"},{"taxonomy":"product_cat","embeddable":true,"href":"https:\/\/myliusvara.lt\/lv\/wp-json\/wp\/v2\/product_cat?post=4409"},{"taxonomy":"product_tag","embeddable":true,"href":"https:\/\/myliusvara.lt\/lv\/wp-json\/wp\/v2\/product_tag?post=4409"}],"curies":[{"name":"wp","href":"https:\/\/api.w.org\/{rel}","templated":true}]}}