{"id":4408,"date":"2026-01-14T17:31:02","date_gmt":"2026-01-14T17:31:02","guid":{"rendered":"https:\/\/myliusvara.lt\/uncategorized\/erdal-adas-tirisanas-un-kopsanas-losjons-500ml\/"},"modified":"2026-01-14T17:31:02","modified_gmt":"2026-01-14T17:31:02","slug":"erdal-adas-tirisanas-un-kopsanas-losjons-500ml","status":"publish","type":"product","link":"https:\/\/myliusvara.lt\/lv\/apavu-un-adas-kopsana\/erdal-adas-tirisanas-un-kopsanas-losjons-500ml\/","title":{"rendered":"Erdal \u0100das t\u012br\u012b\u0161anas un kop\u0161anas losjons 500ml"},"content":{"rendered":"<p>Erdal \u0101das t\u012br\u012b\u0161anas un kop\u0161anas losjons ar bi\u0161u vasku ir speci\u0101ls kop\u0161anas l\u012bdzeklis izstr\u0101d\u0101jumiem no m\u012bkstas \u0101das, kuriem nepiecie\u0161ama \u012bpa\u0161a kop\u0161ana, piem\u0113ram, rokassomas, m\u0113beles un apavi, automa\u0161\u012bnu \u0101das s\u0113dek\u013ci. Pateicoties augstas kvalit\u0101tes efekt\u012bvo vielu kombin\u0101cijai, \u0101da k\u013c\u016bst m\u012bksta un elast\u012bga. Losjons uzreiz ies\u016bcas \u0101d\u0101, pie\u0161\u0137irot z\u012bdainu sp\u012bdumu, neatst\u0101jot taukus. Lieto\u0161ana: Uzkl\u0101jiet uz t\u012bras \u0101das un ier\u012bv\u0113jiet. Ra\u017eots V\u0101cij\u0101.<\/p>\n","protected":false},"excerpt":{"rendered":"<p>Erdal \u0101das t\u012br\u012b\u0161anas un kop\u0161anas losjons ar bi\u0161u vasku ir speci\u0101ls kop\u0161anas l\u012bdzeklis izstr\u0101d\u0101jumiem no m\u012bkstas \u0101das, kuriem nepiecie\u0161ama \u012bpa\u0161a kop\u0161ana, piem\u0113ram, rokassomas, m\u0113beles un apavi, automa\u0161\u012bnu \u0101das s\u0113dek\u013ci. Pateicoties augstas kvalit\u0101tes efekt\u012bvo vielu kombin\u0101cijai, \u0101da k\u013c\u016bst m\u012bksta un elast\u012bga. Losjons uzreiz ies\u016bcas \u0101d\u0101, pie\u0161\u0137irot z\u012bdainu sp\u012bdumu, neatst\u0101jot taukus. Lieto\u0161ana: Uzkl\u0101jiet uz t\u012bras \u0101das un<\/p>\n<div class=\"klb-readmore\"><a class=\"c-btn\" href=\"https:\/\/myliusvara.lt\/lv\/apavu-un-adas-kopsana\/erdal-adas-tirisanas-un-kopsanas-losjons-500ml\/\">Read More <i class=\"far fa-plus\"><\/i><\/a><\/div>\n","protected":false},"featured_media":3530,"comment_status":"open","ping_status":"closed","template":"","meta":[],"product_brand":[214],"product_cat":[174],"product_tag":[],"class_list":{"0":"post-4408","1":"product","2":"type-product","3":"status-publish","4":"has-post-thumbnail","6":"product_brand-erdal","7":"product_cat-apavu-un-adas-kopsana","9":"first","10":"instock","11":"shipping-taxable","12":"purchasable","13":"product-type-simple"},"_links":{"self":[{"href":"https:\/\/myliusvara.lt\/lv\/wp-json\/wp\/v2\/product\/4408","targetHints":{"allow":["GET"]}}],"collection":[{"href":"https:\/\/myliusvara.lt\/lv\/wp-json\/wp\/v2\/product"}],"about":[{"href":"https:\/\/myliusvara.lt\/lv\/wp-json\/wp\/v2\/types\/product"}],"replies":[{"embeddable":true,"href":"https:\/\/myliusvara.lt\/lv\/wp-json\/wp\/v2\/comments?post=4408"}],"wp:featuredmedia":[{"embeddable":true,"href":"https:\/\/myliusvara.lt\/lv\/wp-json\/wp\/v2\/media\/3530"}],"wp:attachment":[{"href":"https:\/\/myliusvara.lt\/lv\/wp-json\/wp\/v2\/media?parent=4408"}],"wp:term":[{"taxonomy":"product_brand","embeddable":true,"href":"https:\/\/myliusvara.lt\/lv\/wp-json\/wp\/v2\/product_brand?post=4408"},{"taxonomy":"product_cat","embeddable":true,"href":"https:\/\/myliusvara.lt\/lv\/wp-json\/wp\/v2\/product_cat?post=4408"},{"taxonomy":"product_tag","embeddable":true,"href":"https:\/\/myliusvara.lt\/lv\/wp-json\/wp\/v2\/product_tag?post=4408"}],"curies":[{"name":"wp","href":"https:\/\/api.w.org\/{rel}","templated":true}]}}