{"id":4403,"date":"2026-01-14T17:31:02","date_gmt":"2026-01-14T17:31:02","guid":{"rendered":"https:\/\/myliusvara.lt\/uncategorized\/sanytol-daudzfunkcionals-tiritajs-un-dezinfektants-eikalipts\/"},"modified":"2026-02-23T13:36:09","modified_gmt":"2026-02-23T13:36:09","slug":"sanytol-daudzfunkcionals-tiritajs-un-dezinfektants-eikalipts","status":"publish","type":"product","link":"https:\/\/myliusvara.lt\/lv\/dezinfekcijas-lidzekli\/sanytol-daudzfunkcionals-tiritajs-un-dezinfektants-eikalipts\/","title":{"rendered":"Sanytol Daudzfunkcion\u0101ls t\u012br\u012bt\u0101js un dezinfektants \u2013 Eikalipts"},"content":{"rendered":"<p>T\u012br\u012b\u0161anas un dezinfekcijas l\u012bdzeklis, neatst\u0101jot p\u0113das. Praktisks un bez balin\u0101t\u0101ja, t\u012bra visas m\u0101jas virsmas. Ide\u0101li piem\u0113rots ikdienas net\u012brumu t\u012br\u012b\u0161anai un dezinfekcijai vien\u0101 sol\u012b. SANYTOL ir izstr\u0101d\u0101jis formulu ar 100% augu izcelsmes akt\u012bvo vielu, kas nodro\u0161ina efekt\u012bvu dezinfekciju un t\u012br\u012b\u0161anu, lielisku, viegli sasniedzamu t\u012br\u012bbu un pat\u012bkamu svaigu arom\u0101tu. Piem\u0113rots: Darba galdi, izlietnes, sald\u0113tava, ledusskapja iek\u0161puse, durvju rokturi, sl\u0113d\u017ei, tualetes s\u0113dek\u013ci.<\/p>\n","protected":false},"excerpt":{"rendered":"<p>T\u012br\u012b\u0161anas un dezinfekcijas l\u012bdzeklis, neatst\u0101jot p\u0113das. Praktisks un bez balin\u0101t\u0101ja, t\u012bra visas m\u0101jas virsmas. Ide\u0101li piem\u0113rots ikdienas net\u012brumu t\u012br\u012b\u0161anai un dezinfekcijai vien\u0101 sol\u012b. SANYTOL ir izstr\u0101d\u0101jis formulu ar 100% augu izcelsmes akt\u012bvo vielu, kas nodro\u0161ina efekt\u012bvu dezinfekciju un t\u012br\u012b\u0161anu, lielisku, viegli sasniedzamu t\u012br\u012bbu un pat\u012bkamu svaigu arom\u0101tu. Piem\u0113rots: Darba galdi, izlietnes, sald\u0113tava, ledusskapja iek\u0161puse, durvju<\/p>\n<div class=\"klb-readmore\"><a class=\"c-btn\" href=\"https:\/\/myliusvara.lt\/lv\/dezinfekcijas-lidzekli\/sanytol-daudzfunkcionals-tiritajs-un-dezinfektants-eikalipts\/\">Read More <i class=\"far fa-plus\"><\/i><\/a><\/div>\n","protected":false},"featured_media":3523,"comment_status":"open","ping_status":"closed","template":"","meta":[],"product_brand":[217],"product_cat":[235,140],"product_tag":[],"class_list":{"0":"post-4403","1":"product","2":"type-product","3":"status-publish","4":"has-post-thumbnail","6":"product_brand-sanytol","7":"product_cat-dezinfekcijas-lidzekli","8":"product_cat-jauni-produkti","10":"first","11":"instock","12":"shipping-taxable","13":"purchasable","14":"product-type-simple"},"_links":{"self":[{"href":"https:\/\/myliusvara.lt\/lv\/wp-json\/wp\/v2\/product\/4403","targetHints":{"allow":["GET"]}}],"collection":[{"href":"https:\/\/myliusvara.lt\/lv\/wp-json\/wp\/v2\/product"}],"about":[{"href":"https:\/\/myliusvara.lt\/lv\/wp-json\/wp\/v2\/types\/product"}],"replies":[{"embeddable":true,"href":"https:\/\/myliusvara.lt\/lv\/wp-json\/wp\/v2\/comments?post=4403"}],"wp:featuredmedia":[{"embeddable":true,"href":"https:\/\/myliusvara.lt\/lv\/wp-json\/wp\/v2\/media\/3523"}],"wp:attachment":[{"href":"https:\/\/myliusvara.lt\/lv\/wp-json\/wp\/v2\/media?parent=4403"}],"wp:term":[{"taxonomy":"product_brand","embeddable":true,"href":"https:\/\/myliusvara.lt\/lv\/wp-json\/wp\/v2\/product_brand?post=4403"},{"taxonomy":"product_cat","embeddable":true,"href":"https:\/\/myliusvara.lt\/lv\/wp-json\/wp\/v2\/product_cat?post=4403"},{"taxonomy":"product_tag","embeddable":true,"href":"https:\/\/myliusvara.lt\/lv\/wp-json\/wp\/v2\/product_tag?post=4403"}],"curies":[{"name":"wp","href":"https:\/\/api.w.org\/{rel}","templated":true}]}}