{"id":4386,"date":"2026-01-14T17:31:02","date_gmt":"2026-01-14T17:31:02","guid":{"rendered":"https:\/\/myliusvara.lt\/uncategorized\/rorax-caurulisu-tiritajs-bio-power-gel-1l\/"},"modified":"2026-02-23T13:26:34","modified_gmt":"2026-02-23T13:26:34","slug":"rorax-caurulisu-tiritajs-bio-power-gel-1l","status":"publish","type":"product","link":"https:\/\/myliusvara.lt\/lv\/vannas-istabas-tualetes-kanalizacijas-tirisanas-lidzekli\/rorax-caurulisu-tiritajs-bio-power-gel-1l\/","title":{"rendered":"Rorax Caurul\u012b\u0161u t\u012br\u012bt\u0101js BIO-POWER GEL 1l"},"content":{"rendered":"<p>RORAX UNBLOCKER BIO POWER-GEL ar speci\u0101lo Bio-Safe\u00ae formulu (bez agres\u012bvas hlora \u0137\u012bmijas, nekait\u012bgs notek\u016bde\u0146iem, \u0101tri sadal\u0101s) r\u016bp\u012bgi no\u0146em visus stipros matu un tauku aizs\u0113r\u0113jumus, k\u0101 ar\u012b nepat\u012bkamo smaku caurul\u012bt\u0113s. Maigs videi (neboj\u0101 un nekait\u0113 caurul\u0113m vai pa\u0161iem savienojumiem). Lieto\u0161ana: Ielieciet gela daudzumu noteces atv\u0113r\u0113, atst\u0101jiet iedarboties, p\u0113c tam noskalojiet ar \u016bdeni. Ra\u017eots V\u0101cij\u0101.<\/p>\n","protected":false},"excerpt":{"rendered":"<p>RORAX UNBLOCKER BIO POWER-GEL ar speci\u0101lo Bio-Safe\u00ae formulu (bez agres\u012bvas hlora \u0137\u012bmijas, nekait\u012bgs notek\u016bde\u0146iem, \u0101tri sadal\u0101s) r\u016bp\u012bgi no\u0146em visus stipros matu un tauku aizs\u0113r\u0113jumus, k\u0101 ar\u012b nepat\u012bkamo smaku caurul\u012bt\u0113s. Maigs videi (neboj\u0101 un nekait\u0113 caurul\u0113m vai pa\u0161iem savienojumiem). Lieto\u0161ana: Ielieciet gela daudzumu noteces atv\u0113r\u0113, atst\u0101jiet iedarboties, p\u0113c tam noskalojiet ar \u016bdeni. Ra\u017eots V\u0101cij\u0101.<\/p>\n","protected":false},"featured_media":3484,"comment_status":"open","ping_status":"closed","template":"","meta":[],"product_brand":[215],"product_cat":[151],"product_tag":[],"class_list":{"0":"post-4386","1":"product","2":"type-product","3":"status-publish","4":"has-post-thumbnail","6":"product_brand-rorax","7":"product_cat-vannas-istabas-tualetes-kanalizacijas-tirisanas-lidzekli","9":"first","10":"instock","11":"shipping-taxable","12":"purchasable","13":"product-type-simple"},"_links":{"self":[{"href":"https:\/\/myliusvara.lt\/lv\/wp-json\/wp\/v2\/product\/4386","targetHints":{"allow":["GET"]}}],"collection":[{"href":"https:\/\/myliusvara.lt\/lv\/wp-json\/wp\/v2\/product"}],"about":[{"href":"https:\/\/myliusvara.lt\/lv\/wp-json\/wp\/v2\/types\/product"}],"replies":[{"embeddable":true,"href":"https:\/\/myliusvara.lt\/lv\/wp-json\/wp\/v2\/comments?post=4386"}],"wp:featuredmedia":[{"embeddable":true,"href":"https:\/\/myliusvara.lt\/lv\/wp-json\/wp\/v2\/media\/3484"}],"wp:attachment":[{"href":"https:\/\/myliusvara.lt\/lv\/wp-json\/wp\/v2\/media?parent=4386"}],"wp:term":[{"taxonomy":"product_brand","embeddable":true,"href":"https:\/\/myliusvara.lt\/lv\/wp-json\/wp\/v2\/product_brand?post=4386"},{"taxonomy":"product_cat","embeddable":true,"href":"https:\/\/myliusvara.lt\/lv\/wp-json\/wp\/v2\/product_cat?post=4386"},{"taxonomy":"product_tag","embeddable":true,"href":"https:\/\/myliusvara.lt\/lv\/wp-json\/wp\/v2\/product_tag?post=4386"}],"curies":[{"name":"wp","href":"https:\/\/api.w.org\/{rel}","templated":true}]}}