{"id":4383,"date":"2026-01-14T17:31:03","date_gmt":"2026-01-14T17:31:03","guid":{"rendered":"https:\/\/myliusvara.lt\/uncategorized\/erdal-baltas-krasas-atjaunosanas-lidzeklis\/"},"modified":"2026-02-23T13:26:33","modified_gmt":"2026-02-23T13:26:33","slug":"erdal-baltas-krasas-atjaunosanas-lidzeklis","status":"publish","type":"product","link":"https:\/\/myliusvara.lt\/lv\/apavu-un-adas-kopsana\/erdal-baltas-krasas-atjaunosanas-lidzeklis\/","title":{"rendered":"Erdal Baltas kr\u0101sas atjauno\u0161anas l\u012bdzeklis"},"content":{"rendered":"<p>L\u012bdzeklis baltas kr\u0101sas tekstila un gludas \u0101das apaviem atjauno\u0161anai. Bag\u0101ta, labi p\u0101rkl\u0101jo\u0161a formula \u0101tri un uzticami mask\u0113 kr\u0101sas izmai\u0146as, skr\u0101p\u0113jumus un nodiluma z\u012bmes, atjauno balto kr\u0101su. Lieto\u0161ana: vispirms not\u012briet apavus, sakratiet pudeli un vienm\u0113r\u012bgi uzkl\u0101jiet \u0161\u0137idrumu uz virsmas. \u013baujiet no\u017e\u016bt. Ra\u017eots V\u0101cij\u0101.<\/p>\n","protected":false},"excerpt":{"rendered":"<p>L\u012bdzeklis baltas kr\u0101sas tekstila un gludas \u0101das apaviem atjauno\u0161anai. Bag\u0101ta, labi p\u0101rkl\u0101jo\u0161a formula \u0101tri un uzticami mask\u0113 kr\u0101sas izmai\u0146as, skr\u0101p\u0113jumus un nodiluma z\u012bmes, atjauno balto kr\u0101su. Lieto\u0161ana: vispirms not\u012briet apavus, sakratiet pudeli un vienm\u0113r\u012bgi uzkl\u0101jiet \u0161\u0137idrumu uz virsmas. \u013baujiet no\u017e\u016bt. Ra\u017eots V\u0101cij\u0101.<\/p>\n","protected":false},"featured_media":3547,"comment_status":"open","ping_status":"closed","template":"","meta":[],"product_brand":[214],"product_cat":[174],"product_tag":[],"class_list":{"0":"post-4383","1":"product","2":"type-product","3":"status-publish","4":"has-post-thumbnail","6":"product_brand-erdal","7":"product_cat-apavu-un-adas-kopsana","9":"first","10":"instock","11":"shipping-taxable","12":"purchasable","13":"product-type-simple"},"_links":{"self":[{"href":"https:\/\/myliusvara.lt\/lv\/wp-json\/wp\/v2\/product\/4383","targetHints":{"allow":["GET"]}}],"collection":[{"href":"https:\/\/myliusvara.lt\/lv\/wp-json\/wp\/v2\/product"}],"about":[{"href":"https:\/\/myliusvara.lt\/lv\/wp-json\/wp\/v2\/types\/product"}],"replies":[{"embeddable":true,"href":"https:\/\/myliusvara.lt\/lv\/wp-json\/wp\/v2\/comments?post=4383"}],"wp:featuredmedia":[{"embeddable":true,"href":"https:\/\/myliusvara.lt\/lv\/wp-json\/wp\/v2\/media\/3547"}],"wp:attachment":[{"href":"https:\/\/myliusvara.lt\/lv\/wp-json\/wp\/v2\/media?parent=4383"}],"wp:term":[{"taxonomy":"product_brand","embeddable":true,"href":"https:\/\/myliusvara.lt\/lv\/wp-json\/wp\/v2\/product_brand?post=4383"},{"taxonomy":"product_cat","embeddable":true,"href":"https:\/\/myliusvara.lt\/lv\/wp-json\/wp\/v2\/product_cat?post=4383"},{"taxonomy":"product_tag","embeddable":true,"href":"https:\/\/myliusvara.lt\/lv\/wp-json\/wp\/v2\/product_tag?post=4383"}],"curies":[{"name":"wp","href":"https:\/\/api.w.org\/{rel}","templated":true}]}}