{"id":4381,"date":"2026-01-14T17:31:03","date_gmt":"2026-01-14T17:31:03","guid":{"rendered":"https:\/\/myliusvara.lt\/uncategorized\/erdal-bruns-apavu-krems-tubina\/"},"modified":"2026-02-23T13:26:32","modified_gmt":"2026-02-23T13:26:32","slug":"erdal-bruns-apavu-krems-tubina","status":"publish","type":"product","link":"https:\/\/myliusvara.lt\/lv\/apavu-un-adas-kopsana\/erdal-bruns-apavu-krems-tubina\/","title":{"rendered":"Erdal Br\u016bns apavu kr\u0113ms t\u016bbi\u0146\u0101"},"content":{"rendered":"<p>Erdal br\u016bns apavu kr\u0113ms t\u016bbi\u0146\u0101 ar \u012bstu mande\u013cu e\u013c\u013cu. Baro un kopj visu gludu un m\u0101ksl\u012bgo \u0101du. Atjauno kr\u0101sas, nosedz skr\u0101p\u0113jumus un nodiluma z\u012bmes un nodro\u0161ina sp\u012bdumu. Lieto\u0161ana: Vispirms no apaviem not\u012briet visus putek\u013cus un net\u012brumus. P\u0113c tam uzkl\u0101jiet pl\u0101nu vienm\u0113r\u012bgu k\u0101rtu un maigi ieberiet. Ra\u017eots V\u0101cij\u0101.<\/p>\n","protected":false},"excerpt":{"rendered":"<p>Erdal br\u016bns apavu kr\u0113ms t\u016bbi\u0146\u0101 ar \u012bstu mande\u013cu e\u013c\u013cu. Baro un kopj visu gludu un m\u0101ksl\u012bgo \u0101du. Atjauno kr\u0101sas, nosedz skr\u0101p\u0113jumus un nodiluma z\u012bmes un nodro\u0161ina sp\u012bdumu. Lieto\u0161ana: Vispirms no apaviem not\u012briet visus putek\u013cus un net\u012brumus. P\u0113c tam uzkl\u0101jiet pl\u0101nu vienm\u0113r\u012bgu k\u0101rtu un maigi ieberiet. Ra\u017eots V\u0101cij\u0101.<\/p>\n","protected":false},"featured_media":3541,"comment_status":"open","ping_status":"closed","template":"","meta":[],"product_brand":[214],"product_cat":[174],"product_tag":[],"class_list":{"0":"post-4381","1":"product","2":"type-product","3":"status-publish","4":"has-post-thumbnail","6":"product_brand-erdal","7":"product_cat-apavu-un-adas-kopsana","9":"first","10":"instock","11":"shipping-taxable","12":"purchasable","13":"product-type-simple"},"_links":{"self":[{"href":"https:\/\/myliusvara.lt\/lv\/wp-json\/wp\/v2\/product\/4381","targetHints":{"allow":["GET"]}}],"collection":[{"href":"https:\/\/myliusvara.lt\/lv\/wp-json\/wp\/v2\/product"}],"about":[{"href":"https:\/\/myliusvara.lt\/lv\/wp-json\/wp\/v2\/types\/product"}],"replies":[{"embeddable":true,"href":"https:\/\/myliusvara.lt\/lv\/wp-json\/wp\/v2\/comments?post=4381"}],"wp:featuredmedia":[{"embeddable":true,"href":"https:\/\/myliusvara.lt\/lv\/wp-json\/wp\/v2\/media\/3541"}],"wp:attachment":[{"href":"https:\/\/myliusvara.lt\/lv\/wp-json\/wp\/v2\/media?parent=4381"}],"wp:term":[{"taxonomy":"product_brand","embeddable":true,"href":"https:\/\/myliusvara.lt\/lv\/wp-json\/wp\/v2\/product_brand?post=4381"},{"taxonomy":"product_cat","embeddable":true,"href":"https:\/\/myliusvara.lt\/lv\/wp-json\/wp\/v2\/product_cat?post=4381"},{"taxonomy":"product_tag","embeddable":true,"href":"https:\/\/myliusvara.lt\/lv\/wp-json\/wp\/v2\/product_tag?post=4381"}],"curies":[{"name":"wp","href":"https:\/\/api.w.org\/{rel}","templated":true}]}}