{"id":4378,"date":"2026-01-14T17:31:04","date_gmt":"2026-01-14T17:31:04","guid":{"rendered":"https:\/\/myliusvara.lt\/uncategorized\/dr-beckmann-higieniskais-mazgasanas-masinas-tiritajs-250g\/"},"modified":"2026-02-23T13:26:31","modified_gmt":"2026-02-23T13:26:31","slug":"dr-beckmann-higieniskais-mazgasanas-masinas-tiritajs-250g","status":"publish","type":"product","link":"https:\/\/myliusvara.lt\/lv\/mazgasanas-un-skalosanas-lidzekli\/dr-beckmann-higieniskais-mazgasanas-masinas-tiritajs-250g\/","title":{"rendered":"Dr. Beckmann higi\u0113niskais mazg\u0101\u0161anas ma\u0161\u012bnas t\u012br\u012bt\u0101js 250g"},"content":{"rendered":"<p>T\u012bra ma\u0161\u012bnu no iek\u0161puses. No\u0146em nepat\u012bkamu smaku un net\u012brumus. Mazg\u0101\u0161anas ma\u0161\u012bn\u0101 var uzkr\u0101ties ar neapbru\u0146otu aci neredzamas net\u012brumu da\u013ci\u0146as un mazg\u0101\u0161anas l\u012bdzek\u013cu atlikumi. Laika gait\u0101 \u0161o atlikumu d\u0113\u013c var pasliktin\u0101ties mazg\u0101\u0161anas ma\u0161\u012bnas darb\u012bba. Dr. Beckmann mazg\u0101\u0161anas ma\u0161\u012bnu t\u012br\u012bt\u0101js izstr\u0101d\u0101ts speci\u0101li mazg\u0101\u0161anas ma\u0161\u012bn\u0101m. Lieto\u0161ana: Ieb\u0113riet nodal\u012bjum\u0101 un palaidiet tuk\u0161u mazg\u0101\u0161anas ciklu. Ra\u017eots V\u0101cij\u0101.<\/p>\n","protected":false},"excerpt":{"rendered":"<p>T\u012bra ma\u0161\u012bnu no iek\u0161puses. No\u0146em nepat\u012bkamu smaku un net\u012brumus. Mazg\u0101\u0161anas ma\u0161\u012bn\u0101 var uzkr\u0101ties ar neapbru\u0146otu aci neredzamas net\u012brumu da\u013ci\u0146as un mazg\u0101\u0161anas l\u012bdzek\u013cu atlikumi. Laika gait\u0101 \u0161o atlikumu d\u0113\u013c var pasliktin\u0101ties mazg\u0101\u0161anas ma\u0161\u012bnas darb\u012bba. Dr. Beckmann mazg\u0101\u0161anas ma\u0161\u012bnu t\u012br\u012bt\u0101js izstr\u0101d\u0101ts speci\u0101li mazg\u0101\u0161anas ma\u0161\u012bn\u0101m. Lieto\u0161ana: Ieb\u0113riet nodal\u012bjum\u0101 un palaidiet tuk\u0161u mazg\u0101\u0161anas ciklu. Ra\u017eots V\u0101cij\u0101.<\/p>\n","protected":false},"featured_media":3568,"comment_status":"open","ping_status":"closed","template":"","meta":[],"product_brand":[64],"product_cat":[149],"product_tag":[],"class_list":{"0":"post-4378","1":"product","2":"type-product","3":"status-publish","4":"has-post-thumbnail","6":"product_brand-dr-beckmann","7":"product_cat-mazgasanas-un-skalosanas-lidzekli","9":"first","10":"instock","11":"shipping-taxable","12":"purchasable","13":"product-type-simple"},"_links":{"self":[{"href":"https:\/\/myliusvara.lt\/lv\/wp-json\/wp\/v2\/product\/4378","targetHints":{"allow":["GET"]}}],"collection":[{"href":"https:\/\/myliusvara.lt\/lv\/wp-json\/wp\/v2\/product"}],"about":[{"href":"https:\/\/myliusvara.lt\/lv\/wp-json\/wp\/v2\/types\/product"}],"replies":[{"embeddable":true,"href":"https:\/\/myliusvara.lt\/lv\/wp-json\/wp\/v2\/comments?post=4378"}],"wp:featuredmedia":[{"embeddable":true,"href":"https:\/\/myliusvara.lt\/lv\/wp-json\/wp\/v2\/media\/3568"}],"wp:attachment":[{"href":"https:\/\/myliusvara.lt\/lv\/wp-json\/wp\/v2\/media?parent=4378"}],"wp:term":[{"taxonomy":"product_brand","embeddable":true,"href":"https:\/\/myliusvara.lt\/lv\/wp-json\/wp\/v2\/product_brand?post=4378"},{"taxonomy":"product_cat","embeddable":true,"href":"https:\/\/myliusvara.lt\/lv\/wp-json\/wp\/v2\/product_cat?post=4378"},{"taxonomy":"product_tag","embeddable":true,"href":"https:\/\/myliusvara.lt\/lv\/wp-json\/wp\/v2\/product_tag?post=4378"}],"curies":[{"name":"wp","href":"https:\/\/api.w.org\/{rel}","templated":true}]}}