{"id":4376,"date":"2026-01-14T17:31:04","date_gmt":"2026-01-14T17:31:04","guid":{"rendered":"https:\/\/myliusvara.lt\/uncategorized\/dr-beckmann-quick-power-wash-universals-skidrais-mazgasanas-lidzeklis-800ml\/"},"modified":"2026-02-23T13:40:08","modified_gmt":"2026-02-23T13:40:08","slug":"dr-beckmann-quick-power-wash-universals-skidrais-mazgasanas-lidzeklis-800ml","status":"publish","type":"product","link":"https:\/\/myliusvara.lt\/lv\/mazgasanas-un-skalosanas-lidzekli\/dr-beckmann-quick-power-wash-universals-skidrais-mazgasanas-lidzeklis-800ml\/","title":{"rendered":"Dr. Beckmann Quick Power Wash Univers\u0101ls \u0161\u0137idrais mazg\u0101\u0161anas l\u012bdzeklis 800ml"},"content":{"rendered":"<p>Paredz\u0113ts baltai un gai\u0161ai ve\u013cai. Jaud\u012bgi no\u0146em traipus pat \u012bs\u0101 15 min\u016b\u0161u cikl\u0101, aizsarg\u0101 kr\u0101sas no izbal\u0113\u0161anas. Efekt\u012bvs vis\u0101s mazg\u0101\u0161anas programm\u0101s, pat zem\u0101 temperat\u016br\u0101. Piem\u0113rots visiem audumiem, iz\u0146emot vilnu un z\u012bdu. Lieto\u0161ana: ielieciet nepiecie\u0161amo mazg\u0101\u0161anas l\u012bdzek\u013ca daudzumu mazg\u0101\u0161anas ma\u0161\u012bnas nodal\u012bjum\u0101. Ra\u017eots V\u0101cij\u0101.<\/p>\n","protected":false},"excerpt":{"rendered":"<p>Paredz\u0113ts baltai un gai\u0161ai ve\u013cai. Jaud\u012bgi no\u0146em traipus pat \u012bs\u0101 15 min\u016b\u0161u cikl\u0101, aizsarg\u0101 kr\u0101sas no izbal\u0113\u0161anas. Efekt\u012bvs vis\u0101s mazg\u0101\u0161anas programm\u0101s, pat zem\u0101 temperat\u016br\u0101. Piem\u0113rots visiem audumiem, iz\u0146emot vilnu un z\u012bdu. Lieto\u0161ana: ielieciet nepiecie\u0161amo mazg\u0101\u0161anas l\u012bdzek\u013ca daudzumu mazg\u0101\u0161anas ma\u0161\u012bnas nodal\u012bjum\u0101. Ra\u017eots V\u0101cij\u0101.<\/p>\n","protected":false},"featured_media":3562,"comment_status":"open","ping_status":"closed","template":"","meta":[],"product_brand":[64],"product_cat":[149,140],"product_tag":[],"class_list":{"0":"post-4376","1":"product","2":"type-product","3":"status-publish","4":"has-post-thumbnail","6":"product_brand-dr-beckmann","7":"product_cat-mazgasanas-un-skalosanas-lidzekli","8":"product_cat-jauni-produkti","10":"first","11":"instock","12":"shipping-taxable","13":"purchasable","14":"product-type-simple"},"_links":{"self":[{"href":"https:\/\/myliusvara.lt\/lv\/wp-json\/wp\/v2\/product\/4376","targetHints":{"allow":["GET"]}}],"collection":[{"href":"https:\/\/myliusvara.lt\/lv\/wp-json\/wp\/v2\/product"}],"about":[{"href":"https:\/\/myliusvara.lt\/lv\/wp-json\/wp\/v2\/types\/product"}],"replies":[{"embeddable":true,"href":"https:\/\/myliusvara.lt\/lv\/wp-json\/wp\/v2\/comments?post=4376"}],"wp:featuredmedia":[{"embeddable":true,"href":"https:\/\/myliusvara.lt\/lv\/wp-json\/wp\/v2\/media\/3562"}],"wp:attachment":[{"href":"https:\/\/myliusvara.lt\/lv\/wp-json\/wp\/v2\/media?parent=4376"}],"wp:term":[{"taxonomy":"product_brand","embeddable":true,"href":"https:\/\/myliusvara.lt\/lv\/wp-json\/wp\/v2\/product_brand?post=4376"},{"taxonomy":"product_cat","embeddable":true,"href":"https:\/\/myliusvara.lt\/lv\/wp-json\/wp\/v2\/product_cat?post=4376"},{"taxonomy":"product_tag","embeddable":true,"href":"https:\/\/myliusvara.lt\/lv\/wp-json\/wp\/v2\/product_tag?post=4376"}],"curies":[{"name":"wp","href":"https:\/\/api.w.org\/{rel}","templated":true}]}}