{"id":4371,"date":"2026-01-14T17:31:08","date_gmt":"2026-01-14T17:31:08","guid":{"rendered":"https:\/\/myliusvara.lt\/uncategorized\/dr-beckmann-ledusskapja-gaisa-atsvaidzinatajs-ar-dabigu-citronu-aromatu-40g\/"},"modified":"2026-02-23T13:26:29","modified_gmt":"2026-02-23T13:26:29","slug":"dr-beckmann-ledusskapja-gaisa-atsvaidzinatajs-ar-dabigu-citronu-aromatu-40g","status":"publish","type":"product","link":"https:\/\/myliusvara.lt\/lv\/virtuves-kopsanas-lidzekli\/dr-beckmann-ledusskapja-gaisa-atsvaidzinatajs-ar-dabigu-citronu-aromatu-40g\/","title":{"rendered":"Dr. Beckmann ledusskapja gaisa atsvaidzin\u0101t\u0101js ar dab\u012bgu citronu arom\u0101tu 40g"},"content":{"rendered":"<p>P\u0101rtikas produkti vai nepareiza to uzglab\u0101\u0161ana ledusskap\u012b var rad\u012bt nepat\u012bkamu smaku. T\u0101 ne tikai nepat\u012bkama, bet var main\u012bt ar\u012b citu p\u0101rtikas produktu gar\u0161u. Lai no t\u0101 izvair\u012btos, neitraliz\u0113jiet nepat\u012bkam\u0101s smakas ledusskap\u012b un aizsarg\u0101jiet p\u0101rtikas produktu arom\u0101tu. Dr. Beckmann ledusskapja gaisa atsvaidzin\u0101t\u0101js ar dab\u012bgu citronu arom\u0101tu efekt\u012bvi absorb\u0113 nepat\u012bkam\u0101s smakas. Lieto\u0161ana: ievietojiet ledusskap\u012b. Ra\u017eots V\u0101cij\u0101.<\/p>\n","protected":false},"excerpt":{"rendered":"<p>P\u0101rtikas produkti vai nepareiza to uzglab\u0101\u0161ana ledusskap\u012b var rad\u012bt nepat\u012bkamu smaku. T\u0101 ne tikai nepat\u012bkama, bet var main\u012bt ar\u012b citu p\u0101rtikas produktu gar\u0161u. Lai no t\u0101 izvair\u012btos, neitraliz\u0113jiet nepat\u012bkam\u0101s smakas ledusskap\u012b un aizsarg\u0101jiet p\u0101rtikas produktu arom\u0101tu. Dr. Beckmann ledusskapja gaisa atsvaidzin\u0101t\u0101js ar dab\u012bgu citronu arom\u0101tu efekt\u012bvi absorb\u0113 nepat\u012bkam\u0101s smakas. Lieto\u0161ana: ievietojiet ledusskap\u012b. Ra\u017eots V\u0101cij\u0101.<\/p>\n","protected":false},"featured_media":3598,"comment_status":"open","ping_status":"closed","template":"","meta":[],"product_brand":[64],"product_cat":[152],"product_tag":[],"class_list":{"0":"post-4371","1":"product","2":"type-product","3":"status-publish","4":"has-post-thumbnail","6":"product_brand-dr-beckmann","7":"product_cat-virtuves-kopsanas-lidzekli","9":"first","10":"instock","11":"shipping-taxable","12":"purchasable","13":"product-type-simple"},"_links":{"self":[{"href":"https:\/\/myliusvara.lt\/lv\/wp-json\/wp\/v2\/product\/4371","targetHints":{"allow":["GET"]}}],"collection":[{"href":"https:\/\/myliusvara.lt\/lv\/wp-json\/wp\/v2\/product"}],"about":[{"href":"https:\/\/myliusvara.lt\/lv\/wp-json\/wp\/v2\/types\/product"}],"replies":[{"embeddable":true,"href":"https:\/\/myliusvara.lt\/lv\/wp-json\/wp\/v2\/comments?post=4371"}],"wp:featuredmedia":[{"embeddable":true,"href":"https:\/\/myliusvara.lt\/lv\/wp-json\/wp\/v2\/media\/3598"}],"wp:attachment":[{"href":"https:\/\/myliusvara.lt\/lv\/wp-json\/wp\/v2\/media?parent=4371"}],"wp:term":[{"taxonomy":"product_brand","embeddable":true,"href":"https:\/\/myliusvara.lt\/lv\/wp-json\/wp\/v2\/product_brand?post=4371"},{"taxonomy":"product_cat","embeddable":true,"href":"https:\/\/myliusvara.lt\/lv\/wp-json\/wp\/v2\/product_cat?post=4371"},{"taxonomy":"product_tag","embeddable":true,"href":"https:\/\/myliusvara.lt\/lv\/wp-json\/wp\/v2\/product_tag?post=4371"}],"curies":[{"name":"wp","href":"https:\/\/api.w.org\/{rel}","templated":true}]}}