{"id":4369,"date":"2026-01-14T17:31:08","date_gmt":"2026-01-14T17:31:08","guid":{"rendered":"https:\/\/myliusvara.lt\/uncategorized\/dr-beckmann-plits-un-nerusejosa-terauda-intensivais-krems-250ml\/"},"modified":"2026-02-23T13:26:29","modified_gmt":"2026-02-23T13:26:29","slug":"dr-beckmann-plits-un-nerusejosa-terauda-intensivais-krems-250ml","status":"publish","type":"product","link":"https:\/\/myliusvara.lt\/lv\/virtuves-kopsanas-lidzekli\/dr-beckmann-plits-un-nerusejosa-terauda-intensivais-krems-250ml\/","title":{"rendered":"Dr. Beckmann Pl\u012bts un ner\u016bs\u0113jo\u0161a t\u0113rauda intens\u012bvais kr\u0113ms 250ml"},"content":{"rendered":"<p>Efekt\u012bvi no\u0146em piedegu\u0161u p\u0101rtiku, taukus, net\u012brumus, ka\u013c\u0137akmens nogulsnes, \u016bdens plankumus un pirkstu nospiedumus. Piem\u0113rots vis\u0101m pl\u012bt\u012bm (stikla keramikas, indukcijas, g\u0101zes) un ner\u016bs\u0113jo\u0161a t\u0113rauda virsm\u0101m (nav piem\u0113rots mat\u0113t\u0101m un sl\u012bp\u0113t\u0101m ner\u016bs\u0113jo\u0161a t\u0113rauda virsm\u0101m). Maigs pret materi\u0101liem. Lieto\u0161ana: Uzkl\u0101jiet nelielu daudzumu un ier\u012bv\u0113jiet ar m\u012bkstu dr\u0101ni\u0146u. Ra\u017eots V\u0101cij\u0101.<\/p>\n","protected":false},"excerpt":{"rendered":"<p>Efekt\u012bvi no\u0146em piedegu\u0161u p\u0101rtiku, taukus, net\u012brumus, ka\u013c\u0137akmens nogulsnes, \u016bdens plankumus un pirkstu nospiedumus. Piem\u0113rots vis\u0101m pl\u012bt\u012bm (stikla keramikas, indukcijas, g\u0101zes) un ner\u016bs\u0113jo\u0161a t\u0113rauda virsm\u0101m (nav piem\u0113rots mat\u0113t\u0101m un sl\u012bp\u0113t\u0101m ner\u016bs\u0113jo\u0161a t\u0113rauda virsm\u0101m). Maigs pret materi\u0101liem. Lieto\u0161ana: Uzkl\u0101jiet nelielu daudzumu un ier\u012bv\u0113jiet ar m\u012bkstu dr\u0101ni\u0146u. Ra\u017eots V\u0101cij\u0101.<\/p>\n","protected":false},"featured_media":3592,"comment_status":"open","ping_status":"closed","template":"","meta":[],"product_brand":[64],"product_cat":[152],"product_tag":[],"class_list":{"0":"post-4369","1":"product","2":"type-product","3":"status-publish","4":"has-post-thumbnail","6":"product_brand-dr-beckmann","7":"product_cat-virtuves-kopsanas-lidzekli","9":"first","10":"instock","11":"shipping-taxable","12":"purchasable","13":"product-type-simple"},"_links":{"self":[{"href":"https:\/\/myliusvara.lt\/lv\/wp-json\/wp\/v2\/product\/4369","targetHints":{"allow":["GET"]}}],"collection":[{"href":"https:\/\/myliusvara.lt\/lv\/wp-json\/wp\/v2\/product"}],"about":[{"href":"https:\/\/myliusvara.lt\/lv\/wp-json\/wp\/v2\/types\/product"}],"replies":[{"embeddable":true,"href":"https:\/\/myliusvara.lt\/lv\/wp-json\/wp\/v2\/comments?post=4369"}],"wp:featuredmedia":[{"embeddable":true,"href":"https:\/\/myliusvara.lt\/lv\/wp-json\/wp\/v2\/media\/3592"}],"wp:attachment":[{"href":"https:\/\/myliusvara.lt\/lv\/wp-json\/wp\/v2\/media?parent=4369"}],"wp:term":[{"taxonomy":"product_brand","embeddable":true,"href":"https:\/\/myliusvara.lt\/lv\/wp-json\/wp\/v2\/product_brand?post=4369"},{"taxonomy":"product_cat","embeddable":true,"href":"https:\/\/myliusvara.lt\/lv\/wp-json\/wp\/v2\/product_cat?post=4369"},{"taxonomy":"product_tag","embeddable":true,"href":"https:\/\/myliusvara.lt\/lv\/wp-json\/wp\/v2\/product_tag?post=4369"}],"curies":[{"name":"wp","href":"https:\/\/api.w.org\/{rel}","templated":true}]}}