{"id":4368,"date":"2026-01-14T17:31:08","date_gmt":"2026-01-14T17:31:08","guid":{"rendered":"https:\/\/myliusvara.lt\/uncategorized\/dr-beckmann-higieniskais-balinatajs-2in1-400g\/"},"modified":"2026-02-23T13:26:28","modified_gmt":"2026-02-23T13:26:28","slug":"dr-beckmann-higieniskais-balinatajs-2in1-400g","status":"publish","type":"product","link":"https:\/\/myliusvara.lt\/lv\/vannas-istabas-tualetes-kanalizacijas-tirisanas-lidzekli\/dr-beckmann-higieniskais-balinatajs-2in1-400g\/","title":{"rendered":"Dr. Beckmann Higi\u0113niskais balin\u0101t\u0101js 2in1 400g"},"content":{"rendered":"<p>C\u012bn\u0101s ar gr\u016bti no\u0146emamiem traipiem \u2014 pat sviedriem, man\u0161et\u0113m un apkakl\u0113m \u2014 nodro\u0161ina dzi\u013cu t\u012br\u012b\u0161anu, higi\u0113nisku t\u012br\u012bbu. Izstr\u0101d\u0101ts izmantojot Oxi White tehnolo\u0123iju. Ap\u0123\u0113rbi izskat\u0101s k\u0101 jauni. MAZG\u0100\u0160ANAS MA\u0160\u012aNA: Ievietojiet 25 g (1 \u0113damkarote) pulvera mazg\u0101\u0161anas l\u012bdzek\u013ca atvilktn\u0113. Maksim\u0101lai balin\u0101\u0161anai izmantojiet 50 g. Ra\u017eots V\u0101cij\u0101.<\/p>\n","protected":false},"excerpt":{"rendered":"<p>C\u012bn\u0101s ar gr\u016bti no\u0146emamiem traipiem \u2014 pat sviedriem, man\u0161et\u0113m un apkakl\u0113m \u2014 nodro\u0161ina dzi\u013cu t\u012br\u012b\u0161anu, higi\u0113nisku t\u012br\u012bbu. Izstr\u0101d\u0101ts izmantojot Oxi White tehnolo\u0123iju. Ap\u0123\u0113rbi izskat\u0101s k\u0101 jauni. MAZG\u0100\u0160ANAS MA\u0160\u012aNA: Ievietojiet 25 g (1 \u0113damkarote) pulvera mazg\u0101\u0161anas l\u012bdzek\u013ca atvilktn\u0113. Maksim\u0101lai balin\u0101\u0161anai izmantojiet 50 g. Ra\u017eots V\u0101cij\u0101.<\/p>\n","protected":false},"featured_media":3589,"comment_status":"open","ping_status":"closed","template":"","meta":[],"product_brand":[64],"product_cat":[149,151],"product_tag":[],"class_list":{"0":"post-4368","1":"product","2":"type-product","3":"status-publish","4":"has-post-thumbnail","6":"product_brand-dr-beckmann","7":"product_cat-mazgasanas-un-skalosanas-lidzekli","8":"product_cat-vannas-istabas-tualetes-kanalizacijas-tirisanas-lidzekli","10":"first","11":"instock","12":"shipping-taxable","13":"purchasable","14":"product-type-simple"},"_links":{"self":[{"href":"https:\/\/myliusvara.lt\/lv\/wp-json\/wp\/v2\/product\/4368","targetHints":{"allow":["GET"]}}],"collection":[{"href":"https:\/\/myliusvara.lt\/lv\/wp-json\/wp\/v2\/product"}],"about":[{"href":"https:\/\/myliusvara.lt\/lv\/wp-json\/wp\/v2\/types\/product"}],"replies":[{"embeddable":true,"href":"https:\/\/myliusvara.lt\/lv\/wp-json\/wp\/v2\/comments?post=4368"}],"wp:featuredmedia":[{"embeddable":true,"href":"https:\/\/myliusvara.lt\/lv\/wp-json\/wp\/v2\/media\/3589"}],"wp:attachment":[{"href":"https:\/\/myliusvara.lt\/lv\/wp-json\/wp\/v2\/media?parent=4368"}],"wp:term":[{"taxonomy":"product_brand","embeddable":true,"href":"https:\/\/myliusvara.lt\/lv\/wp-json\/wp\/v2\/product_brand?post=4368"},{"taxonomy":"product_cat","embeddable":true,"href":"https:\/\/myliusvara.lt\/lv\/wp-json\/wp\/v2\/product_cat?post=4368"},{"taxonomy":"product_tag","embeddable":true,"href":"https:\/\/myliusvara.lt\/lv\/wp-json\/wp\/v2\/product_tag?post=4368"}],"curies":[{"name":"wp","href":"https:\/\/api.w.org\/{rel}","templated":true}]}}