{"id":4367,"date":"2026-01-14T17:31:08","date_gmt":"2026-01-14T17:31:08","guid":{"rendered":"https:\/\/myliusvara.lt\/uncategorized\/dr-beckmann-intensive-black-krasu-un-skiedru-atjaunojosas-salvetes-melniem-audumiem-6gab\/"},"modified":"2026-02-23T13:26:28","modified_gmt":"2026-02-23T13:26:28","slug":"dr-beckmann-intensive-black-krasu-un-skiedru-atjaunojosas-salvetes-melniem-audumiem-6gab","status":"publish","type":"product","link":"https:\/\/myliusvara.lt\/lv\/mazgasanas-un-skalosanas-lidzekli\/dr-beckmann-intensive-black-krasu-un-skiedru-atjaunojosas-salvetes-melniem-audumiem-6gab\/","title":{"rendered":"Dr. Beckmann Intensive Black kr\u0101su un \u0161\u0137iedru atjaunojo\u0161\u0101s salvetes (melniem audumiem) 6gab."},"content":{"rendered":"<p>Jaun\u0101s kr\u0101su un audumu kop\u0161anas formulas Dr. Beckmann kr\u0101su un audumu atsvaidzin\u0101t\u0101js parast\u0101s mazg\u0101\u0161anas laik\u0101 atjauno j\u016bsu audumu melno kr\u0101su un aizsarg\u0101 pret izbal\u0113\u0161anu. Augstas kvalit\u0101tes auduma kr\u0101svielas mazg\u0101\u0161anas laik\u0101 ies\u016bcas audum\u0101, pie\u0161\u0137irot ilgsto\u0161u un intens\u012bvu melno kr\u0101su. Fermenti mazg\u0101\u0161anas laik\u0101 atjauno auduma \u0161\u0137iedras. Lieto\u0161ana: ievietojiet salvetes kop\u0101 ar melno ve\u013cu. Ra\u017eots V\u0101cij\u0101.<\/p>\n","protected":false},"excerpt":{"rendered":"<p>Jaun\u0101s kr\u0101su un audumu kop\u0161anas formulas Dr. Beckmann kr\u0101su un audumu atsvaidzin\u0101t\u0101js parast\u0101s mazg\u0101\u0161anas laik\u0101 atjauno j\u016bsu audumu melno kr\u0101su un aizsarg\u0101 pret izbal\u0113\u0161anu. Augstas kvalit\u0101tes auduma kr\u0101svielas mazg\u0101\u0161anas laik\u0101 ies\u016bcas audum\u0101, pie\u0161\u0137irot ilgsto\u0161u un intens\u012bvu melno kr\u0101su. Fermenti mazg\u0101\u0161anas laik\u0101 atjauno auduma \u0161\u0137iedras. Lieto\u0161ana: ievietojiet salvetes kop\u0101 ar melno ve\u013cu. Ra\u017eots V\u0101cij\u0101.<\/p>\n","protected":false},"featured_media":3586,"comment_status":"open","ping_status":"closed","template":"","meta":[],"product_brand":[64],"product_cat":[149],"product_tag":[],"class_list":{"0":"post-4367","1":"product","2":"type-product","3":"status-publish","4":"has-post-thumbnail","6":"product_brand-dr-beckmann","7":"product_cat-mazgasanas-un-skalosanas-lidzekli","9":"first","10":"instock","11":"shipping-taxable","12":"purchasable","13":"product-type-simple"},"_links":{"self":[{"href":"https:\/\/myliusvara.lt\/lv\/wp-json\/wp\/v2\/product\/4367","targetHints":{"allow":["GET"]}}],"collection":[{"href":"https:\/\/myliusvara.lt\/lv\/wp-json\/wp\/v2\/product"}],"about":[{"href":"https:\/\/myliusvara.lt\/lv\/wp-json\/wp\/v2\/types\/product"}],"replies":[{"embeddable":true,"href":"https:\/\/myliusvara.lt\/lv\/wp-json\/wp\/v2\/comments?post=4367"}],"wp:featuredmedia":[{"embeddable":true,"href":"https:\/\/myliusvara.lt\/lv\/wp-json\/wp\/v2\/media\/3586"}],"wp:attachment":[{"href":"https:\/\/myliusvara.lt\/lv\/wp-json\/wp\/v2\/media?parent=4367"}],"wp:term":[{"taxonomy":"product_brand","embeddable":true,"href":"https:\/\/myliusvara.lt\/lv\/wp-json\/wp\/v2\/product_brand?post=4367"},{"taxonomy":"product_cat","embeddable":true,"href":"https:\/\/myliusvara.lt\/lv\/wp-json\/wp\/v2\/product_cat?post=4367"},{"taxonomy":"product_tag","embeddable":true,"href":"https:\/\/myliusvara.lt\/lv\/wp-json\/wp\/v2\/product_tag?post=4367"}],"curies":[{"name":"wp","href":"https:\/\/api.w.org\/{rel}","templated":true}]}}