{"id":4366,"date":"2026-01-14T17:31:08","date_gmt":"2026-01-14T17:31:08","guid":{"rendered":"https:\/\/myliusvara.lt\/uncategorized\/dr-beckmann-magic-leaves-mazgasanas-lapelisi-jutigai-adai-25gab\/"},"modified":"2026-02-23T13:40:08","modified_gmt":"2026-02-23T13:40:08","slug":"dr-beckmann-magic-leaves-mazgasanas-lapelisi-jutigai-adai-25gab","status":"publish","type":"product","link":"https:\/\/myliusvara.lt\/lv\/mazgasanas-un-skalosanas-lidzekli\/dr-beckmann-magic-leaves-mazgasanas-lapelisi-jutigai-adai-25gab\/","title":{"rendered":"Dr. Beckmann Magic Leaves mazg\u0101\u0161anas lapel\u012b\u0161i jut\u012bgai \u0101dai 25gab."},"content":{"rendered":"<p>Piem\u0113rots baltu un kr\u0101sainu ap\u0123\u0113rbu mazg\u0101\u0161anai 20\u201395 \u00b0C temperat\u016br\u0101. Lapel\u012b\u0161i \u0161\u0137\u012bst \u016bden\u012b, viegli lietojami un doz\u0113jami, sast\u0101v\u0101 ir alveja, bez kr\u0101sviel\u0101m un konservantiem. Saglab\u0101 sporta ap\u0123\u0113rba elpojo\u0161\u0101s \u012bpa\u0161\u012bbas un dvie\u013cu mitruma absorbciju. Lieto\u0161ana: 1 lapel\u012bti ievietojiet tuk\u0161aj\u0101 bubn\u0101, pievienojiet ve\u013cu un mazg\u0101jiet. Ra\u017eots V\u0101cij\u0101.<\/p>\n","protected":false},"excerpt":{"rendered":"<p>Piem\u0113rots baltu un kr\u0101sainu ap\u0123\u0113rbu mazg\u0101\u0161anai 20\u201395 \u00b0C temperat\u016br\u0101. Lapel\u012b\u0161i \u0161\u0137\u012bst \u016bden\u012b, viegli lietojami un doz\u0113jami, sast\u0101v\u0101 ir alveja, bez kr\u0101sviel\u0101m un konservantiem. Saglab\u0101 sporta ap\u0123\u0113rba elpojo\u0161\u0101s \u012bpa\u0161\u012bbas un dvie\u013cu mitruma absorbciju. Lieto\u0161ana: 1 lapel\u012bti ievietojiet tuk\u0161aj\u0101 bubn\u0101, pievienojiet ve\u013cu un mazg\u0101jiet. Ra\u017eots V\u0101cij\u0101.<\/p>\n","protected":false},"featured_media":3583,"comment_status":"open","ping_status":"closed","template":"","meta":[],"product_brand":[64],"product_cat":[149,140],"product_tag":[],"class_list":{"0":"post-4366","1":"product","2":"type-product","3":"status-publish","4":"has-post-thumbnail","6":"product_brand-dr-beckmann","7":"product_cat-mazgasanas-un-skalosanas-lidzekli","8":"product_cat-jauni-produkti","10":"first","11":"instock","12":"shipping-taxable","13":"purchasable","14":"product-type-simple"},"_links":{"self":[{"href":"https:\/\/myliusvara.lt\/lv\/wp-json\/wp\/v2\/product\/4366","targetHints":{"allow":["GET"]}}],"collection":[{"href":"https:\/\/myliusvara.lt\/lv\/wp-json\/wp\/v2\/product"}],"about":[{"href":"https:\/\/myliusvara.lt\/lv\/wp-json\/wp\/v2\/types\/product"}],"replies":[{"embeddable":true,"href":"https:\/\/myliusvara.lt\/lv\/wp-json\/wp\/v2\/comments?post=4366"}],"wp:featuredmedia":[{"embeddable":true,"href":"https:\/\/myliusvara.lt\/lv\/wp-json\/wp\/v2\/media\/3583"}],"wp:attachment":[{"href":"https:\/\/myliusvara.lt\/lv\/wp-json\/wp\/v2\/media?parent=4366"}],"wp:term":[{"taxonomy":"product_brand","embeddable":true,"href":"https:\/\/myliusvara.lt\/lv\/wp-json\/wp\/v2\/product_brand?post=4366"},{"taxonomy":"product_cat","embeddable":true,"href":"https:\/\/myliusvara.lt\/lv\/wp-json\/wp\/v2\/product_cat?post=4366"},{"taxonomy":"product_tag","embeddable":true,"href":"https:\/\/myliusvara.lt\/lv\/wp-json\/wp\/v2\/product_tag?post=4366"}],"curies":[{"name":"wp","href":"https:\/\/api.w.org\/{rel}","templated":true}]}}