{"id":4365,"date":"2026-01-14T17:31:08","date_gmt":"2026-01-14T17:31:08","guid":{"rendered":"https:\/\/myliusvara.lt\/uncategorized\/dr-beckmann-oxi-power-traipu-tiritajs-400g\/"},"modified":"2026-02-23T13:26:27","modified_gmt":"2026-02-23T13:26:27","slug":"dr-beckmann-oxi-power-traipu-tiritajs-400g","status":"publish","type":"product","link":"https:\/\/myliusvara.lt\/lv\/traipu-tiritaji\/dr-beckmann-oxi-power-traipu-tiritajs-400g\/","title":{"rendered":"Dr. Beckmann Oxi-Power traipu t\u012br\u012bt\u0101js 400g"},"content":{"rendered":"<p>C\u012bn\u0101s ar gr\u016bti no\u0146emamiem traipiem \u2014 nodro\u0161ina higi\u0113nisku t\u012br\u012bbu. Aizsarg\u0101 pret pel\u0113ko\u0161anu: jaud\u012bga formula no\u0146em pat nelielus kr\u0101sas izmai\u0146as. Darbojas izmantojot Oxi Action tehnolo\u0123iju. Ap\u0123\u0113rbi izskat\u0101s k\u0101 jauni. Lieto\u0161ana: MAZG\u0100\u0160ANAS MA\u0160\u012aNA: Ievietojiet 50 g (2 \u0113damkarotes) pulvera mazg\u0101\u0161anas pirmsapstr\u0101des nodal\u012bjum\u0101. Ra\u017eots V\u0101cij\u0101.<\/p>\n","protected":false},"excerpt":{"rendered":"<p>C\u012bn\u0101s ar gr\u016bti no\u0146emamiem traipiem \u2014 nodro\u0161ina higi\u0113nisku t\u012br\u012bbu. Aizsarg\u0101 pret pel\u0113ko\u0161anu: jaud\u012bga formula no\u0146em pat nelielus kr\u0101sas izmai\u0146as. Darbojas izmantojot Oxi Action tehnolo\u0123iju. Ap\u0123\u0113rbi izskat\u0101s k\u0101 jauni. Lieto\u0161ana: MAZG\u0100\u0160ANAS MA\u0160\u012aNA: Ievietojiet 50 g (2 \u0113damkarotes) pulvera mazg\u0101\u0161anas pirmsapstr\u0101des nodal\u012bjum\u0101. Ra\u017eots V\u0101cij\u0101.<\/p>\n","protected":false},"featured_media":3580,"comment_status":"open","ping_status":"closed","template":"","meta":[],"product_brand":[64],"product_cat":[157],"product_tag":[],"class_list":{"0":"post-4365","1":"product","2":"type-product","3":"status-publish","4":"has-post-thumbnail","6":"product_brand-dr-beckmann","7":"product_cat-traipu-tiritaji","9":"first","10":"instock","11":"shipping-taxable","12":"purchasable","13":"product-type-simple"},"_links":{"self":[{"href":"https:\/\/myliusvara.lt\/lv\/wp-json\/wp\/v2\/product\/4365","targetHints":{"allow":["GET"]}}],"collection":[{"href":"https:\/\/myliusvara.lt\/lv\/wp-json\/wp\/v2\/product"}],"about":[{"href":"https:\/\/myliusvara.lt\/lv\/wp-json\/wp\/v2\/types\/product"}],"replies":[{"embeddable":true,"href":"https:\/\/myliusvara.lt\/lv\/wp-json\/wp\/v2\/comments?post=4365"}],"wp:featuredmedia":[{"embeddable":true,"href":"https:\/\/myliusvara.lt\/lv\/wp-json\/wp\/v2\/media\/3580"}],"wp:attachment":[{"href":"https:\/\/myliusvara.lt\/lv\/wp-json\/wp\/v2\/media?parent=4365"}],"wp:term":[{"taxonomy":"product_brand","embeddable":true,"href":"https:\/\/myliusvara.lt\/lv\/wp-json\/wp\/v2\/product_brand?post=4365"},{"taxonomy":"product_cat","embeddable":true,"href":"https:\/\/myliusvara.lt\/lv\/wp-json\/wp\/v2\/product_cat?post=4365"},{"taxonomy":"product_tag","embeddable":true,"href":"https:\/\/myliusvara.lt\/lv\/wp-json\/wp\/v2\/product_tag?post=4365"}],"curies":[{"name":"wp","href":"https:\/\/api.w.org\/{rel}","templated":true}]}}