{"id":4363,"date":"2026-01-14T17:31:09","date_gmt":"2026-01-14T17:31:09","guid":{"rendered":"https:\/\/myliusvara.lt\/uncategorized\/dr-beckmann-zults-ziepju-traipu-tiritajs-250ml\/"},"modified":"2026-02-23T13:26:27","modified_gmt":"2026-02-23T13:26:27","slug":"dr-beckmann-zults-ziepju-traipu-tiritajs-250ml","status":"publish","type":"product","link":"https:\/\/myliusvara.lt\/lv\/traipu-tiritaji\/dr-beckmann-zults-ziepju-traipu-tiritajs-250ml\/","title":{"rendered":"Dr. Beckmann \u017dults ziepju traipu t\u012br\u012bt\u0101js 250ml"},"content":{"rendered":"<p>Efekt\u012bvi no\u0146em da\u017e\u0101dus traipus \u2014 taukus, m\u0113rces, ke\u010dupu, \u0161okol\u0101di, l\u016bpu kr\u0101su, v\u012bnu, kafiju, t\u0113ju, b\u0113rnu p\u0101rtiku u.c. Piem\u0113rots visiem mazg\u0101jamiem audumiem, ieskaitot kr\u0101sainos. Efekt\u012bvs no 20 \u00b0C. Dermato\u0123iski test\u0113ts. Lieto\u0161ana: Mazg\u0101\u0161anas pastiprin\u0101jumam: ielieciet 50 ml mazg\u0101\u0161anas nodal\u012bjum\u0101. Priek\u0161apstr\u0101dei: uzkl\u0101jiet uz traipa, atst\u0101jiet iedarboties un mazg\u0101jiet. Ra\u017eots V\u0101cij\u0101.<\/p>\n","protected":false},"excerpt":{"rendered":"<p>Efekt\u012bvi no\u0146em da\u017e\u0101dus traipus \u2014 taukus, m\u0113rces, ke\u010dupu, \u0161okol\u0101di, l\u016bpu kr\u0101su, v\u012bnu, kafiju, t\u0113ju, b\u0113rnu p\u0101rtiku u.c. Piem\u0113rots visiem mazg\u0101jamiem audumiem, ieskaitot kr\u0101sainos. Efekt\u012bvs no 20 \u00b0C. Dermato\u0123iski test\u0113ts. Lieto\u0161ana: Mazg\u0101\u0161anas pastiprin\u0101jumam: ielieciet 50 ml mazg\u0101\u0161anas nodal\u012bjum\u0101. Priek\u0161apstr\u0101dei: uzkl\u0101jiet uz traipa, atst\u0101jiet iedarboties un mazg\u0101jiet. Ra\u017eots V\u0101cij\u0101.<\/p>\n","protected":false},"featured_media":3622,"comment_status":"open","ping_status":"closed","template":"","meta":[],"product_brand":[64],"product_cat":[157],"product_tag":[],"class_list":{"0":"post-4363","1":"product","2":"type-product","3":"status-publish","4":"has-post-thumbnail","6":"product_brand-dr-beckmann","7":"product_cat-traipu-tiritaji","9":"first","10":"instock","11":"shipping-taxable","12":"purchasable","13":"product-type-simple"},"_links":{"self":[{"href":"https:\/\/myliusvara.lt\/lv\/wp-json\/wp\/v2\/product\/4363","targetHints":{"allow":["GET"]}}],"collection":[{"href":"https:\/\/myliusvara.lt\/lv\/wp-json\/wp\/v2\/product"}],"about":[{"href":"https:\/\/myliusvara.lt\/lv\/wp-json\/wp\/v2\/types\/product"}],"replies":[{"embeddable":true,"href":"https:\/\/myliusvara.lt\/lv\/wp-json\/wp\/v2\/comments?post=4363"}],"wp:featuredmedia":[{"embeddable":true,"href":"https:\/\/myliusvara.lt\/lv\/wp-json\/wp\/v2\/media\/3622"}],"wp:attachment":[{"href":"https:\/\/myliusvara.lt\/lv\/wp-json\/wp\/v2\/media?parent=4363"}],"wp:term":[{"taxonomy":"product_brand","embeddable":true,"href":"https:\/\/myliusvara.lt\/lv\/wp-json\/wp\/v2\/product_brand?post=4363"},{"taxonomy":"product_cat","embeddable":true,"href":"https:\/\/myliusvara.lt\/lv\/wp-json\/wp\/v2\/product_cat?post=4363"},{"taxonomy":"product_tag","embeddable":true,"href":"https:\/\/myliusvara.lt\/lv\/wp-json\/wp\/v2\/product_tag?post=4363"}],"curies":[{"name":"wp","href":"https:\/\/api.w.org\/{rel}","templated":true}]}}