{"id":4362,"date":"2026-01-14T17:31:09","date_gmt":"2026-01-14T17:31:09","guid":{"rendered":"https:\/\/myliusvara.lt\/uncategorized\/dr-beckmann-paklaju-tiritajs-ar-suku-650ml\/"},"modified":"2026-02-23T13:26:27","modified_gmt":"2026-02-23T13:26:27","slug":"dr-beckmann-paklaju-tiritajs-ar-suku-650ml","status":"publish","type":"product","link":"https:\/\/myliusvara.lt\/lv\/gridu-mebelu-un-paklaju-tirisanas-lidzekli\/dr-beckmann-paklaju-tiritajs-ar-suku-650ml\/","title":{"rendered":"Dr. Beckmann Pakl\u0101ju t\u012br\u012bt\u0101js ar suku 650ml"},"content":{"rendered":"<p>Akt\u012bva smaku no\u0146em\u0161ana \u2014 darbojas pat pret m\u0101jdz\u012bvnieku smak\u0101m. Aizsarg\u0101 kr\u0101sas un audumu. Efekt\u012bvs t\u012br\u012bt\u0101js, kura pamat\u0101 ir formula ar akt\u012bvo sk\u0101bekli, ar sukas aplikatora pal\u012bdz\u012bbu viegli ier\u012bv\u0113jams un no\u0146em sarkan\u0101 v\u012bna, kafijas, sulu, &#8220;Coca Cola&#8221;, t\u0113jas, tauku, e\u013c\u013cas, kosm\u0113tikas un citus traipus. Lieto\u0161ana: Ier\u012bv\u0113jiet ar suku un noslaukiet ar mitru dr\u0101ni\u0146u. Ra\u017eots V\u0101cij\u0101.<\/p>\n","protected":false},"excerpt":{"rendered":"<p>Akt\u012bva smaku no\u0146em\u0161ana \u2014 darbojas pat pret m\u0101jdz\u012bvnieku smak\u0101m. Aizsarg\u0101 kr\u0101sas un audumu. Efekt\u012bvs t\u012br\u012bt\u0101js, kura pamat\u0101 ir formula ar akt\u012bvo sk\u0101bekli, ar sukas aplikatora pal\u012bdz\u012bbu viegli ier\u012bv\u0113jams un no\u0146em sarkan\u0101 v\u012bna, kafijas, sulu, &#8220;Coca Cola&#8221;, t\u0113jas, tauku, e\u013c\u013cas, kosm\u0113tikas un citus traipus. Lieto\u0161ana: Ier\u012bv\u0113jiet ar suku un noslaukiet ar mitru dr\u0101ni\u0146u. Ra\u017eots V\u0101cij\u0101.<\/p>\n","protected":false},"featured_media":3619,"comment_status":"open","ping_status":"closed","template":"","meta":[],"product_brand":[64],"product_cat":[158],"product_tag":[],"class_list":{"0":"post-4362","1":"product","2":"type-product","3":"status-publish","4":"has-post-thumbnail","6":"product_brand-dr-beckmann","7":"product_cat-gridu-mebelu-un-paklaju-tirisanas-lidzekli","9":"first","10":"instock","11":"shipping-taxable","12":"purchasable","13":"product-type-simple"},"_links":{"self":[{"href":"https:\/\/myliusvara.lt\/lv\/wp-json\/wp\/v2\/product\/4362","targetHints":{"allow":["GET"]}}],"collection":[{"href":"https:\/\/myliusvara.lt\/lv\/wp-json\/wp\/v2\/product"}],"about":[{"href":"https:\/\/myliusvara.lt\/lv\/wp-json\/wp\/v2\/types\/product"}],"replies":[{"embeddable":true,"href":"https:\/\/myliusvara.lt\/lv\/wp-json\/wp\/v2\/comments?post=4362"}],"wp:featuredmedia":[{"embeddable":true,"href":"https:\/\/myliusvara.lt\/lv\/wp-json\/wp\/v2\/media\/3619"}],"wp:attachment":[{"href":"https:\/\/myliusvara.lt\/lv\/wp-json\/wp\/v2\/media?parent=4362"}],"wp:term":[{"taxonomy":"product_brand","embeddable":true,"href":"https:\/\/myliusvara.lt\/lv\/wp-json\/wp\/v2\/product_brand?post=4362"},{"taxonomy":"product_cat","embeddable":true,"href":"https:\/\/myliusvara.lt\/lv\/wp-json\/wp\/v2\/product_cat?post=4362"},{"taxonomy":"product_tag","embeddable":true,"href":"https:\/\/myliusvara.lt\/lv\/wp-json\/wp\/v2\/product_tag?post=4362"}],"curies":[{"name":"wp","href":"https:\/\/api.w.org\/{rel}","templated":true}]}}