{"id":4360,"date":"2026-01-14T17:31:09","date_gmt":"2026-01-14T17:31:09","guid":{"rendered":"https:\/\/myliusvara.lt\/uncategorized\/dr-beckmann-tualetes-tirisanas-lapelisi-ocean-breeze-20gab\/"},"modified":"2026-02-23T13:43:02","modified_gmt":"2026-02-23T13:43:02","slug":"dr-beckmann-tualetes-tirisanas-lapelisi-ocean-breeze-20gab","status":"publish","type":"product","link":"https:\/\/myliusvara.lt\/lv\/vannas-istabas-tualetes-kanalizacijas-tirisanas-lidzekli\/dr-beckmann-tualetes-tirisanas-lapelisi-ocean-breeze-20gab\/","title":{"rendered":"Dr. Beckmann Tualetes t\u012br\u012b\u0161anas lapel\u012b\u0161i Ocean Breeze 20gab."},"content":{"rendered":"<p>\u012apa\u0161i viegli lapel\u012b\u0161i ir 100% \u0161\u0137\u012bsto\u0161i un efekt\u012bvi aizsarg\u0101 pret net\u012brumiem, ka\u013c\u0137akmens nogulsn\u0113m un ur\u012bna plankumiem. No\u0146em nepat\u012bkamas smakas un atst\u0101j pat\u012bkamu oke\u0101na smar\u017eu. Lieto\u0161ana: Iemetiet 1 lapel\u012bti tualetes \u016bden\u012b. P\u0113c da\u017e\u0101m sekund\u0113m aktiviz\u0113jiet puto\u0161anas sp\u0113ku, maisot un t\u012brot tualetes suku. Ra\u017eots V\u0101cij\u0101.<\/p>\n","protected":false},"excerpt":{"rendered":"<p>\u012apa\u0161i viegli lapel\u012b\u0161i ir 100% \u0161\u0137\u012bsto\u0161i un efekt\u012bvi aizsarg\u0101 pret net\u012brumiem, ka\u013c\u0137akmens nogulsn\u0113m un ur\u012bna plankumiem. No\u0146em nepat\u012bkamas smakas un atst\u0101j pat\u012bkamu oke\u0101na smar\u017eu. Lieto\u0161ana: Iemetiet 1 lapel\u012bti tualetes \u016bden\u012b. P\u0113c da\u017e\u0101m sekund\u0113m aktiviz\u0113jiet puto\u0161anas sp\u0113ku, maisot un t\u012brot tualetes suku. Ra\u017eots V\u0101cij\u0101.<\/p>\n","protected":false},"featured_media":3613,"comment_status":"open","ping_status":"closed","template":"","meta":[],"product_brand":[64],"product_cat":[151],"product_tag":[],"class_list":{"0":"post-4360","1":"product","2":"type-product","3":"status-publish","4":"has-post-thumbnail","6":"product_brand-dr-beckmann","7":"product_cat-vannas-istabas-tualetes-kanalizacijas-tirisanas-lidzekli","9":"first","10":"instock","11":"shipping-taxable","12":"purchasable","13":"product-type-simple"},"_links":{"self":[{"href":"https:\/\/myliusvara.lt\/lv\/wp-json\/wp\/v2\/product\/4360","targetHints":{"allow":["GET"]}}],"collection":[{"href":"https:\/\/myliusvara.lt\/lv\/wp-json\/wp\/v2\/product"}],"about":[{"href":"https:\/\/myliusvara.lt\/lv\/wp-json\/wp\/v2\/types\/product"}],"replies":[{"embeddable":true,"href":"https:\/\/myliusvara.lt\/lv\/wp-json\/wp\/v2\/comments?post=4360"}],"wp:featuredmedia":[{"embeddable":true,"href":"https:\/\/myliusvara.lt\/lv\/wp-json\/wp\/v2\/media\/3613"}],"wp:attachment":[{"href":"https:\/\/myliusvara.lt\/lv\/wp-json\/wp\/v2\/media?parent=4360"}],"wp:term":[{"taxonomy":"product_brand","embeddable":true,"href":"https:\/\/myliusvara.lt\/lv\/wp-json\/wp\/v2\/product_brand?post=4360"},{"taxonomy":"product_cat","embeddable":true,"href":"https:\/\/myliusvara.lt\/lv\/wp-json\/wp\/v2\/product_cat?post=4360"},{"taxonomy":"product_tag","embeddable":true,"href":"https:\/\/myliusvara.lt\/lv\/wp-json\/wp\/v2\/product_tag?post=4360"}],"curies":[{"name":"wp","href":"https:\/\/api.w.org\/{rel}","templated":true}]}}