{"id":4359,"date":"2026-01-14T17:31:09","date_gmt":"2026-01-14T17:31:09","guid":{"rendered":"https:\/\/myliusvara.lt\/uncategorized\/dr-beckmann-higieniskais-trauku-mazgajamas-masinas-tiritajs-75g\/"},"modified":"2026-02-23T13:26:26","modified_gmt":"2026-02-23T13:26:26","slug":"dr-beckmann-higieniskais-trauku-mazgajamas-masinas-tiritajs-75g","status":"publish","type":"product","link":"https:\/\/myliusvara.lt\/lv\/trauku-un-trauku-mazgajamas-masinas-tirisanas-lidzekli\/dr-beckmann-higieniskais-trauku-mazgajamas-masinas-tiritajs-75g\/","title":{"rendered":"Dr. Beckmann Higi\u0113niskais trauku mazg\u0101jam\u0101s ma\u0161\u012bnas t\u012br\u012bt\u0101js 75g"},"content":{"rendered":"<p>T\u012br\u012bt\u0101js efekt\u012bvi no\u0146em taukus, net\u012brumus un nogulsnes pat gr\u016bti sasniedzam\u0101s viet\u0101s, atjauno trauku mazg\u0101jam\u0101s ma\u0161\u012bnas efektivit\u0101ti, no\u0146em nepat\u012bkamas smakas un atst\u0101j svaigu arom\u0101tu. Lieto\u0161ana: tuk\u0161\u0101 trauku mazg\u0101jam\u0101 ma\u0161\u012bn\u0101 ieb\u0113riet pulveri doz\u0113\u0161anas nodal\u012bjum\u0101 un atliku\u0161o sadaliet pa dibenu, p\u0113c tam palaidiet mazg\u0101\u0161anas ciklu. Ra\u017eots V\u0101cij\u0101.<\/p>\n","protected":false},"excerpt":{"rendered":"<p>T\u012br\u012bt\u0101js efekt\u012bvi no\u0146em taukus, net\u012brumus un nogulsnes pat gr\u016bti sasniedzam\u0101s viet\u0101s, atjauno trauku mazg\u0101jam\u0101s ma\u0161\u012bnas efektivit\u0101ti, no\u0146em nepat\u012bkamas smakas un atst\u0101j svaigu arom\u0101tu. Lieto\u0161ana: tuk\u0161\u0101 trauku mazg\u0101jam\u0101 ma\u0161\u012bn\u0101 ieb\u0113riet pulveri doz\u0113\u0161anas nodal\u012bjum\u0101 un atliku\u0161o sadaliet pa dibenu, p\u0113c tam palaidiet mazg\u0101\u0161anas ciklu. Ra\u017eots V\u0101cij\u0101.<\/p>\n","protected":false},"featured_media":3610,"comment_status":"open","ping_status":"closed","template":"","meta":[],"product_brand":[64],"product_cat":[167],"product_tag":[],"class_list":{"0":"post-4359","1":"product","2":"type-product","3":"status-publish","4":"has-post-thumbnail","6":"product_brand-dr-beckmann","7":"product_cat-trauku-un-trauku-mazgajamas-masinas-tirisanas-lidzekli","9":"first","10":"instock","11":"shipping-taxable","12":"purchasable","13":"product-type-simple"},"_links":{"self":[{"href":"https:\/\/myliusvara.lt\/lv\/wp-json\/wp\/v2\/product\/4359","targetHints":{"allow":["GET"]}}],"collection":[{"href":"https:\/\/myliusvara.lt\/lv\/wp-json\/wp\/v2\/product"}],"about":[{"href":"https:\/\/myliusvara.lt\/lv\/wp-json\/wp\/v2\/types\/product"}],"replies":[{"embeddable":true,"href":"https:\/\/myliusvara.lt\/lv\/wp-json\/wp\/v2\/comments?post=4359"}],"wp:featuredmedia":[{"embeddable":true,"href":"https:\/\/myliusvara.lt\/lv\/wp-json\/wp\/v2\/media\/3610"}],"wp:attachment":[{"href":"https:\/\/myliusvara.lt\/lv\/wp-json\/wp\/v2\/media?parent=4359"}],"wp:term":[{"taxonomy":"product_brand","embeddable":true,"href":"https:\/\/myliusvara.lt\/lv\/wp-json\/wp\/v2\/product_brand?post=4359"},{"taxonomy":"product_cat","embeddable":true,"href":"https:\/\/myliusvara.lt\/lv\/wp-json\/wp\/v2\/product_cat?post=4359"},{"taxonomy":"product_tag","embeddable":true,"href":"https:\/\/myliusvara.lt\/lv\/wp-json\/wp\/v2\/product_tag?post=4359"}],"curies":[{"name":"wp","href":"https:\/\/api.w.org\/{rel}","templated":true}]}}