{"id":4356,"date":"2026-01-14T17:31:09","date_gmt":"2026-01-14T17:31:09","guid":{"rendered":"https:\/\/myliusvara.lt\/uncategorized\/dr-beckmann-magic-leaves-audumu-mikstinataja-lapelisi-tropical-orchid-28-mazgasanas-reizes-14gab\/"},"modified":"2026-02-23T13:40:07","modified_gmt":"2026-02-23T13:40:07","slug":"dr-beckmann-magic-leaves-audumu-mikstinataja-lapelisi-tropical-orchid-28-mazgasanas-reizes-14gab","status":"publish","type":"product","link":"https:\/\/myliusvara.lt\/lv\/mazgasanas-un-skalosanas-lidzekli\/dr-beckmann-magic-leaves-audumu-mikstinataja-lapelisi-tropical-orchid-28-mazgasanas-reizes-14gab\/","title":{"rendered":"Dr. Beckmann Magic Leaves audumu m\u012bkstin\u0101t\u0101ja lapel\u012b\u0161i Tropical Orchid 28 mazg\u0101\u0161anas reizes (14gab.)"},"content":{"rendered":"<p>Pie\u0161\u0137ir ap\u0123\u0113rbam maigumu un pat\u012bkamu atsvaidzino\u0161u arom\u0101tu. Lapel\u012b\u0161i \u0161\u0137\u012bst \u016bden\u012b, viegli lietojami un doz\u0113jami, bez kr\u0101sviel\u0101m un konservantiem. Piem\u0113rots visai ve\u013cai, iz\u0146emot vilnu un z\u012bdu. Saglab\u0101 sporta ap\u0123\u0113rba elpojo\u0161\u0101s \u012bpa\u0161\u012bbas un dvie\u013cu mitruma absorbciju. Lieto\u0161ana: \u00bd lapel\u012b\u0161a ievietojiet mazg\u0101\u0161anas ma\u0161\u012bnas tuk\u0161aj\u0101 bubn\u0101. Ra\u017eots V\u0101cij\u0101.<\/p>\n","protected":false},"excerpt":{"rendered":"<p>Pie\u0161\u0137ir ap\u0123\u0113rbam maigumu un pat\u012bkamu atsvaidzino\u0161u arom\u0101tu. Lapel\u012b\u0161i \u0161\u0137\u012bst \u016bden\u012b, viegli lietojami un doz\u0113jami, bez kr\u0101sviel\u0101m un konservantiem. Piem\u0113rots visai ve\u013cai, iz\u0146emot vilnu un z\u012bdu. Saglab\u0101 sporta ap\u0123\u0113rba elpojo\u0161\u0101s \u012bpa\u0161\u012bbas un dvie\u013cu mitruma absorbciju. Lieto\u0161ana: \u00bd lapel\u012b\u0161a ievietojiet mazg\u0101\u0161anas ma\u0161\u012bnas tuk\u0161aj\u0101 bubn\u0101. Ra\u017eots V\u0101cij\u0101.<\/p>\n","protected":false},"featured_media":3601,"comment_status":"open","ping_status":"closed","template":"","meta":[],"product_brand":[64],"product_cat":[149],"product_tag":[],"class_list":{"0":"post-4356","1":"product","2":"type-product","3":"status-publish","4":"has-post-thumbnail","6":"product_brand-dr-beckmann","7":"product_cat-mazgasanas-un-skalosanas-lidzekli","9":"first","10":"instock","11":"shipping-taxable","12":"purchasable","13":"product-type-simple"},"_links":{"self":[{"href":"https:\/\/myliusvara.lt\/lv\/wp-json\/wp\/v2\/product\/4356","targetHints":{"allow":["GET"]}}],"collection":[{"href":"https:\/\/myliusvara.lt\/lv\/wp-json\/wp\/v2\/product"}],"about":[{"href":"https:\/\/myliusvara.lt\/lv\/wp-json\/wp\/v2\/types\/product"}],"replies":[{"embeddable":true,"href":"https:\/\/myliusvara.lt\/lv\/wp-json\/wp\/v2\/comments?post=4356"}],"wp:featuredmedia":[{"embeddable":true,"href":"https:\/\/myliusvara.lt\/lv\/wp-json\/wp\/v2\/media\/3601"}],"wp:attachment":[{"href":"https:\/\/myliusvara.lt\/lv\/wp-json\/wp\/v2\/media?parent=4356"}],"wp:term":[{"taxonomy":"product_brand","embeddable":true,"href":"https:\/\/myliusvara.lt\/lv\/wp-json\/wp\/v2\/product_brand?post=4356"},{"taxonomy":"product_cat","embeddable":true,"href":"https:\/\/myliusvara.lt\/lv\/wp-json\/wp\/v2\/product_cat?post=4356"},{"taxonomy":"product_tag","embeddable":true,"href":"https:\/\/myliusvara.lt\/lv\/wp-json\/wp\/v2\/product_tag?post=4356"}],"curies":[{"name":"wp","href":"https:\/\/api.w.org\/{rel}","templated":true}]}}