{"id":4355,"date":"2026-01-14T17:31:10","date_gmt":"2026-01-14T17:31:10","guid":{"rendered":"https:\/\/myliusvara.lt\/uncategorized\/dr-beckmann-mazgasanas-masinas-tiritajs-care-protection-250ml\/"},"modified":"2026-02-23T13:26:24","modified_gmt":"2026-02-23T13:26:24","slug":"dr-beckmann-mazgasanas-masinas-tiritajs-care-protection-250ml","status":"publish","type":"product","link":"https:\/\/myliusvara.lt\/lv\/mazgasanas-un-skalosanas-lidzekli\/dr-beckmann-mazgasanas-masinas-tiritajs-care-protection-250ml\/","title":{"rendered":"Dr. Beckmann mazg\u0101\u0161anas ma\u0161\u012bnas t\u012br\u012bt\u0101js CARE &#038; PROTECTION 250ml"},"content":{"rendered":"<p>T\u012br\u012bt\u0101js paredz\u0113ts efekt\u012bvai mazg\u0101\u0161anas ma\u0161\u012bnas iek\u0161puses t\u012br\u012b\u0161anai un kop\u0161anai. L\u012bdzeklis no\u0146em ka\u013c\u0137akmeni, net\u012brumus un nepat\u012bkamas smakas, pal\u012bdz aizsarg\u0101t ma\u0161\u012bnas iek\u0161\u0113j\u0101s da\u013cas un pagarina t\u0101s kalpo\u0161anas laiku. Regul\u0101ri lietojot, mazg\u0101\u0161anas ma\u0161\u012bna paliek t\u012bra un svaiga. Lieto\u0161ana: 2\u20133 reizes uzlejiet uz iek\u0161pusi, palaidiet karstu mazg\u0101\u0161anas ciklu. Ra\u017eots V\u0101cij\u0101.<\/p>\n","protected":false},"excerpt":{"rendered":"<p>T\u012br\u012bt\u0101js paredz\u0113ts efekt\u012bvai mazg\u0101\u0161anas ma\u0161\u012bnas iek\u0161puses t\u012br\u012b\u0161anai un kop\u0161anai. L\u012bdzeklis no\u0146em ka\u013c\u0137akmeni, net\u012brumus un nepat\u012bkamas smakas, pal\u012bdz aizsarg\u0101t ma\u0161\u012bnas iek\u0161\u0113j\u0101s da\u013cas un pagarina t\u0101s kalpo\u0161anas laiku. Regul\u0101ri lietojot, mazg\u0101\u0161anas ma\u0161\u012bna paliek t\u012bra un svaiga. Lieto\u0161ana: 2\u20133 reizes uzlejiet uz iek\u0161pusi, palaidiet karstu mazg\u0101\u0161anas ciklu. Ra\u017eots V\u0101cij\u0101.<\/p>\n","protected":false},"featured_media":3643,"comment_status":"open","ping_status":"closed","template":"","meta":[],"product_brand":[64],"product_cat":[149],"product_tag":[],"class_list":{"0":"post-4355","1":"product","2":"type-product","3":"status-publish","4":"has-post-thumbnail","6":"product_brand-dr-beckmann","7":"product_cat-mazgasanas-un-skalosanas-lidzekli","9":"first","10":"instock","11":"shipping-taxable","12":"purchasable","13":"product-type-simple"},"_links":{"self":[{"href":"https:\/\/myliusvara.lt\/lv\/wp-json\/wp\/v2\/product\/4355","targetHints":{"allow":["GET"]}}],"collection":[{"href":"https:\/\/myliusvara.lt\/lv\/wp-json\/wp\/v2\/product"}],"about":[{"href":"https:\/\/myliusvara.lt\/lv\/wp-json\/wp\/v2\/types\/product"}],"replies":[{"embeddable":true,"href":"https:\/\/myliusvara.lt\/lv\/wp-json\/wp\/v2\/comments?post=4355"}],"wp:featuredmedia":[{"embeddable":true,"href":"https:\/\/myliusvara.lt\/lv\/wp-json\/wp\/v2\/media\/3643"}],"wp:attachment":[{"href":"https:\/\/myliusvara.lt\/lv\/wp-json\/wp\/v2\/media?parent=4355"}],"wp:term":[{"taxonomy":"product_brand","embeddable":true,"href":"https:\/\/myliusvara.lt\/lv\/wp-json\/wp\/v2\/product_brand?post=4355"},{"taxonomy":"product_cat","embeddable":true,"href":"https:\/\/myliusvara.lt\/lv\/wp-json\/wp\/v2\/product_cat?post=4355"},{"taxonomy":"product_tag","embeddable":true,"href":"https:\/\/myliusvara.lt\/lv\/wp-json\/wp\/v2\/product_tag?post=4355"}],"curies":[{"name":"wp","href":"https:\/\/api.w.org\/{rel}","templated":true}]}}