{"id":4354,"date":"2026-01-14T17:31:10","date_gmt":"2026-01-14T17:31:10","guid":{"rendered":"https:\/\/myliusvara.lt\/uncategorized\/dr-beckmann-mazgasanas-masinas-tiritajs-kapsulas-3x20g\/"},"modified":"2026-02-23T13:26:24","modified_gmt":"2026-02-23T13:26:24","slug":"dr-beckmann-mazgasanas-masinas-tiritajs-kapsulas-3x20g","status":"publish","type":"product","link":"https:\/\/myliusvara.lt\/lv\/mazgasanas-un-skalosanas-lidzekli\/dr-beckmann-mazgasanas-masinas-tiritajs-kapsulas-3x20g\/","title":{"rendered":"Dr. Beckmann mazg\u0101\u0161anas ma\u0161\u012bnas t\u012br\u012bt\u0101js (kapsulas) 3x20g"},"content":{"rendered":"<p>Kapsulas paredz\u0113tas \u0101trai mazg\u0101\u0161anas ma\u0161\u012bnas izt\u012br\u012b\u0161anai un nepat\u012bkamo smaku nov\u0113r\u0161anai. Dubult\u0101 svaiguma formula ar akt\u012bvo sk\u0101bekli un smaku absorb\u0113t\u0101ju nodro\u0161ina t\u012br\u012bbu un svaigumu, bet \u016bden\u012b \u0161\u0137\u012bsto\u0161\u0101 kapsulas pl\u0113v\u012bte piln\u012bb\u0101 iz\u0161\u0137\u012bst mazg\u0101\u0161anas laik\u0101. Lieto\u0161ana: ievietojiet vienu vai divas kapsulas tie\u0161i mazg\u0101\u0161anas ma\u0161\u012bnas bubn\u0101 un palaidiet tuk\u0161u mazg\u0101\u0161anas ciklu. Ra\u017eots V\u0101cij\u0101.<\/p>\n","protected":false},"excerpt":{"rendered":"<p>Kapsulas paredz\u0113tas \u0101trai mazg\u0101\u0161anas ma\u0161\u012bnas izt\u012br\u012b\u0161anai un nepat\u012bkamo smaku nov\u0113r\u0161anai. Dubult\u0101 svaiguma formula ar akt\u012bvo sk\u0101bekli un smaku absorb\u0113t\u0101ju nodro\u0161ina t\u012br\u012bbu un svaigumu, bet \u016bden\u012b \u0161\u0137\u012bsto\u0161\u0101 kapsulas pl\u0113v\u012bte piln\u012bb\u0101 iz\u0161\u0137\u012bst mazg\u0101\u0161anas laik\u0101. Lieto\u0161ana: ievietojiet vienu vai divas kapsulas tie\u0161i mazg\u0101\u0161anas ma\u0161\u012bnas bubn\u0101 un palaidiet tuk\u0161u mazg\u0101\u0161anas ciklu. Ra\u017eots V\u0101cij\u0101.<\/p>\n","protected":false},"featured_media":3640,"comment_status":"open","ping_status":"closed","template":"","meta":[],"product_brand":[64],"product_cat":[149],"product_tag":[],"class_list":{"0":"post-4354","1":"product","2":"type-product","3":"status-publish","4":"has-post-thumbnail","6":"product_brand-dr-beckmann","7":"product_cat-mazgasanas-un-skalosanas-lidzekli","9":"first","10":"instock","11":"shipping-taxable","12":"purchasable","13":"product-type-simple"},"_links":{"self":[{"href":"https:\/\/myliusvara.lt\/lv\/wp-json\/wp\/v2\/product\/4354","targetHints":{"allow":["GET"]}}],"collection":[{"href":"https:\/\/myliusvara.lt\/lv\/wp-json\/wp\/v2\/product"}],"about":[{"href":"https:\/\/myliusvara.lt\/lv\/wp-json\/wp\/v2\/types\/product"}],"replies":[{"embeddable":true,"href":"https:\/\/myliusvara.lt\/lv\/wp-json\/wp\/v2\/comments?post=4354"}],"wp:featuredmedia":[{"embeddable":true,"href":"https:\/\/myliusvara.lt\/lv\/wp-json\/wp\/v2\/media\/3640"}],"wp:attachment":[{"href":"https:\/\/myliusvara.lt\/lv\/wp-json\/wp\/v2\/media?parent=4354"}],"wp:term":[{"taxonomy":"product_brand","embeddable":true,"href":"https:\/\/myliusvara.lt\/lv\/wp-json\/wp\/v2\/product_brand?post=4354"},{"taxonomy":"product_cat","embeddable":true,"href":"https:\/\/myliusvara.lt\/lv\/wp-json\/wp\/v2\/product_cat?post=4354"},{"taxonomy":"product_tag","embeddable":true,"href":"https:\/\/myliusvara.lt\/lv\/wp-json\/wp\/v2\/product_tag?post=4354"}],"curies":[{"name":"wp","href":"https:\/\/api.w.org\/{rel}","templated":true}]}}