{"id":4351,"date":"2026-01-14T17:31:10","date_gmt":"2026-01-14T17:31:10","guid":{"rendered":"https:\/\/myliusvara.lt\/uncategorized\/dr-beckmann-balinosas-salvetes-15gab\/"},"modified":"2026-02-23T13:26:23","modified_gmt":"2026-02-23T13:26:23","slug":"dr-beckmann-balinosas-salvetes-15gab","status":"publish","type":"product","link":"https:\/\/myliusvara.lt\/lv\/mazgasanas-un-skalosanas-lidzekli\/dr-beckmann-balinosas-salvetes-15gab\/","title":{"rendered":"Dr. Beckmann Balino\u0161\u0101s salvetes 15gab."},"content":{"rendered":"<p>Daudzu mazg\u0101\u0161anas ciklu un mazg\u0101\u0161anas l\u012bdzek\u013cu \u0161\u0137\u012bduma atlikumu d\u0113\u013c balti audumi laika gait\u0101 var ieg\u016bt pel\u0113c\u012bgu nokr\u0101su. Balino\u0161\u0101s salvetes ar uzlabotu optisko balin\u0101\u0161anas l\u012bdzek\u013cu kombin\u0101ciju uzticami pasarg\u0101 no pel\u0113ko\u0161anas un dzelteno\u0161anas un atjauno ve\u013cas baltumu. Nav piem\u0113rotas audumiem, kas biju\u0161i kontakt\u0101 ar laku vai \u0137imik\u0101lij\u0101m. Lieto\u0161ana: ievietojiet salvetes kop\u0101 ar ve\u013cu mazg\u0101\u0161anas ma\u0161\u012bn\u0101. Ra\u017eots V\u0101cij\u0101.<\/p>\n","protected":false},"excerpt":{"rendered":"<p>Daudzu mazg\u0101\u0161anas ciklu un mazg\u0101\u0161anas l\u012bdzek\u013cu \u0161\u0137\u012bduma atlikumu d\u0113\u013c balti audumi laika gait\u0101 var ieg\u016bt pel\u0113c\u012bgu nokr\u0101su. Balino\u0161\u0101s salvetes ar uzlabotu optisko balin\u0101\u0161anas l\u012bdzek\u013cu kombin\u0101ciju uzticami pasarg\u0101 no pel\u0113ko\u0161anas un dzelteno\u0161anas un atjauno ve\u013cas baltumu. Nav piem\u0113rotas audumiem, kas biju\u0161i kontakt\u0101 ar laku vai \u0137imik\u0101lij\u0101m. Lieto\u0161ana: ievietojiet salvetes kop\u0101 ar ve\u013cu mazg\u0101\u0161anas ma\u0161\u012bn\u0101. Ra\u017eots V\u0101cij\u0101.<\/p>\n","protected":false},"featured_media":3631,"comment_status":"open","ping_status":"closed","template":"","meta":[],"product_brand":[64],"product_cat":[149],"product_tag":[],"class_list":{"0":"post-4351","1":"product","2":"type-product","3":"status-publish","4":"has-post-thumbnail","6":"product_brand-dr-beckmann","7":"product_cat-mazgasanas-un-skalosanas-lidzekli","9":"first","10":"instock","11":"shipping-taxable","12":"purchasable","13":"product-type-simple"},"_links":{"self":[{"href":"https:\/\/myliusvara.lt\/lv\/wp-json\/wp\/v2\/product\/4351","targetHints":{"allow":["GET"]}}],"collection":[{"href":"https:\/\/myliusvara.lt\/lv\/wp-json\/wp\/v2\/product"}],"about":[{"href":"https:\/\/myliusvara.lt\/lv\/wp-json\/wp\/v2\/types\/product"}],"replies":[{"embeddable":true,"href":"https:\/\/myliusvara.lt\/lv\/wp-json\/wp\/v2\/comments?post=4351"}],"wp:featuredmedia":[{"embeddable":true,"href":"https:\/\/myliusvara.lt\/lv\/wp-json\/wp\/v2\/media\/3631"}],"wp:attachment":[{"href":"https:\/\/myliusvara.lt\/lv\/wp-json\/wp\/v2\/media?parent=4351"}],"wp:term":[{"taxonomy":"product_brand","embeddable":true,"href":"https:\/\/myliusvara.lt\/lv\/wp-json\/wp\/v2\/product_brand?post=4351"},{"taxonomy":"product_cat","embeddable":true,"href":"https:\/\/myliusvara.lt\/lv\/wp-json\/wp\/v2\/product_cat?post=4351"},{"taxonomy":"product_tag","embeddable":true,"href":"https:\/\/myliusvara.lt\/lv\/wp-json\/wp\/v2\/product_tag?post=4351"}],"curies":[{"name":"wp","href":"https:\/\/api.w.org\/{rel}","templated":true}]}}