{"id":4350,"date":"2026-01-14T17:31:10","date_gmt":"2026-01-14T17:31:10","guid":{"rendered":"https:\/\/myliusvara.lt\/uncategorized\/dr-beckmann-smidzinamais-traipu-tiritajs-ar-zults-ziepem-250ml\/"},"modified":"2026-02-23T13:26:23","modified_gmt":"2026-02-23T13:26:23","slug":"dr-beckmann-smidzinamais-traipu-tiritajs-ar-zults-ziepem-250ml","status":"publish","type":"product","link":"https:\/\/myliusvara.lt\/lv\/traipu-tiritaji\/dr-beckmann-smidzinamais-traipu-tiritajs-ar-zults-ziepem-250ml\/","title":{"rendered":"Dr. Beckmann Smidzin\u0101mais traipu t\u012br\u012bt\u0101js ar \u017eults ziep\u0113m 250ml"},"content":{"rendered":"<p>Efekt\u012bvi no\u0146em pat iesak\u0146oju\u0161os traipus, izmantojot dab\u012bg\u0101s \u017eults ziepju sp\u0113ku. Maigs pret audumiem un viegli lietojams. Piem\u0113rots visiem baltiem un kr\u0101sainiem (kr\u0101snotur\u012bgiem) ikdienas tekstilizstr\u0101d\u0101jumiem. Lieto\u0161ana: Izsmidziniet l\u012bdzekli tie\u0161i uz traipa. Atst\u0101jiet iedarboties ne ilg\u0101k k\u0101 1 min\u016bti, p\u0113c tam mazg\u0101jiet k\u0101 parasti. Ra\u017eots V\u0101cij\u0101.<\/p>\n","protected":false},"excerpt":{"rendered":"<p>Efekt\u012bvi no\u0146em pat iesak\u0146oju\u0161os traipus, izmantojot dab\u012bg\u0101s \u017eults ziepju sp\u0113ku. Maigs pret audumiem un viegli lietojams. Piem\u0113rots visiem baltiem un kr\u0101sainiem (kr\u0101snotur\u012bgiem) ikdienas tekstilizstr\u0101d\u0101jumiem. Lieto\u0161ana: Izsmidziniet l\u012bdzekli tie\u0161i uz traipa. Atst\u0101jiet iedarboties ne ilg\u0101k k\u0101 1 min\u016bti, p\u0113c tam mazg\u0101jiet k\u0101 parasti. Ra\u017eots V\u0101cij\u0101.<\/p>\n","protected":false},"featured_media":3628,"comment_status":"open","ping_status":"closed","template":"","meta":[],"product_brand":[64],"product_cat":[157],"product_tag":[],"class_list":{"0":"post-4350","1":"product","2":"type-product","3":"status-publish","4":"has-post-thumbnail","6":"product_brand-dr-beckmann","7":"product_cat-traipu-tiritaji","9":"first","10":"instock","11":"shipping-taxable","12":"purchasable","13":"product-type-simple"},"_links":{"self":[{"href":"https:\/\/myliusvara.lt\/lv\/wp-json\/wp\/v2\/product\/4350","targetHints":{"allow":["GET"]}}],"collection":[{"href":"https:\/\/myliusvara.lt\/lv\/wp-json\/wp\/v2\/product"}],"about":[{"href":"https:\/\/myliusvara.lt\/lv\/wp-json\/wp\/v2\/types\/product"}],"replies":[{"embeddable":true,"href":"https:\/\/myliusvara.lt\/lv\/wp-json\/wp\/v2\/comments?post=4350"}],"wp:featuredmedia":[{"embeddable":true,"href":"https:\/\/myliusvara.lt\/lv\/wp-json\/wp\/v2\/media\/3628"}],"wp:attachment":[{"href":"https:\/\/myliusvara.lt\/lv\/wp-json\/wp\/v2\/media?parent=4350"}],"wp:term":[{"taxonomy":"product_brand","embeddable":true,"href":"https:\/\/myliusvara.lt\/lv\/wp-json\/wp\/v2\/product_brand?post=4350"},{"taxonomy":"product_cat","embeddable":true,"href":"https:\/\/myliusvara.lt\/lv\/wp-json\/wp\/v2\/product_cat?post=4350"},{"taxonomy":"product_tag","embeddable":true,"href":"https:\/\/myliusvara.lt\/lv\/wp-json\/wp\/v2\/product_tag?post=4350"}],"curies":[{"name":"wp","href":"https:\/\/api.w.org\/{rel}","templated":true}]}}