{"id":4349,"date":"2026-01-16T13:49:05","date_gmt":"2026-01-16T13:49:05","guid":{"rendered":"https:\/\/myliusvara.lt\/uncategorized\/dr-beckmann-traipu-tiritajs-pildspalvas-un-tinte-50ml\/"},"modified":"2026-02-23T13:26:23","modified_gmt":"2026-02-23T13:26:23","slug":"dr-beckmann-traipu-tiritajs-pildspalvas-un-tinte-50ml","status":"publish","type":"product","link":"https:\/\/myliusvara.lt\/lv\/traipu-tiritaji\/dr-beckmann-traipu-tiritajs-pildspalvas-un-tinte-50ml\/","title":{"rendered":"Dr. Beckmann Traipu t\u012br\u012bt\u0101js Pildspalvas un Tinte 50ml"},"content":{"rendered":"<p>\u0160is ir specializ\u0113ts traipu t\u012br\u012bt\u0101js, paredz\u0113ts da\u017e\u0101du rakst\u0101mo un z\u012bm\u0113\u0161anas piederumu atst\u0101to traipu no\u0146em\u0161anai no tekstilizstr\u0101d\u0101jumiem. Produkts efekt\u012bvi no\u0146em lod\u012b\u0161u pildspalvu, g\u0113la pildspalvu, flom\u0101steru, mar\u0137ieru, tekstmar\u0137ieru, kr\u0101saino z\u012bmu\u013cu, akvare\u013ca kr\u0101su, kr\u012bti\u0146u, b\u0113rnu pirkstu kr\u0101su un cit\u0101m \u0161\u0137\u012bsto\u0161\u0101m viel\u0101m atst\u0101tos traipus. Lieto\u0161ana: Uzkl\u0101jiet uz traipa un mazg\u0101jiet. Ra\u017eots V\u0101cij\u0101.<\/p>\n","protected":false},"excerpt":{"rendered":"<p>\u0160is ir specializ\u0113ts traipu t\u012br\u012bt\u0101js, paredz\u0113ts da\u017e\u0101du rakst\u0101mo un z\u012bm\u0113\u0161anas piederumu atst\u0101to traipu no\u0146em\u0161anai no tekstilizstr\u0101d\u0101jumiem. Produkts efekt\u012bvi no\u0146em lod\u012b\u0161u pildspalvu, g\u0113la pildspalvu, flom\u0101steru, mar\u0137ieru, tekstmar\u0137ieru, kr\u0101saino z\u012bmu\u013cu, akvare\u013ca kr\u0101su, kr\u012bti\u0146u, b\u0113rnu pirkstu kr\u0101su un cit\u0101m \u0161\u0137\u012bsto\u0161\u0101m viel\u0101m atst\u0101tos traipus. Lieto\u0161ana: Uzkl\u0101jiet uz traipa un mazg\u0101jiet. Ra\u017eots V\u0101cij\u0101.<\/p>\n","protected":false},"featured_media":3761,"comment_status":"open","ping_status":"closed","template":"","meta":[],"product_brand":[64],"product_cat":[157],"product_tag":[],"class_list":{"0":"post-4349","1":"product","2":"type-product","3":"status-publish","4":"has-post-thumbnail","6":"product_brand-dr-beckmann","7":"product_cat-traipu-tiritaji","9":"first","10":"instock","11":"shipping-taxable","12":"purchasable","13":"product-type-simple"},"_links":{"self":[{"href":"https:\/\/myliusvara.lt\/lv\/wp-json\/wp\/v2\/product\/4349","targetHints":{"allow":["GET"]}}],"collection":[{"href":"https:\/\/myliusvara.lt\/lv\/wp-json\/wp\/v2\/product"}],"about":[{"href":"https:\/\/myliusvara.lt\/lv\/wp-json\/wp\/v2\/types\/product"}],"replies":[{"embeddable":true,"href":"https:\/\/myliusvara.lt\/lv\/wp-json\/wp\/v2\/comments?post=4349"}],"wp:featuredmedia":[{"embeddable":true,"href":"https:\/\/myliusvara.lt\/lv\/wp-json\/wp\/v2\/media\/3761"}],"wp:attachment":[{"href":"https:\/\/myliusvara.lt\/lv\/wp-json\/wp\/v2\/media?parent=4349"}],"wp:term":[{"taxonomy":"product_brand","embeddable":true,"href":"https:\/\/myliusvara.lt\/lv\/wp-json\/wp\/v2\/product_brand?post=4349"},{"taxonomy":"product_cat","embeddable":true,"href":"https:\/\/myliusvara.lt\/lv\/wp-json\/wp\/v2\/product_cat?post=4349"},{"taxonomy":"product_tag","embeddable":true,"href":"https:\/\/myliusvara.lt\/lv\/wp-json\/wp\/v2\/product_tag?post=4349"}],"curies":[{"name":"wp","href":"https:\/\/api.w.org\/{rel}","templated":true}]}}