{"id":4345,"date":"2026-01-16T13:56:54","date_gmt":"2026-01-16T13:56:54","guid":{"rendered":"https:\/\/myliusvara.lt\/uncategorized\/dr-beckmann-traipu-tiritajs-tauki-un-merces-50ml\/"},"modified":"2026-02-23T13:26:21","modified_gmt":"2026-02-23T13:26:21","slug":"dr-beckmann-traipu-tiritajs-tauki-un-merces-50ml","status":"publish","type":"product","link":"https:\/\/myliusvara.lt\/lv\/traipu-tiritaji\/dr-beckmann-traipu-tiritajs-tauki-un-merces-50ml\/","title":{"rendered":"Dr. Beckmann Traipu t\u012br\u012bt\u0101js Tauki un M\u0113rces 50ml"},"content":{"rendered":"<p>Dr. Beckmann traipu t\u012br\u012bt\u0101js Tauki un m\u0113rces ir speci\u0101li izstr\u0101d\u0101ts, lai no\u0146emtu da\u017e\u0101du taukain\u0101 p\u0101rtik\u0101 atst\u0101tos traipus no tekstilizstr\u0101d\u0101jumiem. L\u012bdzeklis efekt\u012bvi no\u0146em e\u013c\u013cas, sviesta, majon\u0113zes, m\u0113r\u010du, ga\u013cas kulas tauku, kr\u0113juma, ke\u010dupa, picas m\u0113rces un citu tauku un taukainu produktu atst\u0101tos traipus. Lieto\u0161ana: Uzkl\u0101jiet uz traipa un mazg\u0101jiet. Ra\u017eots V\u0101cij\u0101.<\/p>\n","protected":false},"excerpt":{"rendered":"<p>Dr. Beckmann traipu t\u012br\u012bt\u0101js Tauki un m\u0113rces ir speci\u0101li izstr\u0101d\u0101ts, lai no\u0146emtu da\u017e\u0101du taukain\u0101 p\u0101rtik\u0101 atst\u0101tos traipus no tekstilizstr\u0101d\u0101jumiem. L\u012bdzeklis efekt\u012bvi no\u0146em e\u013c\u013cas, sviesta, majon\u0113zes, m\u0113r\u010du, ga\u013cas kulas tauku, kr\u0113juma, ke\u010dupa, picas m\u0113rces un citu tauku un taukainu produktu atst\u0101tos traipus. Lieto\u0161ana: Uzkl\u0101jiet uz traipa un mazg\u0101jiet. Ra\u017eots V\u0101cij\u0101.<\/p>\n","protected":false},"featured_media":3773,"comment_status":"open","ping_status":"closed","template":"","meta":[],"product_brand":[64],"product_cat":[157],"product_tag":[],"class_list":{"0":"post-4345","1":"product","2":"type-product","3":"status-publish","4":"has-post-thumbnail","6":"product_brand-dr-beckmann","7":"product_cat-traipu-tiritaji","9":"first","10":"instock","11":"shipping-taxable","12":"purchasable","13":"product-type-simple"},"_links":{"self":[{"href":"https:\/\/myliusvara.lt\/lv\/wp-json\/wp\/v2\/product\/4345","targetHints":{"allow":["GET"]}}],"collection":[{"href":"https:\/\/myliusvara.lt\/lv\/wp-json\/wp\/v2\/product"}],"about":[{"href":"https:\/\/myliusvara.lt\/lv\/wp-json\/wp\/v2\/types\/product"}],"replies":[{"embeddable":true,"href":"https:\/\/myliusvara.lt\/lv\/wp-json\/wp\/v2\/comments?post=4345"}],"wp:featuredmedia":[{"embeddable":true,"href":"https:\/\/myliusvara.lt\/lv\/wp-json\/wp\/v2\/media\/3773"}],"wp:attachment":[{"href":"https:\/\/myliusvara.lt\/lv\/wp-json\/wp\/v2\/media?parent=4345"}],"wp:term":[{"taxonomy":"product_brand","embeddable":true,"href":"https:\/\/myliusvara.lt\/lv\/wp-json\/wp\/v2\/product_brand?post=4345"},{"taxonomy":"product_cat","embeddable":true,"href":"https:\/\/myliusvara.lt\/lv\/wp-json\/wp\/v2\/product_cat?post=4345"},{"taxonomy":"product_tag","embeddable":true,"href":"https:\/\/myliusvara.lt\/lv\/wp-json\/wp\/v2\/product_tag?post=4345"}],"curies":[{"name":"wp","href":"https:\/\/api.w.org\/{rel}","templated":true}]}}