{"id":4343,"date":"2026-01-16T14:00:04","date_gmt":"2026-01-16T14:00:04","guid":{"rendered":"https:\/\/myliusvara.lt\/uncategorized\/dr-beckmann-traipu-tiritajs-kosmetika-un-dabigie-produkti-50ml\/"},"modified":"2026-02-23T13:26:21","modified_gmt":"2026-02-23T13:26:21","slug":"dr-beckmann-traipu-tiritajs-kosmetika-un-dabigie-produkti-50ml","status":"publish","type":"product","link":"https:\/\/myliusvara.lt\/lv\/traipu-tiritaji\/dr-beckmann-traipu-tiritajs-kosmetika-un-dabigie-produkti-50ml\/","title":{"rendered":"Dr. Beckmann traipu t\u012br\u012bt\u0101js Kosm\u0113tika un Dab\u012bgie produkti 50ml"},"content":{"rendered":"<p>Dr. Beckmann traipu t\u012br\u012bt\u0101js Kosm\u0113tika un dab\u012bgie produkti ir speci\u0101li izstr\u0101d\u0101ts, lai no\u0146emtu kosm\u0113tikas, \u0101das kop\u0161anas un dab\u012bgu kr\u0101sainu vielu atst\u0101tos traipus no tekstilizstr\u0101d\u0101jumiem. \u0160is l\u012bdzeklis efekt\u012bvi no\u0146em grima, kr\u0113ma, losjona, p\u016bdera, sarkan\u0101s l\u016bpu kr\u0101sas, tu\u0161as un citu dekorat\u012bv\u0101s kosm\u0113tikas atst\u0101tos traipus. Lieto\u0161ana: Uzkl\u0101jiet uz traipa, atst\u0101jiet iedarboties un p\u0113c tam mazg\u0101jiet. Ra\u017eots V\u0101cij\u0101.<\/p>\n","protected":false},"excerpt":{"rendered":"<p>Dr. Beckmann traipu t\u012br\u012bt\u0101js Kosm\u0113tika un dab\u012bgie produkti ir speci\u0101li izstr\u0101d\u0101ts, lai no\u0146emtu kosm\u0113tikas, \u0101das kop\u0161anas un dab\u012bgu kr\u0101sainu vielu atst\u0101tos traipus no tekstilizstr\u0101d\u0101jumiem. \u0160is l\u012bdzeklis efekt\u012bvi no\u0146em grima, kr\u0113ma, losjona, p\u016bdera, sarkan\u0101s l\u016bpu kr\u0101sas, tu\u0161as un citu dekorat\u012bv\u0101s kosm\u0113tikas atst\u0101tos traipus. Lieto\u0161ana: Uzkl\u0101jiet uz traipa, atst\u0101jiet iedarboties un p\u0113c tam mazg\u0101jiet. Ra\u017eots V\u0101cij\u0101.<\/p>\n","protected":false},"featured_media":3779,"comment_status":"open","ping_status":"closed","template":"","meta":[],"product_brand":[64],"product_cat":[157],"product_tag":[],"class_list":{"0":"post-4343","1":"product","2":"type-product","3":"status-publish","4":"has-post-thumbnail","6":"product_brand-dr-beckmann","7":"product_cat-traipu-tiritaji","9":"first","10":"instock","11":"shipping-taxable","12":"purchasable","13":"product-type-simple"},"_links":{"self":[{"href":"https:\/\/myliusvara.lt\/lv\/wp-json\/wp\/v2\/product\/4343","targetHints":{"allow":["GET"]}}],"collection":[{"href":"https:\/\/myliusvara.lt\/lv\/wp-json\/wp\/v2\/product"}],"about":[{"href":"https:\/\/myliusvara.lt\/lv\/wp-json\/wp\/v2\/types\/product"}],"replies":[{"embeddable":true,"href":"https:\/\/myliusvara.lt\/lv\/wp-json\/wp\/v2\/comments?post=4343"}],"wp:featuredmedia":[{"embeddable":true,"href":"https:\/\/myliusvara.lt\/lv\/wp-json\/wp\/v2\/media\/3779"}],"wp:attachment":[{"href":"https:\/\/myliusvara.lt\/lv\/wp-json\/wp\/v2\/media?parent=4343"}],"wp:term":[{"taxonomy":"product_brand","embeddable":true,"href":"https:\/\/myliusvara.lt\/lv\/wp-json\/wp\/v2\/product_brand?post=4343"},{"taxonomy":"product_cat","embeddable":true,"href":"https:\/\/myliusvara.lt\/lv\/wp-json\/wp\/v2\/product_cat?post=4343"},{"taxonomy":"product_tag","embeddable":true,"href":"https:\/\/myliusvara.lt\/lv\/wp-json\/wp\/v2\/product_tag?post=4343"}],"curies":[{"name":"wp","href":"https:\/\/api.w.org\/{rel}","templated":true}]}}