{"id":4342,"date":"2026-01-16T14:01:25","date_gmt":"2026-01-16T14:01:25","guid":{"rendered":"https:\/\/myliusvara.lt\/uncategorized\/dr-beckmann-traipu-tiritajs-asinis-un-olbaltumvielas-50ml\/"},"modified":"2026-02-23T13:26:20","modified_gmt":"2026-02-23T13:26:20","slug":"dr-beckmann-traipu-tiritajs-asinis-un-olbaltumvielas-50ml","status":"publish","type":"product","link":"https:\/\/myliusvara.lt\/lv\/traipu-tiritaji\/dr-beckmann-traipu-tiritajs-asinis-un-olbaltumvielas-50ml\/","title":{"rendered":"Dr. Beckmann traipu t\u012br\u012bt\u0101js Asinis un Olbaltumvielas 50ml"},"content":{"rendered":"<p>Dr. Beckmann traipu t\u012br\u012bt\u0101js Asinis un olbaltumvielas ir speci\u0101li izstr\u0101d\u0101ts, lai efekt\u012bvi no\u0146emtu asins un olbaltumvielu izcelsmes traipus no tekstilizstr\u0101d\u0101jumiem. L\u012bdzeklis efekt\u012bvi no\u0146em asins, piena, olu, biezpiena, siera, jogurta, ga\u013cas, zivju un citu olbaltumvielas saturo\u0161u p\u0101rtikas produktu atst\u0101tos traipus. Lieto\u0161ana: Uzkl\u0101jiet uz traipa, atst\u0101jiet iedarboties un p\u0113c tam mazg\u0101jiet k\u0101 parasti. Ra\u017eots V\u0101cij\u0101.<\/p>\n","protected":false},"excerpt":{"rendered":"<p>Dr. Beckmann traipu t\u012br\u012bt\u0101js Asinis un olbaltumvielas ir speci\u0101li izstr\u0101d\u0101ts, lai efekt\u012bvi no\u0146emtu asins un olbaltumvielu izcelsmes traipus no tekstilizstr\u0101d\u0101jumiem. L\u012bdzeklis efekt\u012bvi no\u0146em asins, piena, olu, biezpiena, siera, jogurta, ga\u013cas, zivju un citu olbaltumvielas saturo\u0161u p\u0101rtikas produktu atst\u0101tos traipus. Lieto\u0161ana: Uzkl\u0101jiet uz traipa, atst\u0101jiet iedarboties un p\u0113c tam mazg\u0101jiet k\u0101 parasti. Ra\u017eots V\u0101cij\u0101.<\/p>\n","protected":false},"featured_media":3782,"comment_status":"open","ping_status":"closed","template":"","meta":[],"product_brand":[64],"product_cat":[157],"product_tag":[],"class_list":{"0":"post-4342","1":"product","2":"type-product","3":"status-publish","4":"has-post-thumbnail","6":"product_brand-dr-beckmann","7":"product_cat-traipu-tiritaji","9":"first","10":"instock","11":"shipping-taxable","12":"purchasable","13":"product-type-simple"},"_links":{"self":[{"href":"https:\/\/myliusvara.lt\/lv\/wp-json\/wp\/v2\/product\/4342","targetHints":{"allow":["GET"]}}],"collection":[{"href":"https:\/\/myliusvara.lt\/lv\/wp-json\/wp\/v2\/product"}],"about":[{"href":"https:\/\/myliusvara.lt\/lv\/wp-json\/wp\/v2\/types\/product"}],"replies":[{"embeddable":true,"href":"https:\/\/myliusvara.lt\/lv\/wp-json\/wp\/v2\/comments?post=4342"}],"wp:featuredmedia":[{"embeddable":true,"href":"https:\/\/myliusvara.lt\/lv\/wp-json\/wp\/v2\/media\/3782"}],"wp:attachment":[{"href":"https:\/\/myliusvara.lt\/lv\/wp-json\/wp\/v2\/media?parent=4342"}],"wp:term":[{"taxonomy":"product_brand","embeddable":true,"href":"https:\/\/myliusvara.lt\/lv\/wp-json\/wp\/v2\/product_brand?post=4342"},{"taxonomy":"product_cat","embeddable":true,"href":"https:\/\/myliusvara.lt\/lv\/wp-json\/wp\/v2\/product_cat?post=4342"},{"taxonomy":"product_tag","embeddable":true,"href":"https:\/\/myliusvara.lt\/lv\/wp-json\/wp\/v2\/product_tag?post=4342"}],"curies":[{"name":"wp","href":"https:\/\/api.w.org\/{rel}","templated":true}]}}