{"id":4341,"date":"2026-01-19T13:38:20","date_gmt":"2026-01-19T13:38:20","guid":{"rendered":"https:\/\/myliusvara.lt\/uncategorized\/dr-beckmann-traipu-tirisanas-zimulis-9ml\/"},"modified":"2026-02-23T13:26:19","modified_gmt":"2026-02-23T13:26:19","slug":"dr-beckmann-traipu-tirisanas-zimulis-9ml","status":"publish","type":"product","link":"https:\/\/myliusvara.lt\/lv\/traipu-tiritaji\/dr-beckmann-traipu-tirisanas-zimulis-9ml\/","title":{"rendered":"Dr. Beckmann Traipu t\u012br\u012b\u0161anas z\u012bmulis 9ml"},"content":{"rendered":"<p>No\u0146em svaigus traipus \u2014 p\u0101rtikas, dz\u0113rienu, l\u016bpu kr\u0101sas un grima. Speci\u0101ls z\u012bmu\u013ca uzgalis paliek t\u012brs pat p\u0113c daudzreiz\u0113jas lieto\u0161anas. Lieto\u0161ana: no\u0146emiet virspus\u0113jos net\u012brumus, uzkl\u0101jiet l\u012bdzekli uz traipa, maigi ier\u012bv\u0113jiet un nosusiniet ar mitru dr\u0101ni\u0146u. Nesatur hlora balin\u0101\u0161anas l\u012bdzek\u013cus, smar\u017evielas un kr\u0101svielas. Ra\u017eots V\u0101cij\u0101.<\/p>\n","protected":false},"excerpt":{"rendered":"<p>No\u0146em svaigus traipus \u2014 p\u0101rtikas, dz\u0113rienu, l\u016bpu kr\u0101sas un grima. Speci\u0101ls z\u012bmu\u013ca uzgalis paliek t\u012brs pat p\u0113c daudzreiz\u0113jas lieto\u0161anas. Lieto\u0161ana: no\u0146emiet virspus\u0113jos net\u012brumus, uzkl\u0101jiet l\u012bdzekli uz traipa, maigi ier\u012bv\u0113jiet un nosusiniet ar mitru dr\u0101ni\u0146u. Nesatur hlora balin\u0101\u0161anas l\u012bdzek\u013cus, smar\u017evielas un kr\u0101svielas. Ra\u017eots V\u0101cij\u0101.<\/p>\n","protected":false},"featured_media":3805,"comment_status":"open","ping_status":"closed","template":"","meta":[],"product_brand":[64],"product_cat":[157],"product_tag":[],"class_list":{"0":"post-4341","1":"product","2":"type-product","3":"status-publish","4":"has-post-thumbnail","6":"product_brand-dr-beckmann","7":"product_cat-traipu-tiritaji","9":"first","10":"instock","11":"shipping-taxable","12":"purchasable","13":"product-type-simple"},"_links":{"self":[{"href":"https:\/\/myliusvara.lt\/lv\/wp-json\/wp\/v2\/product\/4341","targetHints":{"allow":["GET"]}}],"collection":[{"href":"https:\/\/myliusvara.lt\/lv\/wp-json\/wp\/v2\/product"}],"about":[{"href":"https:\/\/myliusvara.lt\/lv\/wp-json\/wp\/v2\/types\/product"}],"replies":[{"embeddable":true,"href":"https:\/\/myliusvara.lt\/lv\/wp-json\/wp\/v2\/comments?post=4341"}],"wp:featuredmedia":[{"embeddable":true,"href":"https:\/\/myliusvara.lt\/lv\/wp-json\/wp\/v2\/media\/3805"}],"wp:attachment":[{"href":"https:\/\/myliusvara.lt\/lv\/wp-json\/wp\/v2\/media?parent=4341"}],"wp:term":[{"taxonomy":"product_brand","embeddable":true,"href":"https:\/\/myliusvara.lt\/lv\/wp-json\/wp\/v2\/product_brand?post=4341"},{"taxonomy":"product_cat","embeddable":true,"href":"https:\/\/myliusvara.lt\/lv\/wp-json\/wp\/v2\/product_cat?post=4341"},{"taxonomy":"product_tag","embeddable":true,"href":"https:\/\/myliusvara.lt\/lv\/wp-json\/wp\/v2\/product_tag?post=4341"}],"curies":[{"name":"wp","href":"https:\/\/api.w.org\/{rel}","templated":true}]}}