{"id":4340,"date":"2026-01-19T13:38:21","date_gmt":"2026-01-19T13:38:21","guid":{"rendered":"https:\/\/myliusvara.lt\/uncategorized\/dr-beckmann-polsterejuma-traipu-tiritajs-400ml\/"},"modified":"2026-02-23T13:26:19","modified_gmt":"2026-02-23T13:26:19","slug":"dr-beckmann-polsterejuma-traipu-tiritajs-400ml","status":"publish","type":"product","link":"https:\/\/myliusvara.lt\/lv\/traipu-tiritaji\/dr-beckmann-polsterejuma-traipu-tiritajs-400ml\/","title":{"rendered":"Dr. Beckmann Polster\u0113juma traipu t\u012br\u012bt\u0101js 400ml"},"content":{"rendered":"<p>Z\u012bmols:<strong> Dr. Beckmann<\/strong><br \/>\nProdukta nosaukums: <strong>Dr. Beckmann Polster\u0113juma traipu t\u012br\u012bt\u0101js 400ml<\/strong><br \/>\nVai pieejams p\u0101rdo\u0161an\u0101: <strong>J\u0101<\/strong><\/p>\n<p>Efekt\u012bva traipu un smaku no\u0146em\u0161ana no d\u012bv\u0101niem, automa\u0161\u012bnu s\u0113dek\u013ciem, matra\u010diem, rati\u0146iem u.c. Jaud\u012bga sk\u0101bek\u013ca formula ar patent\u0113tu tehnolo\u0123iju nodro\u0161ina dzi\u013cu t\u012br\u012b\u0161anu. Lieto\u0161ana: Uzsmidziniet uz traipa, ier\u012bv\u0113jiet un noslaukiet ar mitru dr\u0101ni\u0146u. Ra\u017eots V\u0101cij\u0101.<\/p>\n","protected":false},"excerpt":{"rendered":"<p>Z\u012bmols: Dr. Beckmann Produkta nosaukums: Dr. Beckmann Polster\u0113juma traipu t\u012br\u012bt\u0101js 400ml Vai pieejams p\u0101rdo\u0161an\u0101: J\u0101 Efekt\u012bva traipu un smaku no\u0146em\u0161ana no d\u012bv\u0101niem, automa\u0161\u012bnu s\u0113dek\u013ciem, matra\u010diem, rati\u0146iem u.c. Jaud\u012bga sk\u0101bek\u013ca formula ar patent\u0113tu tehnolo\u0123iju nodro\u0161ina dzi\u013cu t\u012br\u012b\u0161anu. Lieto\u0161ana: Uzsmidziniet uz traipa, ier\u012bv\u0113jiet un noslaukiet ar mitru dr\u0101ni\u0146u. Ra\u017eots V\u0101cij\u0101.<\/p>\n","protected":false},"featured_media":3832,"comment_status":"open","ping_status":"closed","template":"","meta":[],"product_brand":[64],"product_cat":[157],"product_tag":[],"class_list":{"0":"post-4340","1":"product","2":"type-product","3":"status-publish","4":"has-post-thumbnail","6":"product_brand-dr-beckmann","7":"product_cat-traipu-tiritaji","9":"first","10":"instock","11":"shipping-taxable","12":"purchasable","13":"product-type-simple"},"_links":{"self":[{"href":"https:\/\/myliusvara.lt\/lv\/wp-json\/wp\/v2\/product\/4340","targetHints":{"allow":["GET"]}}],"collection":[{"href":"https:\/\/myliusvara.lt\/lv\/wp-json\/wp\/v2\/product"}],"about":[{"href":"https:\/\/myliusvara.lt\/lv\/wp-json\/wp\/v2\/types\/product"}],"replies":[{"embeddable":true,"href":"https:\/\/myliusvara.lt\/lv\/wp-json\/wp\/v2\/comments?post=4340"}],"wp:featuredmedia":[{"embeddable":true,"href":"https:\/\/myliusvara.lt\/lv\/wp-json\/wp\/v2\/media\/3832"}],"wp:attachment":[{"href":"https:\/\/myliusvara.lt\/lv\/wp-json\/wp\/v2\/media?parent=4340"}],"wp:term":[{"taxonomy":"product_brand","embeddable":true,"href":"https:\/\/myliusvara.lt\/lv\/wp-json\/wp\/v2\/product_brand?post=4340"},{"taxonomy":"product_cat","embeddable":true,"href":"https:\/\/myliusvara.lt\/lv\/wp-json\/wp\/v2\/product_cat?post=4340"},{"taxonomy":"product_tag","embeddable":true,"href":"https:\/\/myliusvara.lt\/lv\/wp-json\/wp\/v2\/product_tag?post=4340"}],"curies":[{"name":"wp","href":"https:\/\/api.w.org\/{rel}","templated":true}]}}