{"id":4337,"date":"2026-01-19T13:38:21","date_gmt":"2026-01-19T13:38:21","guid":{"rendered":"https:\/\/myliusvara.lt\/uncategorized\/dr-beckmann-aizkaru-balinasanas-lidzeklis-3x40g\/"},"modified":"2026-02-23T13:26:18","modified_gmt":"2026-02-23T13:26:18","slug":"dr-beckmann-aizkaru-balinasanas-lidzeklis-3x40g","status":"publish","type":"product","link":"https:\/\/myliusvara.lt\/lv\/mazgasanas-un-skalosanas-lidzekli\/dr-beckmann-aizkaru-balinasanas-lidzeklis-3x40g\/","title":{"rendered":"Dr. Beckmann Aizkaru balin\u0101\u0161anas l\u012bdzeklis 3x40g"},"content":{"rendered":"<p>Speci\u0101ls mazg\u0101\u0161anas l\u012bdzeklis baltiem un gai\u0161iem aizkariem un portjeriem atjauno\u0161anai. Pastiprina mazg\u0101\u0161anas l\u012bdzek\u013ca darb\u012bbu un pal\u012bdz saglab\u0101t mirdzo\u0161u baltumu pat p\u0113c atk\u0101rtotas mazg\u0101\u0161anas. Efekt\u012bvi no\u0146em iesak\u0146oju\u0161os putek\u013cus, taukainumus, traipus, nikot\u012bna atlikumus un nepat\u012bkamas smakas. Lieto\u0161ana: ievietojiet paci\u0146u kop\u0101 ar ve\u013cu mazg\u0101\u0161anas ma\u0161\u012bn\u0101. Ra\u017eots V\u0101cij\u0101.<\/p>\n","protected":false},"excerpt":{"rendered":"<p>Speci\u0101ls mazg\u0101\u0161anas l\u012bdzeklis baltiem un gai\u0161iem aizkariem un portjeriem atjauno\u0161anai. Pastiprina mazg\u0101\u0161anas l\u012bdzek\u013ca darb\u012bbu un pal\u012bdz saglab\u0101t mirdzo\u0161u baltumu pat p\u0113c atk\u0101rtotas mazg\u0101\u0161anas. Efekt\u012bvi no\u0146em iesak\u0146oju\u0161os putek\u013cus, taukainumus, traipus, nikot\u012bna atlikumus un nepat\u012bkamas smakas. Lieto\u0161ana: ievietojiet paci\u0146u kop\u0101 ar ve\u013cu mazg\u0101\u0161anas ma\u0161\u012bn\u0101. Ra\u017eots V\u0101cij\u0101.<\/p>\n","protected":false},"featured_media":3817,"comment_status":"open","ping_status":"closed","template":"","meta":[],"product_brand":[64],"product_cat":[149],"product_tag":[],"class_list":{"0":"post-4337","1":"product","2":"type-product","3":"status-publish","4":"has-post-thumbnail","6":"product_brand-dr-beckmann","7":"product_cat-mazgasanas-un-skalosanas-lidzekli","9":"first","10":"instock","11":"shipping-taxable","12":"purchasable","13":"product-type-simple"},"_links":{"self":[{"href":"https:\/\/myliusvara.lt\/lv\/wp-json\/wp\/v2\/product\/4337","targetHints":{"allow":["GET"]}}],"collection":[{"href":"https:\/\/myliusvara.lt\/lv\/wp-json\/wp\/v2\/product"}],"about":[{"href":"https:\/\/myliusvara.lt\/lv\/wp-json\/wp\/v2\/types\/product"}],"replies":[{"embeddable":true,"href":"https:\/\/myliusvara.lt\/lv\/wp-json\/wp\/v2\/comments?post=4337"}],"wp:featuredmedia":[{"embeddable":true,"href":"https:\/\/myliusvara.lt\/lv\/wp-json\/wp\/v2\/media\/3817"}],"wp:attachment":[{"href":"https:\/\/myliusvara.lt\/lv\/wp-json\/wp\/v2\/media?parent=4337"}],"wp:term":[{"taxonomy":"product_brand","embeddable":true,"href":"https:\/\/myliusvara.lt\/lv\/wp-json\/wp\/v2\/product_brand?post=4337"},{"taxonomy":"product_cat","embeddable":true,"href":"https:\/\/myliusvara.lt\/lv\/wp-json\/wp\/v2\/product_cat?post=4337"},{"taxonomy":"product_tag","embeddable":true,"href":"https:\/\/myliusvara.lt\/lv\/wp-json\/wp\/v2\/product_tag?post=4337"}],"curies":[{"name":"wp","href":"https:\/\/api.w.org\/{rel}","templated":true}]}}