{"id":4336,"date":"2026-01-19T13:38:21","date_gmt":"2026-01-19T13:38:21","guid":{"rendered":"https:\/\/myliusvara.lt\/uncategorized\/dr-beckmann-krasu-un-netirumu-absorbejosas-salvetes-ultra-10gab\/"},"modified":"2026-02-23T13:26:17","modified_gmt":"2026-02-23T13:26:17","slug":"dr-beckmann-krasu-un-netirumu-absorbejosas-salvetes-ultra-10gab","status":"publish","type":"product","link":"https:\/\/myliusvara.lt\/lv\/mazgasanas-un-skalosanas-lidzekli\/dr-beckmann-krasu-un-netirumu-absorbejosas-salvetes-ultra-10gab\/","title":{"rendered":"Dr. Beckmann Kr\u0101su un Net\u012brumu absorb\u0113jo\u0161\u0101s salvetes ULTRA 10gab."},"content":{"rendered":"<p>Dr. Beckmann &#8220;Ultra&#8221; kr\u0101su un net\u012brumu salvetes nodro\u0161ina \u012bpa\u0161i sp\u0113c\u012bgu aizsardz\u012bbu pret kr\u0101su p\u0101rne\u0161anu un audumu pel\u0113ko\u0161anu mazg\u0101\u0161anas laik\u0101. \u012apa\u0161i biez\u0101s salvetes absorb\u0113 l\u012bdz 3 reiz\u0113m vair\u0101k kr\u0101svielu nek\u0101 parast\u0101s, t\u0101p\u0113c ide\u0101li piem\u0113rotas, mazg\u0101jot spilgtu kr\u0101su ap\u0123\u0113rbus, d\u017einsus, bl\u016bzes, k\u0101 ar\u012b citus ap\u0123\u0113rbus. Lieto\u0161ana: ievietojiet 1-2 salvetes mazg\u0101\u0161anas ma\u0161\u012bn\u0101 kop\u0101 ar ve\u013cu. Ra\u017eots V\u0101cij\u0101.<\/p>\n","protected":false},"excerpt":{"rendered":"<p>Dr. Beckmann &#8220;Ultra&#8221; kr\u0101su un net\u012brumu salvetes nodro\u0161ina \u012bpa\u0161i sp\u0113c\u012bgu aizsardz\u012bbu pret kr\u0101su p\u0101rne\u0161anu un audumu pel\u0113ko\u0161anu mazg\u0101\u0161anas laik\u0101. \u012apa\u0161i biez\u0101s salvetes absorb\u0113 l\u012bdz 3 reiz\u0113m vair\u0101k kr\u0101svielu nek\u0101 parast\u0101s, t\u0101p\u0113c ide\u0101li piem\u0113rotas, mazg\u0101jot spilgtu kr\u0101su ap\u0123\u0113rbus, d\u017einsus, bl\u016bzes, k\u0101 ar\u012b citus ap\u0123\u0113rbus. Lieto\u0161ana: ievietojiet 1-2 salvetes mazg\u0101\u0161anas ma\u0161\u012bn\u0101 kop\u0101 ar ve\u013cu. Ra\u017eots V\u0101cij\u0101.<\/p>\n","protected":false},"featured_media":3811,"comment_status":"open","ping_status":"closed","template":"","meta":[],"product_brand":[64],"product_cat":[149],"product_tag":[],"class_list":{"0":"post-4336","1":"product","2":"type-product","3":"status-publish","4":"has-post-thumbnail","6":"product_brand-dr-beckmann","7":"product_cat-mazgasanas-un-skalosanas-lidzekli","9":"first","10":"instock","11":"shipping-taxable","12":"purchasable","13":"product-type-simple"},"_links":{"self":[{"href":"https:\/\/myliusvara.lt\/lv\/wp-json\/wp\/v2\/product\/4336","targetHints":{"allow":["GET"]}}],"collection":[{"href":"https:\/\/myliusvara.lt\/lv\/wp-json\/wp\/v2\/product"}],"about":[{"href":"https:\/\/myliusvara.lt\/lv\/wp-json\/wp\/v2\/types\/product"}],"replies":[{"embeddable":true,"href":"https:\/\/myliusvara.lt\/lv\/wp-json\/wp\/v2\/comments?post=4336"}],"wp:featuredmedia":[{"embeddable":true,"href":"https:\/\/myliusvara.lt\/lv\/wp-json\/wp\/v2\/media\/3811"}],"wp:attachment":[{"href":"https:\/\/myliusvara.lt\/lv\/wp-json\/wp\/v2\/media?parent=4336"}],"wp:term":[{"taxonomy":"product_brand","embeddable":true,"href":"https:\/\/myliusvara.lt\/lv\/wp-json\/wp\/v2\/product_brand?post=4336"},{"taxonomy":"product_cat","embeddable":true,"href":"https:\/\/myliusvara.lt\/lv\/wp-json\/wp\/v2\/product_cat?post=4336"},{"taxonomy":"product_tag","embeddable":true,"href":"https:\/\/myliusvara.lt\/lv\/wp-json\/wp\/v2\/product_tag?post=4336"}],"curies":[{"name":"wp","href":"https:\/\/api.w.org\/{rel}","templated":true}]}}