{"id":4335,"date":"2026-01-19T13:38:21","date_gmt":"2026-01-19T13:38:21","guid":{"rendered":"https:\/\/myliusvara.lt\/uncategorized\/dr-beckmann-rullisa-traipu-tiritajs-75ml\/"},"modified":"2026-02-23T13:26:17","modified_gmt":"2026-02-23T13:26:17","slug":"dr-beckmann-rullisa-traipu-tiritajs-75ml","status":"publish","type":"product","link":"https:\/\/myliusvara.lt\/lv\/traipu-tiritaji\/dr-beckmann-rullisa-traipu-tiritajs-75ml\/","title":{"rendered":"Dr. Beckmann Rull\u012b\u0161a traipu t\u012br\u012bt\u0101js 75ml"},"content":{"rendered":"<p>Z\u012bmols:<strong> Dr. Beckmann<\/strong><br \/>\nProdukta nosaukums: <strong>Dr. Beckmann Rull\u012b\u0161a traipu t\u012br\u012bt\u0101js 75ml<\/strong><br \/>\nVai pieejams p\u0101rdo\u0161an\u0101: <strong>J\u0101<\/strong><\/p>\n<p>Dr. Beckmann rull\u012b\u0161a traipu t\u012br\u012bt\u0101js \u2014 \u0113rts un efekt\u012bvs risin\u0101jums traipu no\u0146em\u0161anai jebkur un jebkur\u0101 laik\u0101. Aplikators \u013cauj prec\u012bzi uzkl\u0101t t\u012br\u012b\u0161anas l\u012bdzekli tie\u0161i uz traipa. Piem\u0113rots visiem mazg\u0101jamiem audumiem. Lieto\u0161ana: Sarull\u0113jiet rull\u012bti, uzkl\u0101jiet uz traipa un atst\u0101jiet iedarboties. Ra\u017eots V\u0101cij\u0101.<\/p>\n","protected":false},"excerpt":{"rendered":"<p>Z\u012bmols: Dr. Beckmann Produkta nosaukums: Dr. Beckmann Rull\u012b\u0161a traipu t\u012br\u012bt\u0101js 75ml Vai pieejams p\u0101rdo\u0161an\u0101: J\u0101 Dr. Beckmann rull\u012b\u0161a traipu t\u012br\u012bt\u0101js \u2014 \u0113rts un efekt\u012bvs risin\u0101jums traipu no\u0146em\u0161anai jebkur un jebkur\u0101 laik\u0101. Aplikators \u013cauj prec\u012bzi uzkl\u0101t t\u012br\u012b\u0161anas l\u012bdzekli tie\u0161i uz traipa. Piem\u0113rots visiem mazg\u0101jamiem audumiem. Lieto\u0161ana: Sarull\u0113jiet rull\u012bti, uzkl\u0101jiet uz traipa un atst\u0101jiet iedarboties. Ra\u017eots V\u0101cij\u0101.<\/p>\n","protected":false},"featured_media":3808,"comment_status":"open","ping_status":"closed","template":"","meta":[],"product_brand":[64],"product_cat":[157],"product_tag":[],"class_list":{"0":"post-4335","1":"product","2":"type-product","3":"status-publish","4":"has-post-thumbnail","6":"product_brand-dr-beckmann","7":"product_cat-traipu-tiritaji","9":"first","10":"instock","11":"shipping-taxable","12":"purchasable","13":"product-type-simple"},"_links":{"self":[{"href":"https:\/\/myliusvara.lt\/lv\/wp-json\/wp\/v2\/product\/4335","targetHints":{"allow":["GET"]}}],"collection":[{"href":"https:\/\/myliusvara.lt\/lv\/wp-json\/wp\/v2\/product"}],"about":[{"href":"https:\/\/myliusvara.lt\/lv\/wp-json\/wp\/v2\/types\/product"}],"replies":[{"embeddable":true,"href":"https:\/\/myliusvara.lt\/lv\/wp-json\/wp\/v2\/comments?post=4335"}],"wp:featuredmedia":[{"embeddable":true,"href":"https:\/\/myliusvara.lt\/lv\/wp-json\/wp\/v2\/media\/3808"}],"wp:attachment":[{"href":"https:\/\/myliusvara.lt\/lv\/wp-json\/wp\/v2\/media?parent=4335"}],"wp:term":[{"taxonomy":"product_brand","embeddable":true,"href":"https:\/\/myliusvara.lt\/lv\/wp-json\/wp\/v2\/product_brand?post=4335"},{"taxonomy":"product_cat","embeddable":true,"href":"https:\/\/myliusvara.lt\/lv\/wp-json\/wp\/v2\/product_cat?post=4335"},{"taxonomy":"product_tag","embeddable":true,"href":"https:\/\/myliusvara.lt\/lv\/wp-json\/wp\/v2\/product_tag?post=4335"}],"curies":[{"name":"wp","href":"https:\/\/api.w.org\/{rel}","templated":true}]}}