{"id":4334,"date":"2026-01-19T13:38:22","date_gmt":"2026-01-19T13:38:22","guid":{"rendered":"https:\/\/myliusvara.lt\/uncategorized\/dr-beckmann-stikla-keramikas-plits-kasiklis-1gab\/"},"modified":"2026-02-23T13:26:17","modified_gmt":"2026-02-23T13:26:17","slug":"dr-beckmann-stikla-keramikas-plits-kasiklis-1gab","status":"publish","type":"product","link":"https:\/\/myliusvara.lt\/lv\/virtuves-kopsanas-lidzekli\/dr-beckmann-stikla-keramikas-plits-kasiklis-1gab\/","title":{"rendered":"Dr. Beckmann Stikla keramikas pl\u012bts kas\u012bklis 1gab."},"content":{"rendered":"<p>Stikla keramikas pl\u012bts kas\u012bklis paredz\u0113ts efekt\u012bvai piedegu\u0161u net\u012brumu, p\u0101rtikas atlikumu un iesak\u0146oju\u0161os nogul\u0161\u0146u no\u0146em\u0161anai no stikla keramikas, keramikas un indukcijas pl\u012b\u0161u virsm\u0101m. Ass, bet dro\u0161i nostiprin\u0101ts asmenis \u013cauj r\u016bp\u012bgi not\u012br\u012bt virsmu to neboj\u0101jot. Lieto\u0161ana: turiet kas\u012bkli neliel\u0101 le\u0146\u0137\u012b pret virsmu un viegli sl\u012bdiniet. Ra\u017eots V\u0101cij\u0101.<\/p>\n","protected":false},"excerpt":{"rendered":"<p>Stikla keramikas pl\u012bts kas\u012bklis paredz\u0113ts efekt\u012bvai piedegu\u0161u net\u012brumu, p\u0101rtikas atlikumu un iesak\u0146oju\u0161os nogul\u0161\u0146u no\u0146em\u0161anai no stikla keramikas, keramikas un indukcijas pl\u012b\u0161u virsm\u0101m. Ass, bet dro\u0161i nostiprin\u0101ts asmenis \u013cauj r\u016bp\u012bgi not\u012br\u012bt virsmu to neboj\u0101jot. Lieto\u0161ana: turiet kas\u012bkli neliel\u0101 le\u0146\u0137\u012b pret virsmu un viegli sl\u012bdiniet. Ra\u017eots V\u0101cij\u0101.<\/p>\n","protected":false},"featured_media":3844,"comment_status":"open","ping_status":"closed","template":"","meta":[],"product_brand":[64],"product_cat":[152],"product_tag":[],"class_list":{"0":"post-4334","1":"product","2":"type-product","3":"status-publish","4":"has-post-thumbnail","6":"product_brand-dr-beckmann","7":"product_cat-virtuves-kopsanas-lidzekli","9":"first","10":"instock","11":"shipping-taxable","12":"purchasable","13":"product-type-simple"},"_links":{"self":[{"href":"https:\/\/myliusvara.lt\/lv\/wp-json\/wp\/v2\/product\/4334","targetHints":{"allow":["GET"]}}],"collection":[{"href":"https:\/\/myliusvara.lt\/lv\/wp-json\/wp\/v2\/product"}],"about":[{"href":"https:\/\/myliusvara.lt\/lv\/wp-json\/wp\/v2\/types\/product"}],"replies":[{"embeddable":true,"href":"https:\/\/myliusvara.lt\/lv\/wp-json\/wp\/v2\/comments?post=4334"}],"wp:featuredmedia":[{"embeddable":true,"href":"https:\/\/myliusvara.lt\/lv\/wp-json\/wp\/v2\/media\/3844"}],"wp:attachment":[{"href":"https:\/\/myliusvara.lt\/lv\/wp-json\/wp\/v2\/media?parent=4334"}],"wp:term":[{"taxonomy":"product_brand","embeddable":true,"href":"https:\/\/myliusvara.lt\/lv\/wp-json\/wp\/v2\/product_brand?post=4334"},{"taxonomy":"product_cat","embeddable":true,"href":"https:\/\/myliusvara.lt\/lv\/wp-json\/wp\/v2\/product_cat?post=4334"},{"taxonomy":"product_tag","embeddable":true,"href":"https:\/\/myliusvara.lt\/lv\/wp-json\/wp\/v2\/product_tag?post=4334"}],"curies":[{"name":"wp","href":"https:\/\/api.w.org\/{rel}","templated":true}]}}