{"id":4333,"date":"2026-01-19T13:38:22","date_gmt":"2026-01-19T13:38:22","guid":{"rendered":"https:\/\/myliusvara.lt\/uncategorized\/dr-beckmann-stikla-keramikas-tirisanas-akmens-250g\/"},"modified":"2026-02-23T13:26:16","modified_gmt":"2026-02-23T13:26:16","slug":"dr-beckmann-stikla-keramikas-tirisanas-akmens-250g","status":"publish","type":"product","link":"https:\/\/myliusvara.lt\/lv\/virtuves-kopsanas-lidzekli\/dr-beckmann-stikla-keramikas-tirisanas-akmens-250g\/","title":{"rendered":"Dr. Beckmann Stikla keramikas t\u012br\u012b\u0161anas akmens 250g"},"content":{"rendered":"<p>Z\u012bmols:<strong> Dr. Beckmann<\/strong><br \/>\nProdukta nosaukums: <strong>Dr. Beckmann Univers\u0101ls t\u012br\u012b\u0161anas akmens 250g<\/strong><br \/>\nVai pieejams p\u0101rdo\u0161an\u0101: <strong>J\u0101<\/strong><\/p>\n<p>Stikla keramikas t\u012br\u012b\u0161anas pasta paredz\u0113ta r\u016bp\u012bgai un efekt\u012bvai stikla keramikas pl\u012bts t\u012br\u012b\u0161anai un kop\u0161anai. Pirms t\u012br\u012b\u0161anas izskalojiet virsmu ar \u016bdeni. Uzkl\u0101jiet pastu, izberiet un noberziet ar m\u012bkstu dr\u0101ni\u0146u. Noskalojiet un nosusiniet. Ra\u017eots V\u0101cij\u0101.<\/p>\n","protected":false},"excerpt":{"rendered":"<p>Z\u012bmols: Dr. Beckmann Produkta nosaukums: Dr. Beckmann Univers\u0101ls t\u012br\u012b\u0161anas akmens 250g Vai pieejams p\u0101rdo\u0161an\u0101: J\u0101 Stikla keramikas t\u012br\u012b\u0161anas pasta paredz\u0113ta r\u016bp\u012bgai un efekt\u012bvai stikla keramikas pl\u012bts t\u012br\u012b\u0161anai un kop\u0161anai. Pirms t\u012br\u012b\u0161anas izskalojiet virsmu ar \u016bdeni. Uzkl\u0101jiet pastu, izberiet un noberziet ar m\u012bkstu dr\u0101ni\u0146u. Noskalojiet un nosusiniet. Ra\u017eots V\u0101cij\u0101.<\/p>\n","protected":false},"featured_media":3841,"comment_status":"open","ping_status":"closed","template":"","meta":[],"product_brand":[64],"product_cat":[152],"product_tag":[],"class_list":{"0":"post-4333","1":"product","2":"type-product","3":"status-publish","4":"has-post-thumbnail","6":"product_brand-dr-beckmann","7":"product_cat-virtuves-kopsanas-lidzekli","9":"first","10":"instock","11":"shipping-taxable","12":"purchasable","13":"product-type-simple"},"_links":{"self":[{"href":"https:\/\/myliusvara.lt\/lv\/wp-json\/wp\/v2\/product\/4333","targetHints":{"allow":["GET"]}}],"collection":[{"href":"https:\/\/myliusvara.lt\/lv\/wp-json\/wp\/v2\/product"}],"about":[{"href":"https:\/\/myliusvara.lt\/lv\/wp-json\/wp\/v2\/types\/product"}],"replies":[{"embeddable":true,"href":"https:\/\/myliusvara.lt\/lv\/wp-json\/wp\/v2\/comments?post=4333"}],"wp:featuredmedia":[{"embeddable":true,"href":"https:\/\/myliusvara.lt\/lv\/wp-json\/wp\/v2\/media\/3841"}],"wp:attachment":[{"href":"https:\/\/myliusvara.lt\/lv\/wp-json\/wp\/v2\/media?parent=4333"}],"wp:term":[{"taxonomy":"product_brand","embeddable":true,"href":"https:\/\/myliusvara.lt\/lv\/wp-json\/wp\/v2\/product_brand?post=4333"},{"taxonomy":"product_cat","embeddable":true,"href":"https:\/\/myliusvara.lt\/lv\/wp-json\/wp\/v2\/product_cat?post=4333"},{"taxonomy":"product_tag","embeddable":true,"href":"https:\/\/myliusvara.lt\/lv\/wp-json\/wp\/v2\/product_tag?post=4333"}],"curies":[{"name":"wp","href":"https:\/\/api.w.org\/{rel}","templated":true}]}}