{"id":4332,"date":"2026-01-19T13:38:22","date_gmt":"2026-01-19T13:38:22","guid":{"rendered":"https:\/\/myliusvara.lt\/uncategorized\/dr-beckmann-higieniskais-ledusskapis-tiritajs-250ml\/"},"modified":"2026-02-23T13:26:16","modified_gmt":"2026-02-23T13:26:16","slug":"dr-beckmann-higieniskais-ledusskapis-tiritajs-250ml","status":"publish","type":"product","link":"https:\/\/myliusvara.lt\/lv\/virtuves-kopsanas-lidzekli\/dr-beckmann-higieniskais-ledusskapis-tiritajs-250ml\/","title":{"rendered":"Dr. Beckmann Higi\u0113niskais ledusskapis t\u012br\u012bt\u0101js 250ml"},"content":{"rendered":"<p>Z\u012bmols:<strong> Dr. Beckmann<\/strong><br \/>\nProdukta nosaukums: <strong>Dr. Beckmann Higi\u0113niskais ledusskapja t\u012br\u012bt\u0101js 250ml<\/strong><br \/>\nVai pieejams p\u0101rdo\u0161an\u0101: <strong>J\u0101<\/strong><\/p>\n<p>Higi\u0113niskais ledusskapja t\u012br\u012bt\u0101js paredz\u0113ts higi\u0113niskai un r\u016bp\u012bgai ar p\u0101rtiku sask\u0101rumos eso\u0161u virtuves virsmu t\u012br\u012b\u0161anai. Efekt\u012bvi no\u0146em net\u012brumus, taukus un nepat\u012bkamas smakas. Lieto\u0161ana: Uzsmidziniet uz virsmas, atst\u0101jiet iedarboties un noslaukiet ar mitru dr\u0101ni\u0146u. Ra\u017eots V\u0101cij\u0101.<\/p>\n","protected":false},"excerpt":{"rendered":"<p>Z\u012bmols: Dr. Beckmann Produkta nosaukums: Dr. Beckmann Higi\u0113niskais ledusskapja t\u012br\u012bt\u0101js 250ml Vai pieejams p\u0101rdo\u0161an\u0101: J\u0101 Higi\u0113niskais ledusskapja t\u012br\u012bt\u0101js paredz\u0113ts higi\u0113niskai un r\u016bp\u012bgai ar p\u0101rtiku sask\u0101rumos eso\u0161u virtuves virsmu t\u012br\u012b\u0161anai. Efekt\u012bvi no\u0146em net\u012brumus, taukus un nepat\u012bkamas smakas. Lieto\u0161ana: Uzsmidziniet uz virsmas, atst\u0101jiet iedarboties un noslaukiet ar mitru dr\u0101ni\u0146u. Ra\u017eots V\u0101cij\u0101.<\/p>\n","protected":false},"featured_media":3838,"comment_status":"open","ping_status":"closed","template":"","meta":[],"product_brand":[64],"product_cat":[152],"product_tag":[],"class_list":{"0":"post-4332","1":"product","2":"type-product","3":"status-publish","4":"has-post-thumbnail","6":"product_brand-dr-beckmann","7":"product_cat-virtuves-kopsanas-lidzekli","9":"first","10":"instock","11":"shipping-taxable","12":"purchasable","13":"product-type-simple"},"_links":{"self":[{"href":"https:\/\/myliusvara.lt\/lv\/wp-json\/wp\/v2\/product\/4332","targetHints":{"allow":["GET"]}}],"collection":[{"href":"https:\/\/myliusvara.lt\/lv\/wp-json\/wp\/v2\/product"}],"about":[{"href":"https:\/\/myliusvara.lt\/lv\/wp-json\/wp\/v2\/types\/product"}],"replies":[{"embeddable":true,"href":"https:\/\/myliusvara.lt\/lv\/wp-json\/wp\/v2\/comments?post=4332"}],"wp:featuredmedia":[{"embeddable":true,"href":"https:\/\/myliusvara.lt\/lv\/wp-json\/wp\/v2\/media\/3838"}],"wp:attachment":[{"href":"https:\/\/myliusvara.lt\/lv\/wp-json\/wp\/v2\/media?parent=4332"}],"wp:term":[{"taxonomy":"product_brand","embeddable":true,"href":"https:\/\/myliusvara.lt\/lv\/wp-json\/wp\/v2\/product_brand?post=4332"},{"taxonomy":"product_cat","embeddable":true,"href":"https:\/\/myliusvara.lt\/lv\/wp-json\/wp\/v2\/product_cat?post=4332"},{"taxonomy":"product_tag","embeddable":true,"href":"https:\/\/myliusvara.lt\/lv\/wp-json\/wp\/v2\/product_tag?post=4332"}],"curies":[{"name":"wp","href":"https:\/\/api.w.org\/{rel}","templated":true}]}}