{"id":4331,"date":"2026-01-28T11:03:38","date_gmt":"2026-01-28T11:03:38","guid":{"rendered":"https:\/\/myliusvara.lt\/uncategorized\/frosch-aktiva-kalkakmens-skidinataja-esence-300ml\/"},"modified":"2026-02-23T13:26:16","modified_gmt":"2026-02-23T13:26:16","slug":"frosch-aktiva-kalkakmens-skidinataja-esence-300ml","status":"publish","type":"product","link":"https:\/\/myliusvara.lt\/lv\/virtuves-kopsanas-lidzekli\/frosch-aktiva-kalkakmens-skidinataja-esence-300ml\/","title":{"rendered":"Frosch Akt\u012bv\u0101 ka\u013c\u0137akmens \u0161\u0137\u012bdin\u0101t\u0101ja esence 300ml"},"content":{"rendered":"<p>Sp\u0113c\u012bgas koncentr\u0101cijas t\u012br\u012b\u0161anas l\u012bdzeklis ar dab\u012bgu aug\u013cu eti\u0137i, paredz\u0113ts ka\u013c\u0137akmens nogul\u0161\u0146u no\u0146em\u0161anai virtuv\u0113 un vannas istab\u0101. Tas efekt\u012bvi \u0161\u0137\u012bdina pat gr\u016bti no\u0146emamas ka\u013c\u0137akmens nogulsnes uz traukiem, t\u0113jkann\u0101m, jauc\u0113jkr\u0101niem, du\u0161as galvi\u0146\u0101m, fl\u012bz\u0113m un cit\u0101m virsm\u0101m. Lieto\u0161ana: At\u0161\u0137aidiet \u016bden\u012b un uzkl\u0101jiet uz virsmas. Atst\u0101jiet iedarboties, p\u0113c tam noskalojiet. Ra\u017eots V\u0101cij\u0101.<\/p>\n","protected":false},"excerpt":{"rendered":"<p>Sp\u0113c\u012bgas koncentr\u0101cijas t\u012br\u012b\u0161anas l\u012bdzeklis ar dab\u012bgu aug\u013cu eti\u0137i, paredz\u0113ts ka\u013c\u0137akmens nogul\u0161\u0146u no\u0146em\u0161anai virtuv\u0113 un vannas istab\u0101. Tas efekt\u012bvi \u0161\u0137\u012bdina pat gr\u016bti no\u0146emamas ka\u013c\u0137akmens nogulsnes uz traukiem, t\u0113jkann\u0101m, jauc\u0113jkr\u0101niem, du\u0161as galvi\u0146\u0101m, fl\u012bz\u0113m un cit\u0101m virsm\u0101m. Lieto\u0161ana: At\u0161\u0137aidiet \u016bden\u012b un uzkl\u0101jiet uz virsmas. Atst\u0101jiet iedarboties, p\u0113c tam noskalojiet. Ra\u017eots V\u0101cij\u0101.<\/p>\n","protected":false},"featured_media":3902,"comment_status":"open","ping_status":"closed","template":"","meta":[],"product_brand":[63],"product_cat":[151,152],"product_tag":[],"class_list":{"0":"post-4331","1":"product","2":"type-product","3":"status-publish","4":"has-post-thumbnail","6":"product_brand-frosch","7":"product_cat-vannas-istabas-tualetes-kanalizacijas-tirisanas-lidzekli","8":"product_cat-virtuves-kopsanas-lidzekli","10":"first","11":"instock","12":"shipping-taxable","13":"purchasable","14":"product-type-simple"},"_links":{"self":[{"href":"https:\/\/myliusvara.lt\/lv\/wp-json\/wp\/v2\/product\/4331","targetHints":{"allow":["GET"]}}],"collection":[{"href":"https:\/\/myliusvara.lt\/lv\/wp-json\/wp\/v2\/product"}],"about":[{"href":"https:\/\/myliusvara.lt\/lv\/wp-json\/wp\/v2\/types\/product"}],"replies":[{"embeddable":true,"href":"https:\/\/myliusvara.lt\/lv\/wp-json\/wp\/v2\/comments?post=4331"}],"wp:featuredmedia":[{"embeddable":true,"href":"https:\/\/myliusvara.lt\/lv\/wp-json\/wp\/v2\/media\/3902"}],"wp:attachment":[{"href":"https:\/\/myliusvara.lt\/lv\/wp-json\/wp\/v2\/media?parent=4331"}],"wp:term":[{"taxonomy":"product_brand","embeddable":true,"href":"https:\/\/myliusvara.lt\/lv\/wp-json\/wp\/v2\/product_brand?post=4331"},{"taxonomy":"product_cat","embeddable":true,"href":"https:\/\/myliusvara.lt\/lv\/wp-json\/wp\/v2\/product_cat?post=4331"},{"taxonomy":"product_tag","embeddable":true,"href":"https:\/\/myliusvara.lt\/lv\/wp-json\/wp\/v2\/product_tag?post=4331"}],"curies":[{"name":"wp","href":"https:\/\/api.w.org\/{rel}","templated":true}]}}