{"id":4330,"date":"2026-02-18T15:50:04","date_gmt":"2026-02-18T15:50:04","guid":{"rendered":"https:\/\/myliusvara.lt\/uncategorized\/frosch-universals-tiritajs-ar-sodu-500ml\/"},"modified":"2026-02-23T13:26:16","modified_gmt":"2026-02-23T13:26:16","slug":"frosch-universals-tiritajs-ar-sodu-500ml","status":"publish","type":"product","link":"https:\/\/myliusvara.lt\/lv\/virtuves-kopsanas-lidzekli\/frosch-universals-tiritajs-ar-sodu-500ml\/","title":{"rendered":"Frosch Univers\u0101ls t\u012br\u012bt\u0101js ar Sodu 500ml"},"content":{"rendered":"<p>Intens\u012bva t\u012br\u012bba gandr\u012bz vis\u0101m mazg\u0101jam\u0101m virtuves virsm\u0101m* \u2014 lieliski piem\u0113rots cepe\u0161kr\u0101sns un grila t\u012br\u012b\u0161anai. Formula ar sodu efekt\u012bvi no\u0146em iesak\u0146oju\u0161os taukus un net\u012brumus. Dro\u0161s lieto\u0161anai p\u0101rtikas vid\u0113 un virtuv\u0113. *Nelietojiet t\u012br\u012bt\u0101ju uz nevers\u0113ta koka vai e\u013c\u013cas vai vaska p\u0101rkl\u0101t\u0101m virsm\u0101m. Ra\u017eots V\u0101cij\u0101.<\/p>\n","protected":false},"excerpt":{"rendered":"<p>Intens\u012bva t\u012br\u012bba gandr\u012bz vis\u0101m mazg\u0101jam\u0101m virtuves virsm\u0101m* \u2014 lieliski piem\u0113rots cepe\u0161kr\u0101sns un grila t\u012br\u012b\u0161anai. Formula ar sodu efekt\u012bvi no\u0146em iesak\u0146oju\u0161os taukus un net\u012brumus. Dro\u0161s lieto\u0161anai p\u0101rtikas vid\u0113 un virtuv\u0113. *Nelietojiet t\u012br\u012bt\u0101ju uz nevers\u0113ta koka vai e\u013c\u013cas vai vaska p\u0101rkl\u0101t\u0101m virsm\u0101m. Ra\u017eots V\u0101cij\u0101.<\/p>\n","protected":false},"featured_media":4065,"comment_status":"open","ping_status":"closed","template":"","meta":[],"product_brand":[63],"product_cat":[150,148,152],"product_tag":[],"class_list":{"0":"post-4330","1":"product","2":"type-product","3":"status-publish","4":"has-post-thumbnail","6":"product_brand-frosch","7":"product_cat-ekomarkejums","8":"product_cat-produkti","9":"product_cat-virtuves-kopsanas-lidzekli","11":"first","12":"instock","13":"shipping-taxable","14":"purchasable","15":"product-type-simple"},"_links":{"self":[{"href":"https:\/\/myliusvara.lt\/lv\/wp-json\/wp\/v2\/product\/4330","targetHints":{"allow":["GET"]}}],"collection":[{"href":"https:\/\/myliusvara.lt\/lv\/wp-json\/wp\/v2\/product"}],"about":[{"href":"https:\/\/myliusvara.lt\/lv\/wp-json\/wp\/v2\/types\/product"}],"replies":[{"embeddable":true,"href":"https:\/\/myliusvara.lt\/lv\/wp-json\/wp\/v2\/comments?post=4330"}],"wp:featuredmedia":[{"embeddable":true,"href":"https:\/\/myliusvara.lt\/lv\/wp-json\/wp\/v2\/media\/4065"}],"wp:attachment":[{"href":"https:\/\/myliusvara.lt\/lv\/wp-json\/wp\/v2\/media?parent=4330"}],"wp:term":[{"taxonomy":"product_brand","embeddable":true,"href":"https:\/\/myliusvara.lt\/lv\/wp-json\/wp\/v2\/product_brand?post=4330"},{"taxonomy":"product_cat","embeddable":true,"href":"https:\/\/myliusvara.lt\/lv\/wp-json\/wp\/v2\/product_cat?post=4330"},{"taxonomy":"product_tag","embeddable":true,"href":"https:\/\/myliusvara.lt\/lv\/wp-json\/wp\/v2\/product_tag?post=4330"}],"curies":[{"name":"wp","href":"https:\/\/api.w.org\/{rel}","templated":true}]}}