{"id":4328,"date":"2026-02-20T07:55:30","date_gmt":"2026-02-20T07:55:30","guid":{"rendered":"https:\/\/myliusvara.lt\/uncategorized\/frosch-tirosais-pienins-ar-citronu-500ml\/"},"modified":"2026-02-23T13:26:15","modified_gmt":"2026-02-23T13:26:15","slug":"frosch-tirosais-pienins-ar-citronu-500ml","status":"publish","type":"product","link":"https:\/\/myliusvara.lt\/lv\/virtuves-kopsanas-lidzekli\/frosch-tirosais-pienins-ar-citronu-500ml\/","title":{"rendered":"Frosch T\u012bro\u0161ais pieni\u0146\u0161 ar Citronu 500ml"},"content":{"rendered":"<p>Optim\u0101li no\u0146em visu veidu net\u012brumus virtuv\u0113 un vannas istab\u0101. Recept\u016bra ar dab\u012bgiem marmora miltiem un citronu ekstraktiem nodro\u0161ina mirdzo\u0161u t\u012br\u012bbu un izplata pat\u012bkamu citronu arom\u0101tu. Nekairina \u0101du un neboj\u0101 virsmas. Lieto\u0161ana. Uzkl\u0101jiet tie\u0161i uz net\u012br\u0101s virsmas vai uz mitras s\u016bk\u013ca un noberziet. Noskalojiet. Ra\u017eots V\u0101cij\u0101.<\/p>\n","protected":false},"excerpt":{"rendered":"<p>Optim\u0101li no\u0146em visu veidu net\u012brumus virtuv\u0113 un vannas istab\u0101. Recept\u016bra ar dab\u012bgiem marmora miltiem un citronu ekstraktiem nodro\u0161ina mirdzo\u0161u t\u012br\u012bbu un izplata pat\u012bkamu citronu arom\u0101tu. Nekairina \u0101du un neboj\u0101 virsmas. Lieto\u0161ana. Uzkl\u0101jiet tie\u0161i uz net\u012br\u0101s virsmas vai uz mitras s\u016bk\u013ca un noberziet. Noskalojiet. Ra\u017eots V\u0101cij\u0101.<\/p>\n","protected":false},"featured_media":3940,"comment_status":"open","ping_status":"closed","template":"","meta":[],"product_brand":[63],"product_cat":[150,152],"product_tag":[],"class_list":{"0":"post-4328","1":"product","2":"type-product","3":"status-publish","4":"has-post-thumbnail","6":"product_brand-frosch","7":"product_cat-ekomarkejums","8":"product_cat-virtuves-kopsanas-lidzekli","10":"first","11":"instock","12":"shipping-taxable","13":"purchasable","14":"product-type-simple"},"_links":{"self":[{"href":"https:\/\/myliusvara.lt\/lv\/wp-json\/wp\/v2\/product\/4328","targetHints":{"allow":["GET"]}}],"collection":[{"href":"https:\/\/myliusvara.lt\/lv\/wp-json\/wp\/v2\/product"}],"about":[{"href":"https:\/\/myliusvara.lt\/lv\/wp-json\/wp\/v2\/types\/product"}],"replies":[{"embeddable":true,"href":"https:\/\/myliusvara.lt\/lv\/wp-json\/wp\/v2\/comments?post=4328"}],"wp:featuredmedia":[{"embeddable":true,"href":"https:\/\/myliusvara.lt\/lv\/wp-json\/wp\/v2\/media\/3940"}],"wp:attachment":[{"href":"https:\/\/myliusvara.lt\/lv\/wp-json\/wp\/v2\/media?parent=4328"}],"wp:term":[{"taxonomy":"product_brand","embeddable":true,"href":"https:\/\/myliusvara.lt\/lv\/wp-json\/wp\/v2\/product_brand?post=4328"},{"taxonomy":"product_cat","embeddable":true,"href":"https:\/\/myliusvara.lt\/lv\/wp-json\/wp\/v2\/product_cat?post=4328"},{"taxonomy":"product_tag","embeddable":true,"href":"https:\/\/myliusvara.lt\/lv\/wp-json\/wp\/v2\/product_tag?post=4328"}],"curies":[{"name":"wp","href":"https:\/\/api.w.org\/{rel}","templated":true}]}}