{"id":4327,"date":"2026-02-20T07:55:30","date_gmt":"2026-02-20T07:55:30","guid":{"rendered":"https:\/\/myliusvara.lt\/uncategorized\/frosch-daudzfunkcionals-virsmu-tiritajs-ar-apelsinu-500ml\/"},"modified":"2026-02-23T13:26:15","modified_gmt":"2026-02-23T13:26:15","slug":"frosch-daudzfunkcionals-virsmu-tiritajs-ar-apelsinu-500ml","status":"publish","type":"product","link":"https:\/\/myliusvara.lt\/lv\/gridu-mebelu-un-paklaju-tirisanas-lidzekli\/frosch-daudzfunkcionals-virsmu-tiritajs-ar-apelsinu-500ml\/","title":{"rendered":"Frosch Daudzfunkcion\u0101ls virsmu t\u012br\u012bt\u0101js ar Apels\u012bnu 500ml"},"content":{"rendered":"<p>T\u012bra bez sv\u012btr\u0101m visas mazg\u0101jam\u0101s virsmas, piem\u0113ram, stiklu, akrilu, plastmasu, koku (vaskotu vai lakotu) un LED ekr\u0101nus. Efekt\u012bva formula ar apels\u012bnu ekstraktu nodro\u0161ina mirdzo\u0161u t\u012br\u012bbu vis\u0101 m\u0101j\u0101 un atst\u0101j svaigu apels\u012bnu smar\u017eu. Lieto\u0161ana: Uzsmidziniet uz virsmas un noslaukiet ar sausu dr\u0101ni\u0146u. Ra\u017eots V\u0101cij\u0101.<\/p>\n","protected":false},"excerpt":{"rendered":"<p>T\u012bra bez sv\u012btr\u0101m visas mazg\u0101jam\u0101s virsmas, piem\u0113ram, stiklu, akrilu, plastmasu, koku (vaskotu vai lakotu) un LED ekr\u0101nus. Efekt\u012bva formula ar apels\u012bnu ekstraktu nodro\u0161ina mirdzo\u0161u t\u012br\u012bbu vis\u0101 m\u0101j\u0101 un atst\u0101j svaigu apels\u012bnu smar\u017eu. Lieto\u0161ana: Uzsmidziniet uz virsmas un noslaukiet ar sausu dr\u0101ni\u0146u. Ra\u017eots V\u0101cij\u0101.<\/p>\n","protected":false},"featured_media":3937,"comment_status":"open","ping_status":"closed","template":"","meta":[],"product_brand":[63],"product_cat":[158],"product_tag":[],"class_list":{"0":"post-4327","1":"product","2":"type-product","3":"status-publish","4":"has-post-thumbnail","6":"product_brand-frosch","7":"product_cat-gridu-mebelu-un-paklaju-tirisanas-lidzekli","9":"first","10":"instock","11":"shipping-taxable","12":"purchasable","13":"product-type-simple"},"_links":{"self":[{"href":"https:\/\/myliusvara.lt\/lv\/wp-json\/wp\/v2\/product\/4327","targetHints":{"allow":["GET"]}}],"collection":[{"href":"https:\/\/myliusvara.lt\/lv\/wp-json\/wp\/v2\/product"}],"about":[{"href":"https:\/\/myliusvara.lt\/lv\/wp-json\/wp\/v2\/types\/product"}],"replies":[{"embeddable":true,"href":"https:\/\/myliusvara.lt\/lv\/wp-json\/wp\/v2\/comments?post=4327"}],"wp:featuredmedia":[{"embeddable":true,"href":"https:\/\/myliusvara.lt\/lv\/wp-json\/wp\/v2\/media\/3937"}],"wp:attachment":[{"href":"https:\/\/myliusvara.lt\/lv\/wp-json\/wp\/v2\/media?parent=4327"}],"wp:term":[{"taxonomy":"product_brand","embeddable":true,"href":"https:\/\/myliusvara.lt\/lv\/wp-json\/wp\/v2\/product_brand?post=4327"},{"taxonomy":"product_cat","embeddable":true,"href":"https:\/\/myliusvara.lt\/lv\/wp-json\/wp\/v2\/product_cat?post=4327"},{"taxonomy":"product_tag","embeddable":true,"href":"https:\/\/myliusvara.lt\/lv\/wp-json\/wp\/v2\/product_tag?post=4327"}],"curies":[{"name":"wp","href":"https:\/\/api.w.org\/{rel}","templated":true}]}}