{"id":4324,"date":"2026-02-20T07:55:30","date_gmt":"2026-02-20T07:55:30","guid":{"rendered":"https:\/\/myliusvara.lt\/uncategorized\/frosch-higieniskais-virtuves-tiritajs-300ml\/"},"modified":"2026-02-23T13:26:13","modified_gmt":"2026-02-23T13:26:13","slug":"frosch-higieniskais-virtuves-tiritajs-300ml","status":"publish","type":"product","link":"https:\/\/myliusvara.lt\/lv\/virtuves-kopsanas-lidzekli\/frosch-higieniskais-virtuves-tiritajs-300ml\/","title":{"rendered":"Frosch Higi\u0113niskais virtuves t\u012br\u012bt\u0101js 300ml"},"content":{"rendered":"<p>Frosch higi\u0113niskais virtuves t\u012br\u012bt\u0101js ar dab\u012bgu kadi\u0137u ekstraktu. Paredz\u0113ts visu virtuves virsmu t\u012br\u012b\u0161anai. T\u012br\u012bt\u0101js piem\u0113rots ar p\u0101rtiku saskares virsmu t\u012br\u012b\u0161anai, k\u0101 ar\u012b darba virsm\u0101m, mikrovi\u013c\u0146u kr\u0101sn\u012bm, ledusskapjiem. Efekt\u012bvi no\u0146em net\u012brumus un p\u0101rtikas atlikumus. Izn\u012bcina bakt\u0113rijas. Lieto\u0161ana: uzkl\u0101jiet uz virsmas un noslaukiet ar mitru dr\u0101ni\u0146u. Ra\u017eots V\u0101cij\u0101.<\/p>\n","protected":false},"excerpt":{"rendered":"<p>Frosch higi\u0113niskais virtuves t\u012br\u012bt\u0101js ar dab\u012bgu kadi\u0137u ekstraktu. Paredz\u0113ts visu virtuves virsmu t\u012br\u012b\u0161anai. T\u012br\u012bt\u0101js piem\u0113rots ar p\u0101rtiku saskares virsmu t\u012br\u012b\u0161anai, k\u0101 ar\u012b darba virsm\u0101m, mikrovi\u013c\u0146u kr\u0101sn\u012bm, ledusskapjiem. Efekt\u012bvi no\u0146em net\u012brumus un p\u0101rtikas atlikumus. Izn\u012bcina bakt\u0113rijas. Lieto\u0161ana: uzkl\u0101jiet uz virsmas un noslaukiet ar mitru dr\u0101ni\u0146u. Ra\u017eots V\u0101cij\u0101.<\/p>\n","protected":false},"featured_media":3928,"comment_status":"open","ping_status":"closed","template":"","meta":[],"product_brand":[63],"product_cat":[152],"product_tag":[],"class_list":{"0":"post-4324","1":"product","2":"type-product","3":"status-publish","4":"has-post-thumbnail","6":"product_brand-frosch","7":"product_cat-virtuves-kopsanas-lidzekli","9":"first","10":"instock","11":"shipping-taxable","12":"purchasable","13":"product-type-simple"},"_links":{"self":[{"href":"https:\/\/myliusvara.lt\/lv\/wp-json\/wp\/v2\/product\/4324","targetHints":{"allow":["GET"]}}],"collection":[{"href":"https:\/\/myliusvara.lt\/lv\/wp-json\/wp\/v2\/product"}],"about":[{"href":"https:\/\/myliusvara.lt\/lv\/wp-json\/wp\/v2\/types\/product"}],"replies":[{"embeddable":true,"href":"https:\/\/myliusvara.lt\/lv\/wp-json\/wp\/v2\/comments?post=4324"}],"wp:featuredmedia":[{"embeddable":true,"href":"https:\/\/myliusvara.lt\/lv\/wp-json\/wp\/v2\/media\/3928"}],"wp:attachment":[{"href":"https:\/\/myliusvara.lt\/lv\/wp-json\/wp\/v2\/media?parent=4324"}],"wp:term":[{"taxonomy":"product_brand","embeddable":true,"href":"https:\/\/myliusvara.lt\/lv\/wp-json\/wp\/v2\/product_brand?post=4324"},{"taxonomy":"product_cat","embeddable":true,"href":"https:\/\/myliusvara.lt\/lv\/wp-json\/wp\/v2\/product_cat?post=4324"},{"taxonomy":"product_tag","embeddable":true,"href":"https:\/\/myliusvara.lt\/lv\/wp-json\/wp\/v2\/product_tag?post=4324"}],"curies":[{"name":"wp","href":"https:\/\/api.w.org\/{rel}","templated":true}]}}