{"id":4320,"date":"2026-02-20T07:55:31","date_gmt":"2026-02-20T07:55:31","guid":{"rendered":"https:\/\/myliusvara.lt\/uncategorized\/frosch-tirosais-pienins-ar-lavandu-500ml\/"},"modified":"2026-02-23T13:26:12","modified_gmt":"2026-02-23T13:26:12","slug":"frosch-tirosais-pienins-ar-lavandu-500ml","status":"publish","type":"product","link":"https:\/\/myliusvara.lt\/lv\/virtuves-kopsanas-lidzekli\/frosch-tirosais-pienins-ar-lavandu-500ml\/","title":{"rendered":"Frosch T\u012bro\u0161ais pieni\u0146\u0161 ar Lavandu 500ml"},"content":{"rendered":"<p>Higi\u0113niski no\u0146em jebk\u0101dus net\u012brumus virtuv\u0113 un vannas istab\u0101, \u012bpa\u0161i no keramikas, emaljas, ner\u016bs\u0113jo\u0161a t\u0113rauda virsm\u0101m, k\u0101 ar\u012b no elektriskaj\u0101m un stikla keramikas pl\u012bt\u012bm. Dab\u012bg\u0101 marmora formula ar lavandu efekt\u012bvi t\u012bra un atst\u0101j svaigu lavandas smar\u017eu. Lieto\u0161ana: Uzkl\u0101jiet tie\u0161i uz net\u012br\u0101s virsmas vai uz mitras s\u016bk\u013ca un noberziet. Ra\u017eots V\u0101cij\u0101.<\/p>\n","protected":false},"excerpt":{"rendered":"<p>Higi\u0113niski no\u0146em jebk\u0101dus net\u012brumus virtuv\u0113 un vannas istab\u0101, \u012bpa\u0161i no keramikas, emaljas, ner\u016bs\u0113jo\u0161a t\u0113rauda virsm\u0101m, k\u0101 ar\u012b no elektriskaj\u0101m un stikla keramikas pl\u012bt\u012bm. Dab\u012bg\u0101 marmora formula ar lavandu efekt\u012bvi t\u012bra un atst\u0101j svaigu lavandas smar\u017eu. Lieto\u0161ana: Uzkl\u0101jiet tie\u0161i uz net\u012br\u0101s virsmas vai uz mitras s\u016bk\u013ca un noberziet. Ra\u017eots V\u0101cij\u0101.<\/p>\n","protected":false},"featured_media":3943,"comment_status":"open","ping_status":"closed","template":"","meta":[],"product_brand":[63],"product_cat":[150,152],"product_tag":[],"class_list":{"0":"post-4320","1":"product","2":"type-product","3":"status-publish","4":"has-post-thumbnail","6":"product_brand-frosch","7":"product_cat-ekomarkejums","8":"product_cat-virtuves-kopsanas-lidzekli","10":"first","11":"instock","12":"shipping-taxable","13":"purchasable","14":"product-type-simple"},"_links":{"self":[{"href":"https:\/\/myliusvara.lt\/lv\/wp-json\/wp\/v2\/product\/4320","targetHints":{"allow":["GET"]}}],"collection":[{"href":"https:\/\/myliusvara.lt\/lv\/wp-json\/wp\/v2\/product"}],"about":[{"href":"https:\/\/myliusvara.lt\/lv\/wp-json\/wp\/v2\/types\/product"}],"replies":[{"embeddable":true,"href":"https:\/\/myliusvara.lt\/lv\/wp-json\/wp\/v2\/comments?post=4320"}],"wp:featuredmedia":[{"embeddable":true,"href":"https:\/\/myliusvara.lt\/lv\/wp-json\/wp\/v2\/media\/3943"}],"wp:attachment":[{"href":"https:\/\/myliusvara.lt\/lv\/wp-json\/wp\/v2\/media?parent=4320"}],"wp:term":[{"taxonomy":"product_brand","embeddable":true,"href":"https:\/\/myliusvara.lt\/lv\/wp-json\/wp\/v2\/product_brand?post=4320"},{"taxonomy":"product_cat","embeddable":true,"href":"https:\/\/myliusvara.lt\/lv\/wp-json\/wp\/v2\/product_cat?post=4320"},{"taxonomy":"product_tag","embeddable":true,"href":"https:\/\/myliusvara.lt\/lv\/wp-json\/wp\/v2\/product_tag?post=4320"}],"curies":[{"name":"wp","href":"https:\/\/api.w.org\/{rel}","templated":true}]}}