{"id":4319,"date":"2026-02-20T07:55:32","date_gmt":"2026-02-20T07:55:32","guid":{"rendered":"https:\/\/myliusvara.lt\/uncategorized\/frosch-baby-trauku-mazgasanas-lidzeklis-500ml\/"},"modified":"2026-02-23T13:26:12","modified_gmt":"2026-02-23T13:26:12","slug":"frosch-baby-trauku-mazgasanas-lidzeklis-500ml","status":"publish","type":"product","link":"https:\/\/myliusvara.lt\/lv\/trauku-un-trauku-mazgajamas-masinas-tirisanas-lidzekli\/frosch-baby-trauku-mazgasanas-lidzeklis-500ml\/","title":{"rendered":"Frosch BABY Trauku mazg\u0101\u0161anas l\u012bdzeklis 500ml"},"content":{"rendered":"<p>Z\u012bdai\u0146u trauku mazg\u0101\u0161anas l\u012bdzeklis &#8220;Frosch Baby&#8221; maigi, ta\u010du efekt\u012bvi no\u0146em piena, biezputras un p\u0101rtikas atlikumus no z\u012bdai\u0146u piederumiem. \u0100dai neitr\u0101ls pH un hipoaler\u0123iska formula viegli un piln\u012bb\u0101 noskalojama. Lieto\u0161ana: viena spiediena (aptuveni 5 ml) pietiek 5 litriem \u016bdens. Iesak\u0146oju\u0161os net\u012brumiem atst\u0101jiet darboties nedaudz ilg\u0101k. Ra\u017eots V\u0101cij\u0101.<\/p>\n","protected":false},"excerpt":{"rendered":"<p>Z\u012bdai\u0146u trauku mazg\u0101\u0161anas l\u012bdzeklis &#8220;Frosch Baby&#8221; maigi, ta\u010du efekt\u012bvi no\u0146em piena, biezputras un p\u0101rtikas atlikumus no z\u012bdai\u0146u piederumiem. \u0100dai neitr\u0101ls pH un hipoaler\u0123iska formula viegli un piln\u012bb\u0101 noskalojama. Lieto\u0161ana: viena spiediena (aptuveni 5 ml) pietiek 5 litriem \u016bdens. Iesak\u0146oju\u0161os net\u012brumiem atst\u0101jiet darboties nedaudz ilg\u0101k. Ra\u017eots V\u0101cij\u0101.<\/p>\n","protected":false},"featured_media":3967,"comment_status":"open","ping_status":"closed","template":"","meta":[],"product_brand":[63],"product_cat":[150,165,167],"product_tag":[],"class_list":{"0":"post-4319","1":"product","2":"type-product","3":"status-publish","4":"has-post-thumbnail","6":"product_brand-frosch","7":"product_cat-ekomarkejums","8":"product_cat-pasakumi-zidainiem-un-berniem","9":"product_cat-trauku-un-trauku-mazgajamas-masinas-tirisanas-lidzekli","11":"first","12":"instock","13":"shipping-taxable","14":"purchasable","15":"product-type-simple"},"_links":{"self":[{"href":"https:\/\/myliusvara.lt\/lv\/wp-json\/wp\/v2\/product\/4319","targetHints":{"allow":["GET"]}}],"collection":[{"href":"https:\/\/myliusvara.lt\/lv\/wp-json\/wp\/v2\/product"}],"about":[{"href":"https:\/\/myliusvara.lt\/lv\/wp-json\/wp\/v2\/types\/product"}],"replies":[{"embeddable":true,"href":"https:\/\/myliusvara.lt\/lv\/wp-json\/wp\/v2\/comments?post=4319"}],"wp:featuredmedia":[{"embeddable":true,"href":"https:\/\/myliusvara.lt\/lv\/wp-json\/wp\/v2\/media\/3967"}],"wp:attachment":[{"href":"https:\/\/myliusvara.lt\/lv\/wp-json\/wp\/v2\/media?parent=4319"}],"wp:term":[{"taxonomy":"product_brand","embeddable":true,"href":"https:\/\/myliusvara.lt\/lv\/wp-json\/wp\/v2\/product_brand?post=4319"},{"taxonomy":"product_cat","embeddable":true,"href":"https:\/\/myliusvara.lt\/lv\/wp-json\/wp\/v2\/product_cat?post=4319"},{"taxonomy":"product_tag","embeddable":true,"href":"https:\/\/myliusvara.lt\/lv\/wp-json\/wp\/v2\/product_tag?post=4319"}],"curies":[{"name":"wp","href":"https:\/\/api.w.org\/{rel}","templated":true}]}}