{"id":4318,"date":"2026-02-20T07:55:32","date_gmt":"2026-02-20T07:55:32","guid":{"rendered":"https:\/\/myliusvara.lt\/uncategorized\/frosch-trauku-mazgasanas-losjons-ar-provitaminu-b5-500ml\/"},"modified":"2026-02-23T13:26:11","modified_gmt":"2026-02-23T13:26:11","slug":"frosch-trauku-mazgasanas-losjons-ar-provitaminu-b5-500ml","status":"publish","type":"product","link":"https:\/\/myliusvara.lt\/lv\/trauku-un-trauku-mazgajamas-masinas-tirisanas-lidzekli\/frosch-trauku-mazgasanas-losjons-ar-provitaminu-b5-500ml\/","title":{"rendered":"Frosch Trauku mazg\u0101\u0161anas losjons ar provitam\u012bnu B5 500ml"},"content":{"rendered":"<p>Mazg\u0101 traukus nevainojami t\u012brus un pie\u0161\u0137ir tiem sp\u012bdumu. \u012apa\u0161i \u0101dai draudz\u012bga formula ar barojo\u0161u provitam\u012bnu B5 pal\u012bdz aizsarg\u0101t \u0101du no iz\u017e\u016b\u0161anas. \u0100dai neitr\u0101ls pH, bez smar\u017eviel\u0101m un kr\u0101sviel\u0101m, dermato\u0123iski test\u0113ts, hipoaler\u0123isks. Lieto\u0161ana: ieteicam\u0101 deva 5 litriem mazg\u0101\u0161anas \u016bdens. Ra\u017eots V\u0101cij\u0101.<\/p>\n","protected":false},"excerpt":{"rendered":"<p>Mazg\u0101 traukus nevainojami t\u012brus un pie\u0161\u0137ir tiem sp\u012bdumu. \u012apa\u0161i \u0101dai draudz\u012bga formula ar barojo\u0161u provitam\u012bnu B5 pal\u012bdz aizsarg\u0101t \u0101du no iz\u017e\u016b\u0161anas. \u0100dai neitr\u0101ls pH, bez smar\u017eviel\u0101m un kr\u0101sviel\u0101m, dermato\u0123iski test\u0113ts, hipoaler\u0123isks. Lieto\u0161ana: ieteicam\u0101 deva 5 litriem mazg\u0101\u0161anas \u016bdens. Ra\u017eots V\u0101cij\u0101.<\/p>\n","protected":false},"featured_media":3964,"comment_status":"open","ping_status":"closed","template":"","meta":[],"product_brand":[63],"product_cat":[150,167],"product_tag":[],"class_list":{"0":"post-4318","1":"product","2":"type-product","3":"status-publish","4":"has-post-thumbnail","6":"product_brand-frosch","7":"product_cat-ekomarkejums","8":"product_cat-trauku-un-trauku-mazgajamas-masinas-tirisanas-lidzekli","10":"first","11":"instock","12":"shipping-taxable","13":"purchasable","14":"product-type-simple"},"_links":{"self":[{"href":"https:\/\/myliusvara.lt\/lv\/wp-json\/wp\/v2\/product\/4318","targetHints":{"allow":["GET"]}}],"collection":[{"href":"https:\/\/myliusvara.lt\/lv\/wp-json\/wp\/v2\/product"}],"about":[{"href":"https:\/\/myliusvara.lt\/lv\/wp-json\/wp\/v2\/types\/product"}],"replies":[{"embeddable":true,"href":"https:\/\/myliusvara.lt\/lv\/wp-json\/wp\/v2\/comments?post=4318"}],"wp:featuredmedia":[{"embeddable":true,"href":"https:\/\/myliusvara.lt\/lv\/wp-json\/wp\/v2\/media\/3964"}],"wp:attachment":[{"href":"https:\/\/myliusvara.lt\/lv\/wp-json\/wp\/v2\/media?parent=4318"}],"wp:term":[{"taxonomy":"product_brand","embeddable":true,"href":"https:\/\/myliusvara.lt\/lv\/wp-json\/wp\/v2\/product_brand?post=4318"},{"taxonomy":"product_cat","embeddable":true,"href":"https:\/\/myliusvara.lt\/lv\/wp-json\/wp\/v2\/product_cat?post=4318"},{"taxonomy":"product_tag","embeddable":true,"href":"https:\/\/myliusvara.lt\/lv\/wp-json\/wp\/v2\/product_tag?post=4318"}],"curies":[{"name":"wp","href":"https:\/\/api.w.org\/{rel}","templated":true}]}}