{"id":4315,"date":"2026-02-20T07:55:32","date_gmt":"2026-02-20T07:55:32","guid":{"rendered":"https:\/\/myliusvara.lt\/uncategorized\/frosch-trauku-mazgasanas-lidzeklis-aloe-vera-500ml\/"},"modified":"2026-02-23T13:26:11","modified_gmt":"2026-02-23T13:26:11","slug":"frosch-trauku-mazgasanas-lidzeklis-aloe-vera-500ml","status":"publish","type":"product","link":"https:\/\/myliusvara.lt\/lv\/trauku-un-trauku-mazgajamas-masinas-tirisanas-lidzekli\/frosch-trauku-mazgasanas-lidzeklis-aloe-vera-500ml\/","title":{"rendered":"Frosch Trauku mazg\u0101\u0161anas l\u012bdzeklis Aloe Vera 500ml"},"content":{"rendered":"<p>Nomazg\u0101tie trauki bez plankumiem un sp\u012bd. \u0100du kopjo\u0161a formula ar alv\u0113ju efekt\u012bvi no\u0146em taukus un net\u012brumus. \u0100dai neitr\u0101ls pH, dermato\u0123iski test\u0113ts, hipoaler\u0123isks. Lieto\u0161ana: ieteicam\u0101 deva 5 litriem mazg\u0101\u0161anas \u016bdens \u2014 viegli net\u012briem traukiem: 3 ml (\u00be t\u0113jkarote), stipri net\u012briem traukiem: 5 ml (1 t\u0113jkarote). Ra\u017eots V\u0101cij\u0101.<\/p>\n","protected":false},"excerpt":{"rendered":"<p>Nomazg\u0101tie trauki bez plankumiem un sp\u012bd. \u0100du kopjo\u0161a formula ar alv\u0113ju efekt\u012bvi no\u0146em taukus un net\u012brumus. \u0100dai neitr\u0101ls pH, dermato\u0123iski test\u0113ts, hipoaler\u0123isks. Lieto\u0161ana: ieteicam\u0101 deva 5 litriem mazg\u0101\u0161anas \u016bdens \u2014 viegli net\u012briem traukiem: 3 ml (\u00be t\u0113jkarote), stipri net\u012briem traukiem: 5 ml (1 t\u0113jkarote). Ra\u017eots V\u0101cij\u0101.<\/p>\n","protected":false},"featured_media":3955,"comment_status":"open","ping_status":"closed","template":"","meta":[],"product_brand":[63],"product_cat":[150,167],"product_tag":[],"class_list":{"0":"post-4315","1":"product","2":"type-product","3":"status-publish","4":"has-post-thumbnail","6":"product_brand-frosch","7":"product_cat-ekomarkejums","8":"product_cat-trauku-un-trauku-mazgajamas-masinas-tirisanas-lidzekli","10":"first","11":"instock","12":"shipping-taxable","13":"purchasable","14":"product-type-simple"},"_links":{"self":[{"href":"https:\/\/myliusvara.lt\/lv\/wp-json\/wp\/v2\/product\/4315","targetHints":{"allow":["GET"]}}],"collection":[{"href":"https:\/\/myliusvara.lt\/lv\/wp-json\/wp\/v2\/product"}],"about":[{"href":"https:\/\/myliusvara.lt\/lv\/wp-json\/wp\/v2\/types\/product"}],"replies":[{"embeddable":true,"href":"https:\/\/myliusvara.lt\/lv\/wp-json\/wp\/v2\/comments?post=4315"}],"wp:featuredmedia":[{"embeddable":true,"href":"https:\/\/myliusvara.lt\/lv\/wp-json\/wp\/v2\/media\/3955"}],"wp:attachment":[{"href":"https:\/\/myliusvara.lt\/lv\/wp-json\/wp\/v2\/media?parent=4315"}],"wp:term":[{"taxonomy":"product_brand","embeddable":true,"href":"https:\/\/myliusvara.lt\/lv\/wp-json\/wp\/v2\/product_brand?post=4315"},{"taxonomy":"product_cat","embeddable":true,"href":"https:\/\/myliusvara.lt\/lv\/wp-json\/wp\/v2\/product_cat?post=4315"},{"taxonomy":"product_tag","embeddable":true,"href":"https:\/\/myliusvara.lt\/lv\/wp-json\/wp\/v2\/product_tag?post=4315"}],"curies":[{"name":"wp","href":"https:\/\/api.w.org\/{rel}","templated":true}]}}